{"id":10548,"date":"2026-04-20T03:05:51","date_gmt":"2026-04-20T00:05:51","guid":{"rendered":"https:\/\/kasskoer.ee\/product\/flamingo-hapki-dried-fish-kassimaius-50g-2\/"},"modified":"2026-04-20T03:05:54","modified_gmt":"2026-04-20T00:05:54","slug":"flamingo-hapki-dried-fish-kassimaius-50g","status":"publish","type":"product","link":"https:\/\/kasskoer.ee\/en\/toode\/flamingo-hapki-dried-fish-kassimaius-50g\/","title":{"rendered":"Flamingo Hapki Dried Fish kassimaius 50g"},"content":{"rendered":"<p><b>Hapki v\u00e4ikesed kuivatatud kalad. T\u00e4iends\u00f6\u00f6t kassile.<\/b><br \/>&#13;<\/p>\n<li>100% maitsvad.<\/li>\n<p>&#13;<\/p>\n<li>Teraviljavabad.<\/li>\n<p>&#13;<\/p>\n<li>Gluteenivabad.<\/li>\n<p>&#13;<\/p>\n<li>Ilma lisatud suhkruta.<\/li>\n<p>&#13;<br \/>\n<br \/>&#13;<br \/>\n<b>Koostis<\/b><br \/>&#13;<br \/>\nV\u00e4ikesed kuivatatud kalad (100%).<br \/>&#13;<br \/>\n<br \/>&#13;<br \/>\n<b>Anal\u00fc\u00fctilised koostisosad<\/b><br \/>&#13;<br \/>\nToorvalk 60%, niiskus 14%, toortuhk 14%, toorrasv 6,5%, toorkiud 1%.<br \/>&#13;<br \/>\n<br \/>&#13;<br \/>\n<b>Maksimaalne p\u00e4evane kogus<\/b>&#13;<\/p>\n<table class=\" cke_show_border\" width=\"350\">&#13;<\/p>\n<tbody>&#13;<\/p>\n<tr>&#13;<\/p>\n<td>Kassipoeg<\/td>\n<p>&#13;<\/p>\n<td>T\u00e4iskasvanud kass<\/td>\n<p>&#13;<br \/>\n<\/tr>\n<p>&#13;<\/p>\n<tr>&#13;<\/p>\n<td>1 tk<\/td>\n<p>&#13;<\/p>\n<td>3-5 tk<\/td>\n<p>&#13;<br \/>\n<\/tr>\n<p>&#13;<br \/>\n<\/tbody>\n<p>&#13;<br \/>\n<\/table>\n","protected":false},"excerpt":{"rendered":"<p>Hapki maitsvad kala maiused kassile.<\/p>\n","protected":false},"featured_media":10988,"template":"","meta":[],"product_cat":[1211],"product_tag":[],"class_list":{"0":"post-10548","1":"product","2":"type-product","3":"status-publish","4":"has-post-thumbnail","6":"product_cat-kasside-maiused","7":"pa_brand-flamingo","8":"pa_ean-2317","9":"pa_kaal-0-050","10":"pa_tootjariik-hiina","12":"first","13":"outofstock","14":"taxable","15":"shipping-taxable","16":"purchasable","17":"product-type-simple"},"_links":{"self":[{"href":"https:\/\/kasskoer.ee\/en\/wp-json\/wp\/v2\/product\/10548","targetHints":{"allow":["GET"]}}],"collection":[{"href":"https:\/\/kasskoer.ee\/en\/wp-json\/wp\/v2\/product"}],"about":[{"href":"https:\/\/kasskoer.ee\/en\/wp-json\/wp\/v2\/types\/product"}],"wp:featuredmedia":[{"embeddable":true,"href":"https:\/\/kasskoer.ee\/en\/wp-json\/wp\/v2\/media\/10988"}],"wp:attachment":[{"href":"https:\/\/kasskoer.ee\/en\/wp-json\/wp\/v2\/media?parent=10548"}],"wp:term":[{"taxonomy":"product_cat","embeddable":true,"href":"https:\/\/kasskoer.ee\/en\/wp-json\/wp\/v2\/product_cat?post=10548"},{"taxonomy":"product_tag","embeddable":true,"href":"https:\/\/kasskoer.ee\/en\/wp-json\/wp\/v2\/product_tag?post=10548"}],"curies":[{"name":"wp","href":"https:\/\/api.w.org\/{rel}","templated":true}]}}