{"id":10552,"date":"2026-04-20T03:05:51","date_gmt":"2026-04-20T00:05:51","guid":{"rendered":"https:\/\/kasskoer.ee\/product\/flamingo-hapki-duck-sausages-narimismaius-koerale-85g-2\/"},"modified":"2026-04-20T03:05:55","modified_gmt":"2026-04-20T00:05:55","slug":"flamingo-hapki-duck-sausages-narimismaius-koerale-85g","status":"publish","type":"product","link":"https:\/\/kasskoer.ee\/en\/toode\/flamingo-hapki-duck-sausages-narimismaius-koerale-85g\/","title":{"rendered":"Flamingo Hapki Duck Sausages n\u00e4rimismaius koerale 85g"},"content":{"rendered":"<p><b>Hapki pardi vorstikesed. T\u00e4iends\u00f6\u00f6t koerale.<\/b><br \/>&#13;<\/p>\n<li>100% maitsvad.<\/li>\n<p>&#13;<\/p>\n<li>Ilma lisatud suhkruta.<\/li>\n<p>&#13;<br \/>\n<br \/>&#13;<br \/>\n<b>Koostis<\/b><br \/>&#13;<br \/>\nPart (85,6%), sojajahu, t\u00e4rklis, sool, gl\u00fctseriin.<br \/>&#13;<br \/>\n<br \/>&#13;<br \/>\n<b>Anal\u00fc\u00fctilised koostisosad<\/b><br \/>&#13;<br \/>\nToorvalk 32%, niiskus 15%, toorrasv 15%, toortuhk 5%, toorkiud 1%.<br \/>&#13;<br \/>\n<br \/>&#13;<br \/>\n<b>S\u00f6\u00f6dalisandid<\/b><br \/>&#13;<br \/>\nV\u00e4rvained: punane raudoksiid E172 (20mg\/kg). S\u00e4ilitusaine: kaaliumsorbaat E 202 (40mg\/kg). Antioks\u00fcdant: C-vitamiin 3a300 1mg\/kg.<br \/>&#13;<br \/>\n<br \/>&#13;<br \/>\n<b>Maksimaalne p\u00e4evane kogus<\/b>&#13;<\/p>\n<table class=\" cke_show_border\" width=\"350\">&#13;<\/p>\n<tbody>&#13;<\/p>\n<tr>&#13;<\/p>\n<td>< 5 kg<\/td>\n<p>&#13;<\/p>\n<td>5 &#8211; 10 kg<\/td>\n<p>&#13;<\/p>\n<td>10 &#8211; 25 kg<\/td>\n<p>&#13;<\/p>\n<td>> 25 kg<\/td>\n<p>&#13;<br \/>\n<\/tr>\n<p>&#13;<\/p>\n<tr>&#13;<\/p>\n<td>2 tk<\/td>\n<p>&#13;<\/p>\n<td>5 tk<\/td>\n<p>&#13;<\/p>\n<td>8 tk<\/td>\n<p>&#13;<\/p>\n<td>11 tk<\/td>\n<p>&#13;<br \/>\n<\/tr>\n<p>&#13;<br \/>\n<\/tbody>\n<p>&#13;<br \/>\n<\/table>\n","protected":false},"excerpt":{"rendered":"<p>Hapki maitsvad pardiga maiused koerale.<\/p>\n","protected":false},"featured_media":10996,"template":"","meta":[],"product_cat":[1210,688],"product_tag":[],"class_list":{"0":"post-10552","1":"product","2":"type-product","3":"status-publish","4":"has-post-thumbnail","6":"product_cat-koerte-maiused","7":"product_cat-koerad","8":"pa_brand-flamingo","9":"pa_ean-2318","10":"pa_kaal-0-085","11":"pa_tootjariik-hiina","13":"first","14":"outofstock","15":"taxable","16":"shipping-taxable","17":"purchasable","18":"product-type-simple"},"_links":{"self":[{"href":"https:\/\/kasskoer.ee\/en\/wp-json\/wp\/v2\/product\/10552","targetHints":{"allow":["GET"]}}],"collection":[{"href":"https:\/\/kasskoer.ee\/en\/wp-json\/wp\/v2\/product"}],"about":[{"href":"https:\/\/kasskoer.ee\/en\/wp-json\/wp\/v2\/types\/product"}],"wp:featuredmedia":[{"embeddable":true,"href":"https:\/\/kasskoer.ee\/en\/wp-json\/wp\/v2\/media\/10996"}],"wp:attachment":[{"href":"https:\/\/kasskoer.ee\/en\/wp-json\/wp\/v2\/media?parent=10552"}],"wp:term":[{"taxonomy":"product_cat","embeddable":true,"href":"https:\/\/kasskoer.ee\/en\/wp-json\/wp\/v2\/product_cat?post=10552"},{"taxonomy":"product_tag","embeddable":true,"href":"https:\/\/kasskoer.ee\/en\/wp-json\/wp\/v2\/product_tag?post=10552"}],"curies":[{"name":"wp","href":"https:\/\/api.w.org\/{rel}","templated":true}]}}