{"id":14293,"date":"2026-04-20T03:05:35","date_gmt":"2026-04-20T00:05:35","guid":{"rendered":"https:\/\/kasskoer.ee\/product\/canvit-biotin-toidulisand-kassidele-100g\/"},"modified":"2026-04-20T03:05:36","modified_gmt":"2026-04-20T00:05:36","slug":"canvit-biotin-toidulisand-kassidele-100g","status":"publish","type":"product","link":"https:\/\/kasskoer.ee\/en\/toode\/canvit-biotin-toidulisand-kassidele-100g\/","title":{"rendered":"Canvit Biotin toidulisand kassidele 100g"},"content":{"rendered":"<p><b>Canvit Biotin on vitamiinide ja orgaaniliselt seotud mineraalide kompleks naha, karvkatte ja k\u00fc\u00fcnte keratiini tervise toetamiseks. Toitained toetavad naha taastumist ja tiheda ning l\u00e4ikiva karvkatte kasvu.<\/b>&#13;<br \/>\n<br \/>&#13;<br \/>\nNahk ja karvkate moodustavad keha esimese kaitsekihi keskkonna ohtude vastu. Selleks, et nahk saaks pakkuda vajalikku kaitset, vajab selle metabolism piisavalt vitamiine, nagu biotiin, vitamiin B2, B3 (niatsiinamiid), B5 (kaltsium-pantotenaat), mikroelemente ja aminohappeid nagu tsink, vask ja metioniin.<br \/>&#13;<br \/>\n<br \/>&#13;<br \/>\n<b>Koostis<\/b><br \/>&#13;<br \/>\nLaktoos, kaltsiumkarbonaat, h\u00fcdrol\u00fc\u00fcsitud maks, tselluloos.<br \/>&#13;<br \/>\n<br \/>&#13;<br \/>\n<b>Anal\u00fc\u00fctilised koostisosad<\/b><br \/>&#13;<br \/>\nToorvalk 7.0%, toorrasv 0.4%, niiskus 8.0%, toortuhk 18.0%, toorkiud 0.4%, kaltsium 7.0%, fosfor 0.02%, naatrium 0.01%.<br \/>&#13;<br \/>\n<br \/>&#13;<br \/>\n<b>S\u00f6\u00f6dalisandid<\/b><br \/>&#13;<br \/>\nToitainelised lisandid kg kohta: biotiin (3a880) 1 000 mg, vitamiin B2 (3a825i) 240 mg, niatsiinamiid (3a315) 3 000 mg, D-kaltsiumpantotenaat (3a841) 1 000 mg, tsink (3b606) 2 300 mg, DL-metioniin (3c301) 6 000 mg. Tehnoloogilised lisandid kg kohta: kaltsiumstearaat 25g.<br \/>&#13;<br \/>\n<br \/>&#13;<br \/>\n<b>Kasutusjuhend<\/b><br \/>&#13;<br \/>\nManustage tablette otse k\u00e4est v\u00f5i purustatult toidule. Soovitatav p\u00e4evane annus: 1 tablett iga 3 kg kehakaalu kohta.<\/p>\n","protected":false},"excerpt":{"rendered":"<p>Biotiini tabletid kassile terve naha ja karvkatte toetamiseks.<\/p>\n","protected":false},"featured_media":14294,"template":"","meta":[],"product_cat":[1330],"product_tag":[],"class_list":{"0":"post-14293","1":"product","2":"type-product","3":"status-publish","4":"has-post-thumbnail","6":"product_cat-kasside-toidulisandid","7":"pa_brand-canvit","8":"pa_ean-2606","9":"pa_kaal-0-100","10":"pa_tootjariik-tsehhi","12":"first","13":"instock","14":"sale","15":"taxable","16":"shipping-taxable","17":"purchasable","18":"product-type-simple"},"_links":{"self":[{"href":"https:\/\/kasskoer.ee\/en\/wp-json\/wp\/v2\/product\/14293","targetHints":{"allow":["GET"]}}],"collection":[{"href":"https:\/\/kasskoer.ee\/en\/wp-json\/wp\/v2\/product"}],"about":[{"href":"https:\/\/kasskoer.ee\/en\/wp-json\/wp\/v2\/types\/product"}],"wp:featuredmedia":[{"embeddable":true,"href":"https:\/\/kasskoer.ee\/en\/wp-json\/wp\/v2\/media\/14294"}],"wp:attachment":[{"href":"https:\/\/kasskoer.ee\/en\/wp-json\/wp\/v2\/media?parent=14293"}],"wp:term":[{"taxonomy":"product_cat","embeddable":true,"href":"https:\/\/kasskoer.ee\/en\/wp-json\/wp\/v2\/product_cat?post=14293"},{"taxonomy":"product_tag","embeddable":true,"href":"https:\/\/kasskoer.ee\/en\/wp-json\/wp\/v2\/product_tag?post=14293"}],"curies":[{"name":"wp","href":"https:\/\/api.w.org\/{rel}","templated":true}]}}