{"id":14299,"date":"2026-04-20T03:05:35","date_gmt":"2026-04-20T00:05:35","guid":{"rendered":"https:\/\/kasskoer.ee\/product\/chicopee-pure-poultry-rice-konserv-koertele-400g\/"},"modified":"2026-04-20T03:05:36","modified_gmt":"2026-04-20T00:05:36","slug":"chicopee-pure-poultry-rice-konserv-koertele-400g","status":"publish","type":"product","link":"https:\/\/kasskoer.ee\/en\/toode\/chicopee-pure-poultry-rice-konserv-koertele-400g\/","title":{"rendered":"Chicopee Pure Poultry &#038; Rice konserv koertele 400g"},"content":{"rendered":"<p><b>Chicopee linnuliha ja riisiga konserv gurmaanidele. T\u00e4iss\u00f6\u00f6t t\u00e4iskasvanud koertele.<\/b><br \/>&#13;<\/p>\n<li>87.7% v\u00e4rske liha segu ja pardipuljong.<\/li>\n<p>&#13;<\/p>\n<li>12.3% v\u00e4\u00e4rtuslikke koostisosi.<\/li>\n<p>&#13;<\/p>\n<li>0% gluteeni sisaldavaid teravilju.<\/li>\n<p>&#13;<br \/>\n<br \/>&#13;<br \/>\n<b>Koostis<\/b><br \/>&#13;<br \/>\n67% liha ja loomset p\u00e4ritolu k\u00f5rvalsaadused (sh 30% part, 25% kana), 20.7% pardipuljong, 5% riis, 4% porgandid, 2% herned, 1% mineraalid, 0.2% rapsi\u00f5li, 0.1% inuliin.<br \/>&#13;<br \/>\n<br \/>&#13;<br \/>\n<b>Anal\u00fc\u00fctilised koostisosad<\/b><br \/>&#13;<br \/>\nToorvalk 9.0 %, toorrasv 3.0 %, toortuhk 2.8 %, toorkiud 0.6 %, niiskus 78.0 %.<br \/>&#13;<br \/>\n<br \/>&#13;<br \/>\n<b>S\u00f6\u00f6dalisandid<\/b><br \/>&#13;<br \/>\nToitainelised lisandid kg kohta: A-vitamiin 2500 R\u00dc, D-vitamiin (D3) 250 R\u00dc, E-vitamiin 25 mg, biotiin 25 \u00b5g, tsink (tsinkoksiidina) 20 mg, vask (vask(II) sulfaat, pentah\u00fcdraadina) 1.5 mg, jood (kaltsiumjodaat, veevaba) 0.75 mg. Tehnoloogilised lisandid: kassiakumm 2500 mg\/kg.<br \/>&#13;<br \/>\n<br \/>&#13;<br \/>\n<b>S\u00f6\u00f6tmisjuhend<\/b><br \/>&#13;<br \/>\nS\u00f6\u00f6ta toatemperatuuril. Avatuna s\u00e4ilitada k\u00fclmkapis ja tarbida 2-3 p\u00e4eva jooksul. Soovituslikud s\u00f6\u00f6tmisnormid vaata pakendil olevast tabelist. Individuaalsed vajadused s\u00f5ltuvad teguritest nagu vanus, t\u00f5ug, aktiivsus ja elamistingimused. V\u00e4rske vesi peab alati olema saadaval.<\/p>\n","protected":false},"excerpt":{"rendered":"<p>Chicopee linnuliha ja riisiga konserv koertele.<\/p>\n","protected":false},"featured_media":14300,"template":"","meta":[],"product_cat":[688,106],"product_tag":[],"class_list":{"0":"post-14299","1":"product","2":"type-product","3":"status-publish","4":"has-post-thumbnail","6":"product_cat-koerad","7":"product_cat-konservid-koertele","8":"pa_brand-chicopee","9":"pa_ean-2612","10":"pa_kaal-0-400","11":"pa_tootjariik-saksamaa","13":"first","14":"instock","15":"taxable","16":"shipping-taxable","17":"purchasable","18":"product-type-simple"},"_links":{"self":[{"href":"https:\/\/kasskoer.ee\/en\/wp-json\/wp\/v2\/product\/14299","targetHints":{"allow":["GET"]}}],"collection":[{"href":"https:\/\/kasskoer.ee\/en\/wp-json\/wp\/v2\/product"}],"about":[{"href":"https:\/\/kasskoer.ee\/en\/wp-json\/wp\/v2\/types\/product"}],"wp:featuredmedia":[{"embeddable":true,"href":"https:\/\/kasskoer.ee\/en\/wp-json\/wp\/v2\/media\/14300"}],"wp:attachment":[{"href":"https:\/\/kasskoer.ee\/en\/wp-json\/wp\/v2\/media?parent=14299"}],"wp:term":[{"taxonomy":"product_cat","embeddable":true,"href":"https:\/\/kasskoer.ee\/en\/wp-json\/wp\/v2\/product_cat?post=14299"},{"taxonomy":"product_tag","embeddable":true,"href":"https:\/\/kasskoer.ee\/en\/wp-json\/wp\/v2\/product_tag?post=14299"}],"curies":[{"name":"wp","href":"https:\/\/api.w.org\/{rel}","templated":true}]}}