{"id":14305,"date":"2026-04-20T03:05:35","date_gmt":"2026-04-20T00:05:35","guid":{"rendered":"https:\/\/kasskoer.ee\/product\/chicopee-hnl-protein-bar-maius-koerale-25g\/"},"modified":"2026-04-20T03:05:37","modified_gmt":"2026-04-20T00:05:37","slug":"chicopee-hnl-protein-bar-maius-koerale-25g","status":"publish","type":"product","link":"https:\/\/kasskoer.ee\/en\/toode\/chicopee-hnl-protein-bar-maius-koerale-25g\/","title":{"rendered":"Chicopee HNL Protein Bar maius koerale 25g"},"content":{"rendered":"<p><b>Chicopee teraviljavaba kanalihast valgurikas maius. T\u00e4iends\u00f6\u00f6t t\u00e4iskasvanud koertele.<\/b><br \/>&#13;<\/p>\n<li>84% v\u00e4rsket kana &#8211; suur liha sisaldus muudab maiuse maitsvaks ning heaks energiaallikaks.<\/li>\n<p>&#13;<\/p>\n<li>\u00d5unad ja mustikad &#8211; v\u00f5imsad antioks\u00fcdandid ning suurep\u00e4rased vitamiinide, mineraalide ja kiudainete allikad sinu lemmikule.<\/li>\n<p>&#13;<\/p>\n<li>Teraviljavaba.<\/li>\n<p>&#13;<br \/>\n<br \/>&#13;<br \/>\n<b>Koostis<\/b><br \/>&#13;<br \/>\nV\u00e4rske kanaliha (64%), v\u00e4rske kana (20%), taimse p\u00e4ritoluga k\u00f5rvalsaadused, \u00f5unad (kuivatatud, 1%), mustikad (kuivatatud, 1%), mineraalained.<br \/>&#13;<br \/>\n<br \/>&#13;<br \/>\n<b>Anal\u00fc\u00fctilised koostisosad<\/b><br \/>&#13;<br \/>\nToorvalk 24.5%, toorrasv 18.5%, toorkiud 1.5%, toortuhk 6.2%, niiskus 20.0%.<br \/>&#13;<br \/>\n<br \/>&#13;<br \/>\n<b>S\u00f6\u00f6tmisjuhend<\/b><br \/>&#13;<br \/>\nSoovituslikud s\u00f6\u00f6tmisnormid vaata pakendil olevast tabelist. Individuaalsed vajadused s\u00f5ltuvad teguritest nagu vanus, t\u00f5ug, aktiivsus ja elamistingimused. V\u00e4rske vesi peab alati olema saadaval. Hoidke toodet jahedas, kuivas kohas, eemal otsesest p\u00e4ikesevalgusest.<\/p>\n","protected":false},"excerpt":{"rendered":"<p>Chicopee Holistic proteiinimaius koertele.<\/p>\n","protected":false},"featured_media":14306,"template":"","meta":[],"product_cat":[1210,688],"product_tag":[],"class_list":{"0":"post-14305","1":"product","2":"type-product","3":"status-publish","4":"has-post-thumbnail","6":"product_cat-koerte-maiused","7":"product_cat-koerad","8":"pa_brand-chicopee","9":"pa_ean-2616","10":"pa_kaal-0-025","11":"pa_tootjariik-saksamaa","13":"first","14":"instock","15":"sale","16":"taxable","17":"shipping-taxable","18":"purchasable","19":"product-type-simple"},"_links":{"self":[{"href":"https:\/\/kasskoer.ee\/en\/wp-json\/wp\/v2\/product\/14305","targetHints":{"allow":["GET"]}}],"collection":[{"href":"https:\/\/kasskoer.ee\/en\/wp-json\/wp\/v2\/product"}],"about":[{"href":"https:\/\/kasskoer.ee\/en\/wp-json\/wp\/v2\/types\/product"}],"wp:featuredmedia":[{"embeddable":true,"href":"https:\/\/kasskoer.ee\/en\/wp-json\/wp\/v2\/media\/14306"}],"wp:attachment":[{"href":"https:\/\/kasskoer.ee\/en\/wp-json\/wp\/v2\/media?parent=14305"}],"wp:term":[{"taxonomy":"product_cat","embeddable":true,"href":"https:\/\/kasskoer.ee\/en\/wp-json\/wp\/v2\/product_cat?post=14305"},{"taxonomy":"product_tag","embeddable":true,"href":"https:\/\/kasskoer.ee\/en\/wp-json\/wp\/v2\/product_tag?post=14305"}],"curies":[{"name":"wp","href":"https:\/\/api.w.org\/{rel}","templated":true}]}}