{"id":14313,"date":"2026-04-20T03:05:35","date_gmt":"2026-04-20T00:05:35","guid":{"rendered":"https:\/\/kasskoer.ee\/product\/chicopee-hnl-joint-bites-maiused-koerale-350g\/"},"modified":"2026-04-20T03:05:37","modified_gmt":"2026-04-20T00:05:37","slug":"chicopee-hnl-joint-bites-maiused-koerale-350g","status":"publish","type":"product","link":"https:\/\/kasskoer.ee\/en\/toode\/chicopee-hnl-joint-bites-maiused-koerale-350g\/","title":{"rendered":"Chicopee HNL Joint Bites maiused koerale 350g"},"content":{"rendered":"<p><b>Chicopee k\u00f5hrede ja liigeste tervist toetavad funktsionaalsed maiused. T\u00e4iends\u00f6\u00f6t t\u00e4iskasvanud koertele.<\/b><br \/>&#13;<\/p>\n<li>Rohemerekarbid ja krevetid &#8211; sisaldavad olulisi toitaineid k\u00f5hrede ja liigeste tervise toetamiseks.<\/li>\n<p>&#13;<\/p>\n<li>Madala rasvasisaldusega pehmed maiused maitsva t\u00e4idisega sisaldavad erinevaid vitamiine.<\/li>\n<p>&#13;<\/p>\n<li>A-vitamiin &#8211; n\u00e4gemise toetamiseks.<\/li>\n<p>&#13;<\/p>\n<li>D-vitamiin &#8211; oluline tugevate luude ja hammaste jaoks.<\/li>\n<p>&#13;<\/p>\n<li>E-vitamiin &#8211; toetab teie koera immuuns\u00fcsteemi.<\/li>\n<p>&#13;<br \/>\n<br \/>&#13;<br \/>\n<b>Koostis<\/b><br \/>&#13;<br \/>\nTeraviljad (sh 17% riis), liha ja loomset p\u00e4ritolu k\u00f5rvalsaadused (sh 22% kuivatatud linnuliha valk), taimset p\u00e4ritolu derivaadid, karbid ja koorikloomad (1% kuivatatud rohemerekarbid, 1% kuivatatud krevetid), k\u00f6\u00f6giviljad.<br \/>&#13;<br \/>\n<br \/>&#13;<br \/>\n<b>Anal\u00fc\u00fctilised koostisosad<\/b><br \/>&#13;<br \/>\nToorvalk 22.0%, toorrasv 2.5%, toorkiud 1.5%, toortuhk 4.6%, niiskus 28.0%.<br \/>&#13;<br \/>\n<br \/>&#13;<br \/>\n<b>S\u00f6\u00f6tmisjuhend<\/b><br \/>&#13;<br \/>\nSoovituslikud s\u00f6\u00f6tmisnormid vaata pakendil olevast tabelist. Individuaalsed vajadused s\u00f5ltuvad teguritest nagu vanus, t\u00f5ug, aktiivsus ja elamistingimused. V\u00e4rske vesi peab alati olema saadaval. Hoidke toodet jahedas, kuivas kohas, eemal otsesest p\u00e4ikesevalgusest.<\/p>\n","protected":false},"excerpt":{"rendered":"<p>Chicopee Holistic liikuvust toetav maius koertele.<\/p>\n","protected":false},"featured_media":14317,"template":"","meta":[],"product_cat":[1210,688],"product_tag":[],"class_list":{"0":"post-14313","1":"product","2":"type-product","3":"status-publish","4":"has-post-thumbnail","6":"product_cat-koerte-maiused","7":"product_cat-koerad","8":"pa_brand-chicopee","9":"pa_ean-2618","10":"pa_kaal-0-350","11":"pa_tootjariik-saksamaa","13":"first","14":"instock","15":"taxable","16":"shipping-taxable","17":"purchasable","18":"product-type-simple"},"_links":{"self":[{"href":"https:\/\/kasskoer.ee\/en\/wp-json\/wp\/v2\/product\/14313","targetHints":{"allow":["GET"]}}],"collection":[{"href":"https:\/\/kasskoer.ee\/en\/wp-json\/wp\/v2\/product"}],"about":[{"href":"https:\/\/kasskoer.ee\/en\/wp-json\/wp\/v2\/types\/product"}],"wp:featuredmedia":[{"embeddable":true,"href":"https:\/\/kasskoer.ee\/en\/wp-json\/wp\/v2\/media\/14317"}],"wp:attachment":[{"href":"https:\/\/kasskoer.ee\/en\/wp-json\/wp\/v2\/media?parent=14313"}],"wp:term":[{"taxonomy":"product_cat","embeddable":true,"href":"https:\/\/kasskoer.ee\/en\/wp-json\/wp\/v2\/product_cat?post=14313"},{"taxonomy":"product_tag","embeddable":true,"href":"https:\/\/kasskoer.ee\/en\/wp-json\/wp\/v2\/product_tag?post=14313"}],"curies":[{"name":"wp","href":"https:\/\/api.w.org\/{rel}","templated":true}]}}