{"id":14321,"date":"2026-04-20T03:05:35","date_gmt":"2026-04-20T00:05:35","guid":{"rendered":"https:\/\/kasskoer.ee\/product\/chicopee-hnl-dental-narimispulgad-koerale-300g\/"},"modified":"2026-04-20T03:05:37","modified_gmt":"2026-04-20T00:05:37","slug":"chicopee-hnl-dental-narimispulgad-koerale-300g","status":"publish","type":"product","link":"https:\/\/kasskoer.ee\/en\/toode\/chicopee-hnl-dental-narimispulgad-koerale-300g\/","title":{"rendered":"Chicopee HNL Dental n\u00e4rimispulgad koerale 300g"},"content":{"rendered":"<p><b>Chicopee kaltsiumiga n\u00e4rimispulgad, mis toetavad hammaste ja igemete tervist. T\u00e4iends\u00f6\u00f6t t\u00e4iskasvanud koertele.<\/b><br \/>&#13;<\/p>\n<li>Eukal\u00fcpti\u00f5li, kookos\u00f5li ja aaloe vera &#8211; v\u00e4rskendavad teie koera hinge\u00f5hku.<\/li>\n<p>&#13;<\/p>\n<li>\u00d5unad ja granaat\u00f5unad &#8211; sisaldavad olulisi kiudaineid, mis toetavad soolefloorat.<\/li>\n<p>&#13;<\/p>\n<li>Erilise kujuga n\u00e4rimispulgad on suurep\u00e4rane t\u00e4iendus hammaste hooldusele. <\/li>\n<p>&#13;<\/p>\n<li>Pulga n\u00e4rimine stimuleerib igemeid, aitab eemaldada toiduj\u00e4\u00e4ke ning ennetada hambakivi.<\/li>\n<p>&#13;<\/p>\n<li>Teraviljavaba.<\/li>\n<p>&#13;<\/p>\n<li>V\u00e4hendatud rasvasisaldusega.<\/li>\n<p>&#13;<br \/>\n<br \/>&#13;<br \/>\n<b>Koostis<\/b><br \/>&#13;<br \/>\nTaimset p\u00e4ritolu derivaadid (sh 45% kuivatatud kartulit), mineraalid, \u00f5unad (kuivatatud, 0,3%), granaat\u00f5unad (kuivatatud, 0,3%), mustikad (kuivatatud, 0,3%), kookos\u00f5li, aaloe vera (kuivatatud).<br \/>&#13;<br \/>\n<br \/>&#13;<br \/>\n<b>Anal\u00fc\u00fctilised koostisosad<\/b><br \/>&#13;<br \/>\nToorvalk 3.0%, toorrasv 1.0%, toorkiud 4.5%, toortuhk 4.5%, kaltsium 0.5%, niiskus 18.0%. Sensoorilised lisandid: maitseained (piparm\u00fcndi\u00f5li 400 mg\/kg, eukal\u00fcpti\u00f5li 400 mg\/kg).<br \/>&#13;<br \/>\n<br \/>&#13;<br \/>\n<b>S\u00f6\u00f6tmisjuhend<\/b><br \/>&#13;<br \/>\nSoovituslikud s\u00f6\u00f6tmisnormid vaata pakendil olevast tabelist. Individuaalsed vajadused s\u00f5ltuvad teguritest nagu vanus, t\u00f5ug, aktiivsus ja elamistingimused. V\u00e4rske vesi peab alati olema saadaval. Hoidke toodet jahedas, kuivas kohas, eemal otsesest p\u00e4ikesevalgusest.<\/p>\n","protected":false},"excerpt":{"rendered":"<p>Chicopee Holistic suuh\u00fcgieeni toetav maius koertele.<\/p>\n","protected":false},"featured_media":14322,"template":"","meta":[],"product_cat":[1210,688],"product_tag":[],"class_list":{"0":"post-14321","1":"product","2":"type-product","3":"status-publish","4":"has-post-thumbnail","6":"product_cat-koerte-maiused","7":"product_cat-koerad","8":"pa_brand-chicopee","9":"pa_ean-2620","10":"pa_kaal-0-300","11":"pa_tootjariik-saksamaa","13":"first","14":"instock","15":"taxable","16":"shipping-taxable","17":"purchasable","18":"product-type-simple"},"_links":{"self":[{"href":"https:\/\/kasskoer.ee\/en\/wp-json\/wp\/v2\/product\/14321","targetHints":{"allow":["GET"]}}],"collection":[{"href":"https:\/\/kasskoer.ee\/en\/wp-json\/wp\/v2\/product"}],"about":[{"href":"https:\/\/kasskoer.ee\/en\/wp-json\/wp\/v2\/types\/product"}],"wp:featuredmedia":[{"embeddable":true,"href":"https:\/\/kasskoer.ee\/en\/wp-json\/wp\/v2\/media\/14322"}],"wp:attachment":[{"href":"https:\/\/kasskoer.ee\/en\/wp-json\/wp\/v2\/media?parent=14321"}],"wp:term":[{"taxonomy":"product_cat","embeddable":true,"href":"https:\/\/kasskoer.ee\/en\/wp-json\/wp\/v2\/product_cat?post=14321"},{"taxonomy":"product_tag","embeddable":true,"href":"https:\/\/kasskoer.ee\/en\/wp-json\/wp\/v2\/product_tag?post=14321"}],"curies":[{"name":"wp","href":"https:\/\/api.w.org\/{rel}","templated":true}]}}