{"id":14324,"date":"2026-04-20T03:05:35","date_gmt":"2026-04-20T00:05:35","guid":{"rendered":"https:\/\/kasskoer.ee\/product\/chicopee-hnl-soft-senior-goat-potato-koeratoit-12kg\/"},"modified":"2026-04-20T03:05:37","modified_gmt":"2026-04-20T00:05:37","slug":"chicopee-hnl-soft-senior-goat-potato-koeratoit-12kg","status":"publish","type":"product","link":"https:\/\/kasskoer.ee\/en\/toode\/chicopee-hnl-soft-senior-goat-potato-koeratoit-12kg\/","title":{"rendered":"Chicopee HNL Soft Senior Goat &#038; Potato koeratoit 12kg"},"content":{"rendered":"<p><b>Chicopee v\u00e4rske kitse ja kartuliga t\u00e4iss\u00f6\u00f6t eakatele v\u00f5i \u00fclekaalulistele koertele.<\/b><br \/>&#13;<\/p>\n<li>Monovalk &#8211; v\u00e4rske kits kui ainus loomse valgu allikas on ideaalne madala rasvasisaldusega maitseelamuseks. V\u00e4rske kits pole mitte ainult eriti kergesti seeditav, vaid sobib ka tundlikele koertele, kes kannatavad toidutalumatuse ja allergiate all.<\/li>\n<p>&#13;<\/p>\n<li>V\u00e4hendatud rasvasisaldus \u2013 selle t\u00f5ttu sobib see toit suurep\u00e4raselt ka \u00fclekaalulistele v\u00f5i kastreeritud koertele.<\/li>\n<p>&#13;<\/p>\n<li>Pehme kr\u00f5bin &#8211; t\u00e4nu 19% niiskuse sisaldusele on kr\u00f5bin pehmem ning pakub erilist maitseelamust ja on samal ajal kergesti seeditav.<\/li>\n<p>&#13;<\/p>\n<li>Teraviljavaba &#8211; s\u00fcsivesikute allikana on kasutatud kergesti seeditavat kartulit ja teadlikult on v\u00e4lditud teravilju.<\/li>\n<p>&#13;<br \/>\n<br \/>&#13;<br \/>\n<b>Koostis<\/b><br \/>&#13;<br \/>\nV\u00e4rske kits (20%), kartulijahu (20%), kartulit\u00e4rklis, kartulivalk, tselluloos, herned (kuivatatud), kuivatatud peedi viljaliha (suhkur eemaldatud), hernevalk, linnurasv, dikaltsiumfosfaat, h\u00fcdrol\u00fc\u00fcsitud valk (taimne), linaseemned (1%), p\u00e4rm (kuivatatud, sisaldab 0,04% beetagl\u00fckaane), ps\u00fclliumi seemned, naatriumkloriid, sigur (kuivatatud, 0,1%), gl\u00fckoosamiin, kondroitiinsulfaat.<br \/>&#13;<br \/>\n<br \/>&#13;<br \/>\n<b>Anal\u00fc\u00fctilised koostisosad<\/b><br \/>&#13;<br \/>\nToorvalk 19.0 %, toorrasv 6.5 %, toorkiud 7.0 %, toortuhk 5.7 %, niiskus 19.0%, kaltsium 0.85, fosfor 0.65%.<br \/>&#13;<br \/>\n<br \/>&#13;<br \/>\n<b>S\u00f6\u00f6dalisandid<\/b><br \/>&#13;<br \/>\nA-vitamiin 13000 R\u00dc, D3-vitamiin 1300 R\u00dc, E-vitamiin 400 mg, vask (vasksulfaadina, pentah\u00fcdraadina) 11 mg, tsink (tsinkoksiidina) 77 mg, tsink (aminohapete tsingikelaadina, h\u00fcdraadina) 40 mg, jood (kaltsiumjodaadina, veevaba) 2 mg, seleen (naatriumseleniidina) 0,2 mg.<br \/>&#13;<br \/>\n<br \/>&#13;<br \/>\n<b>S\u00f6\u00f6tmisjuhend<\/b><br \/>&#13;<br \/>\nS\u00f6\u00f6ta kuivalt v\u00f5i vees leotatuna. V\u00e4rske vesi peab alati olema saadaval. Uuele toidule \u00fcleminek tuleks l\u00e4bi viia j\u00e4rk-j\u00e4rgult 3\u20135 p\u00e4eva jooksul. Hoidke toodet jahedas, kuivas kohas, eemal otsesest p\u00e4ikesevalgusest. S\u00f6\u00f6tmisnormid vaata pakendil olevast tabelist.<\/p>\n","protected":false},"excerpt":{"rendered":"<p>Chicopee Holistic Nature Line v\u00e4rske kitse ja kartuliga toit eakatele koertele.<\/p>\n","protected":false},"featured_media":14325,"template":"","meta":[],"product_cat":[688,64],"product_tag":[],"class_list":{"0":"post-14324","1":"product","2":"type-product","3":"status-publish","4":"has-post-thumbnail","6":"product_cat-koerad","7":"product_cat-koeratoit","8":"pa_brand-chicopee","9":"pa_ean-2622","10":"pa_kaal-12-000","11":"pa_tootjariik-saksamaa","13":"first","14":"instock","15":"taxable","16":"shipping-taxable","17":"purchasable","18":"product-type-simple"},"_links":{"self":[{"href":"https:\/\/kasskoer.ee\/en\/wp-json\/wp\/v2\/product\/14324","targetHints":{"allow":["GET"]}}],"collection":[{"href":"https:\/\/kasskoer.ee\/en\/wp-json\/wp\/v2\/product"}],"about":[{"href":"https:\/\/kasskoer.ee\/en\/wp-json\/wp\/v2\/types\/product"}],"wp:featuredmedia":[{"embeddable":true,"href":"https:\/\/kasskoer.ee\/en\/wp-json\/wp\/v2\/media\/14325"}],"wp:attachment":[{"href":"https:\/\/kasskoer.ee\/en\/wp-json\/wp\/v2\/media?parent=14324"}],"wp:term":[{"taxonomy":"product_cat","embeddable":true,"href":"https:\/\/kasskoer.ee\/en\/wp-json\/wp\/v2\/product_cat?post=14324"},{"taxonomy":"product_tag","embeddable":true,"href":"https:\/\/kasskoer.ee\/en\/wp-json\/wp\/v2\/product_tag?post=14324"}],"curies":[{"name":"wp","href":"https:\/\/api.w.org\/{rel}","templated":true}]}}