{"id":14327,"date":"2026-04-21T03:05:37","date_gmt":"2026-04-21T00:05:37","guid":{"rendered":"https:\/\/kasskoer.ee\/product\/chicopee-hnl-sensitive-lamb-sweet-potato-koeratoit-12kg\/"},"modified":"2026-04-21T03:05:39","modified_gmt":"2026-04-21T00:05:39","slug":"chicopee-hnl-sensitive-lamb-sweet-potato-koeratoit-12kg","status":"publish","type":"product","link":"https:\/\/kasskoer.ee\/en\/toode\/chicopee-hnl-sensitive-lamb-sweet-potato-koeratoit-12kg\/","title":{"rendered":"Chicopee HNL Sensitive Lamb &#038; Sweet Potato koeratoit 12kg"},"content":{"rendered":"<p><b>Chicopee v\u00e4rske lamba ja bataadiga t\u00e4iss\u00f6\u00f6t tundliku seedimisega t\u00e4iskasvanud koertele.<\/b><br \/>&#13;<\/p>\n<li>Allergiad ja toidutalumatus &#8211; sisaldab ainult \u00fchte loomset valku. V\u00e4rske lambaliha on k\u00f5rgekvaliteediline v\u00e4\u00e4rtusliku valgu allikas, mis on kergesti seeditav ja pakub erilist maitseelamust.<\/li>\n<p>&#13;<\/p>\n<li>Stabiilne soolefloora \u2013 sigur pakub v\u00e4ga t\u00f5husat prebiootikumi (inuliini), mis toetab soolestiku floorat. Lisatud p\u00e4rm tugevdab selle toimet. Tasakaalustatud soolefloora on stabiilse seedimise alus.<\/li>\n<p>&#13;<\/p>\n<li>Immuuns\u00fcsteemi toetus \u2013 rikkalik segu kvaliteetsetest \u00fcrtidest, mustikatest ja pohladest pakub v\u00e4\u00e4rtuslikke taimseid aineid, mis toetavad koera immuuns\u00fcsteemi.<\/li>\n<p>&#13;<\/p>\n<li>Teraviljavaba &#8211; toit sisaldab kergesti seeditavat bataati ja tapiokki s\u00fcsivesikute allikatena ning teadlikult on v\u00e4lditud  teravilju.<\/li>\n<p>&#13;<br \/>\n<br \/>&#13;<br \/>\n<b>Koostis<\/b><br \/>&#13;<br \/>\nLambaliha (k\u00fclmutatud, 20%), kartulijahu (17,5%), lambavalk (kuivatatud, 16%), kartulit\u00e4rklis, kartulivalk, bataat (kuivatatud, 6%), herned (kuivatatud), kuivatatud peedi viljaliha (suhkur eemaldatud), tapiokk (kuivatatud, 4%), linnurasv, h\u00fcdrol\u00fc\u00fcsitud valk, \u00fcrdid (kuivatatud, 0,2%; n\u00f5ges, apteegitill, k\u00f6\u00f6mned, raudrohi, p\u00f5ldmuraka lehed, puuv\u00f5\u00f5rik, kummeli\u00f5ied, emajuur, sajandirohi), mustikad (kuivatatud, 0,1%), \u00f5llep\u00e4rm (kuivatatud, 0,1%), tomatipasta (kuivatatud), pohlad (kuivatatud, 0,1%), sigur (kuivatatud, 0,05%), t\u00e4\u00e4kliilia (kuivatatud).<br \/>&#13;<br \/>\n<br \/>&#13;<br \/>\n<b>Anal\u00fc\u00fctilised koostisosad<\/b><br \/>&#13;<br \/>\nToorvalk 23.0 %, toorrasv 12.0 %, toorkiud 3.0 %, toortuhk 8.3 %.<br \/>&#13;<br \/>\n<br \/>&#13;<br \/>\n<b>S\u00f6\u00f6dalisandid<\/b><br \/>&#13;<br \/>\nA-vitamiin 12000 R\u00dc, D-vitamiin 1200 R\u00dc, E-vitamiin 70 mg, vask (vasksulfaadina, pentah\u00fcdraadina) 10 mg, tsink (tsinkoksiidina) 70 mg, tsink (aminohapete tsingikelaadina, h\u00fcdraadina) 75 mg, jood (kaltsiumjodaadina, veevaba) 2 mg, seleen (naatriumseleniidina) 0,2 mg.<br \/>&#13;<br \/>\n<br \/>&#13;<br \/>\n<b>S\u00f6\u00f6tmisjuhend<\/b><br \/>&#13;<br \/>\nS\u00f6\u00f6ta kuivalt v\u00f5i vees leotatuna. V\u00e4rske vesi peab alati olema saadaval. Uuele toidule \u00fcleminek tuleks l\u00e4bi viia j\u00e4rk-j\u00e4rgult 3\u20135 p\u00e4eva jooksul. Hoidke toodet jahedas, kuivas kohas, eemal otsesest p\u00e4ikesevalgusest. S\u00f6\u00f6tmisnormid vaata pakendil olevast tabelist.<\/p>\n","protected":false},"excerpt":{"rendered":"<p>Chicopee Holistic Nature Line lamba ja bataadiga toit t\u00e4iskasvanud koertele.<\/p>\n","protected":false},"featured_media":14328,"template":"","meta":[],"product_cat":[688,64],"product_tag":[],"class_list":{"0":"post-14327","1":"product","2":"type-product","3":"status-publish","4":"has-post-thumbnail","6":"product_cat-koerad","7":"product_cat-koeratoit","8":"pa_brand-chicopee","9":"pa_ean-2624","10":"pa_kaal-12-000","11":"pa_tootjariik-saksamaa","13":"first","14":"instock","15":"taxable","16":"shipping-taxable","17":"purchasable","18":"product-type-simple"},"_links":{"self":[{"href":"https:\/\/kasskoer.ee\/en\/wp-json\/wp\/v2\/product\/14327","targetHints":{"allow":["GET"]}}],"collection":[{"href":"https:\/\/kasskoer.ee\/en\/wp-json\/wp\/v2\/product"}],"about":[{"href":"https:\/\/kasskoer.ee\/en\/wp-json\/wp\/v2\/types\/product"}],"wp:featuredmedia":[{"embeddable":true,"href":"https:\/\/kasskoer.ee\/en\/wp-json\/wp\/v2\/media\/14328"}],"wp:attachment":[{"href":"https:\/\/kasskoer.ee\/en\/wp-json\/wp\/v2\/media?parent=14327"}],"wp:term":[{"taxonomy":"product_cat","embeddable":true,"href":"https:\/\/kasskoer.ee\/en\/wp-json\/wp\/v2\/product_cat?post=14327"},{"taxonomy":"product_tag","embeddable":true,"href":"https:\/\/kasskoer.ee\/en\/wp-json\/wp\/v2\/product_tag?post=14327"}],"curies":[{"name":"wp","href":"https:\/\/api.w.org\/{rel}","templated":true}]}}