{"id":14342,"date":"2026-04-20T03:05:35","date_gmt":"2026-04-20T00:05:35","guid":{"rendered":"https:\/\/kasskoer.ee\/product\/chicopee-hnl-soft-adult-ostrich-potato-koeratoit-12kg\/"},"modified":"2026-04-20T03:05:37","modified_gmt":"2026-04-20T00:05:37","slug":"chicopee-hnl-soft-adult-ostrich-potato-koeratoit-12kg","status":"publish","type":"product","link":"https:\/\/kasskoer.ee\/en\/toode\/chicopee-hnl-soft-adult-ostrich-potato-koeratoit-12kg\/","title":{"rendered":"Chicopee HNL Soft Adult Ostrich &#038; Potato koeratoit 12kg"},"content":{"rendered":"<p><b>Chicopee jaanalinnu ja kartuliga t\u00e4iss\u00f6\u00f6t igat t\u00f5ugu t\u00e4iskasvanud koertele.<\/b><br \/>&#13;<\/p>\n<li>Monovalk &#8211; sobib suurep\u00e4raselt koertele, kellel esineb toidutalumatust ja allergiaid, kuna toit sisaldab ainult \u00fchte sorti loomset valku (jaanalind).<\/li>\n<p>&#13;<\/p>\n<li>Teraviljavaba &#8211; s\u00fcsivesikute allikana on kasutatud kergesti seeditavat kartulit ja teadlikult on v\u00e4lditud teravilju.<\/li>\n<p>&#13;<\/p>\n<li>Stabiilne soolefloora \u2013 sigur pakub v\u00e4ga t\u00f5husat kiudainet (inuliini), mis toetab soolestiku floorat. Tasakaalustatud soolefloora on stabiilse seedimise alus.<\/li>\n<p>&#13;<\/p>\n<li>Pehme kr\u00f5bin &#8211; t\u00e4nu 18% niiskuse sisaldusele on kr\u00f5bin pehmem ning pakub erilist maitseelamust ja on samal ajal kergesti seeditav.<\/li>\n<p>&#13;<br \/>\n<br \/>&#13;<br \/>\n<b>Koostis<\/b><br \/>&#13;<br \/>\nJaanalinnuvalk (kuivatatud, 20%), kartulijahu (20%), linnurasv, bataat (kuivatatud, 8%), kartulihelbed, herned (kuivatatud), hernevalk, peedi viljaliha (suhkur eemaldatud), linaseemned (3%), kartulivalk, h\u00fcdrol\u00fc\u00fcsitud valk, p\u00e4rm (kuivatatud, 1,5%), l\u00f5he\u00f5li (0,5%), sigur (kuivatatud, 0,2%), merevetikas (kuivatatud), t\u00e4\u00e4kliilia (kuivatatud), n\u00f5ges (kuivatatud), p\u00f5ldmuraka lehed (kuivatatud), raudrohi (kuivatatud), apteegitill (kuivatatud), k\u00f6\u00f6mned (kuivatatud), kummeli\u00f5ied (kuivatatud), puuv\u00f5\u00f5rik (kuivatatud), emajuur (kuivatatud), sajandirohi (kuivatatud).<br \/>&#13;<br \/>\n<br \/>&#13;<br \/>\n<b>Anal\u00fc\u00fctilised koostisosad<\/b><br \/>&#13;<br \/>\nToorvalk 23.0 %, toorrasv 13.0 %, toorkiud 2.5 %, toortuhk 6.6 %, niiskus 18.0%, kaltsium 1.0%, fosfor 0.75%, oomega-3 rasvhapped 0.85%, oomega-6 rasvhapped 2.0%.<br \/>&#13;<br \/>\n<br \/>&#13;<br \/>\n<b>S\u00f6\u00f6dalisandid<\/b><br \/>&#13;<br \/>\nA-vitamiin 12000 R\u00dc, D3-vitamiin 1200 R\u00dc, E-vitamiin 110 mg, vask (vasksulfaadina, pentah\u00fcdraadina) 10 mg, tsink (tsinkoksiidina) 70 mg, jood (kaltsiumjodaadina, veevaba) 2 mg, seleen (naatriumseleniidina) 0,2 mg.<br \/>&#13;<br \/>\n<br \/>&#13;<br \/>\n<b>S\u00f6\u00f6tmisjuhend<\/b><br \/>&#13;<br \/>\nS\u00f6\u00f6ta kuivalt v\u00f5i vees leotatuna. V\u00e4rske vesi peab alati olema saadaval. Uuele toidule \u00fcleminek tuleks l\u00e4bi viia j\u00e4rk-j\u00e4rgult 3\u20135 p\u00e4eva jooksul. Hoidke toodet jahedas, kuivas kohas, eemal otsesest p\u00e4ikesevalgusest. S\u00f6\u00f6tmisnormid vaata pakendil olevast tabelist.<\/p>\n","protected":false},"excerpt":{"rendered":"<p>Chicopee Holistic Nature Line jaanalinnu ja kartuliga toit t\u00e4iskasvanud koertele.<\/p>\n","protected":false},"featured_media":14343,"template":"","meta":[],"product_cat":[688,64],"product_tag":[],"class_list":{"0":"post-14342","1":"product","2":"type-product","3":"status-publish","4":"has-post-thumbnail","6":"product_cat-koerad","7":"product_cat-koeratoit","8":"pa_brand-chicopee","9":"pa_ean-2630","10":"pa_kaal-12-000","11":"pa_tootjariik-saksamaa","13":"first","14":"outofstock","15":"taxable","16":"shipping-taxable","17":"purchasable","18":"product-type-simple"},"_links":{"self":[{"href":"https:\/\/kasskoer.ee\/en\/wp-json\/wp\/v2\/product\/14342","targetHints":{"allow":["GET"]}}],"collection":[{"href":"https:\/\/kasskoer.ee\/en\/wp-json\/wp\/v2\/product"}],"about":[{"href":"https:\/\/kasskoer.ee\/en\/wp-json\/wp\/v2\/types\/product"}],"wp:featuredmedia":[{"embeddable":true,"href":"https:\/\/kasskoer.ee\/en\/wp-json\/wp\/v2\/media\/14343"}],"wp:attachment":[{"href":"https:\/\/kasskoer.ee\/en\/wp-json\/wp\/v2\/media?parent=14342"}],"wp:term":[{"taxonomy":"product_cat","embeddable":true,"href":"https:\/\/kasskoer.ee\/en\/wp-json\/wp\/v2\/product_cat?post=14342"},{"taxonomy":"product_tag","embeddable":true,"href":"https:\/\/kasskoer.ee\/en\/wp-json\/wp\/v2\/product_tag?post=14342"}],"curies":[{"name":"wp","href":"https:\/\/api.w.org\/{rel}","templated":true}]}}