{"id":14345,"date":"2026-04-20T03:05:35","date_gmt":"2026-04-20T00:05:35","guid":{"rendered":"https:\/\/kasskoer.ee\/product\/chicopee-hnl-puppy-lamb-potato-koeratoit-12kg\/"},"modified":"2026-04-20T03:05:37","modified_gmt":"2026-04-20T00:05:37","slug":"chicopee-hnl-puppy-lamb-potato-koeratoit-12kg","status":"publish","type":"product","link":"https:\/\/kasskoer.ee\/en\/toode\/chicopee-hnl-puppy-lamb-potato-koeratoit-12kg\/","title":{"rendered":"Chicopee HNL Puppy Lamb &#038; Potato koeratoit 12kg"},"content":{"rendered":"<p><b>Chicopee lamba ja kartuliga t\u00e4iss\u00f6\u00f6t igat t\u00f5ugu kutsikatele.<\/b><br \/>&#13;<\/p>\n<li>Teraviljavaba &#8211; s\u00fcsivesikute allikana on kasutatud kergesti seeditavat kartulit ja teadlikult on v\u00e4lditud teravilju.<\/li>\n<p>&#13;<\/p>\n<li>Liikuvuskompleks &#8211; kombinatsioon looduslikust rohekarbi ekstraktist ning k\u00f5rgelt hinnatud gl\u00fckoosamiinist ja kondroitiinsulfaadist toetab k\u00f5hrede moodustumist ja nende funktsioneerimist.<\/li>\n<p>&#13;<\/p>\n<li>Looduslik rakukaitse &#8211; olulised looduslikud antioks\u00fcdandid erinevatest marjadest (sh kuivatatud j\u00f5hvikad ja mustikad), samuti vitamiin E ja mikroelement seleen kaitsevad keha rakke ainevahetuse laguproduktide kahjulike r\u00fcnnakute eest.<\/li>\n<p>&#13;<\/p>\n<li>Karvkatte kompleks &#8211; loodusliku l\u00f5he\u00f5li, linaseemnete ja kvaliteetse krilli kombinatsioon. Need sisaldavad olulisi oomega-rasvhappeid, mis toetavad l\u00e4ikiva ja siidise karva ning pehme ja terve naha tervist.<\/li>\n<p>&#13;<br \/>\n<br \/>&#13;<br \/>\n<b>Koostis<\/b><br \/>&#13;<br \/>\nLinnuvalk (kuivatatud ja h\u00fcdrol\u00fc\u00fcsitud, 25 %), kartul (kuivatatud, 22 %), linnurasv, kartulit\u00e4rklis, lambavalk (kuivatatud, 7 %), herned (kuivatatud), peedi viljaliha (suhkur eemaldatud), Kanada l\u00e4\u00e4tsed (kuivatatud, 3 %), linaseemned, heeringas (kuivatatud, 2 %), p\u00e4rm (kuivatatud, 1 %, sisaldab beetagl\u00fckaani 0,06 %), l\u00f5he\u00f5li (1 %), krill (kuivatatud, 1 %), munapulber, monokaltsiumfosfaat, seller (kuivatatud), porgandid (kuivatatud), tomatid (kuivatatud), \u00f5unad (kuivatatud), j\u00f5hvikas (kuivatatud, 0,15 %), rohemerekarbi ekstrakt (0,1 %), naatriumkloriid, merevetikas (kuivatatud), mustikas (kuivatatud, 0,08 %), gl\u00fckoosamiin (0,06 %), saialille\u00f5ied (kuivatatud), t\u00e4\u00e4kliilia (kuivatatud), kondroitiinsulfaat (0,01 %).<br \/>&#13;<br \/>\n<br \/>&#13;<br \/>\n<b>Anal\u00fc\u00fctilised koostisosad<\/b><br \/>&#13;<br \/>\nToorvalk 29.0 %, toorrasv 18.0 %, toorkiud 2.4 %, toortuhk 6.9 %, kaltsium 1.45%, fosfor 1.1%, oomega-3 rasvhapped 0.9%, oomega-6 rasvhapped 2.9%.<br \/>&#13;<br \/>\n<br \/>&#13;<br \/>\n<b>S\u00f6\u00f6dalisandid<\/b><br \/>&#13;<br \/>\nA-vitamiin 26000 R\u00dc, D3-vitamiin 1200 R\u00dc, E-vitamiin 650 mg, biotiin 520 mcg, C-vitamiin 100 mg, vask (vasksulfaadina, pentah\u00fcdraadina) 10 mg, tsink (tsinkoksiidina) 40 mg, tsink (aminohapete tsingikelaadina, h\u00fcdraadina) 75 mg, mangaan (aminohapete mangaanikelaadina, h\u00fcdraadina) 5 mg, mangaan (mangaanoksiidina) 5 mg, jood (kaltsiumjodaadina, veevaba) 2 mg, seleen (naatriumseleniidina) 0,2 mg.<br \/>&#13;<br \/>\n<br \/>&#13;<br \/>\n<b>S\u00f6\u00f6tmisjuhend<\/b><br \/>&#13;<br \/>\nS\u00f6\u00f6ta kuivalt v\u00f5i vees leotatuna. V\u00e4rske vesi peab alati olema saadaval. Uuele toidule \u00fcleminek tuleks l\u00e4bi viia j\u00e4rk-j\u00e4rgult 3\u20135 p\u00e4eva jooksul. Hoidke toodet jahedas, kuivas kohas, eemal otsesest p\u00e4ikesevalgusest. S\u00f6\u00f6tmisnormid vaata pakendil olevast tabelist.<\/p>\n","protected":false},"excerpt":{"rendered":"<p>Chicopee Holistic Nature Line lamba ja kartuliga toit kutsikatele.<\/p>\n","protected":false},"featured_media":14346,"template":"","meta":[],"product_cat":[688,64],"product_tag":[],"class_list":{"0":"post-14345","1":"product","2":"type-product","3":"status-publish","4":"has-post-thumbnail","6":"product_cat-koerad","7":"product_cat-koeratoit","8":"pa_brand-chicopee","9":"pa_ean-2631","10":"pa_kaal-12-000","11":"pa_tootjariik-saksamaa","13":"first","14":"outofstock","15":"taxable","16":"shipping-taxable","17":"purchasable","18":"product-type-simple"},"_links":{"self":[{"href":"https:\/\/kasskoer.ee\/en\/wp-json\/wp\/v2\/product\/14345","targetHints":{"allow":["GET"]}}],"collection":[{"href":"https:\/\/kasskoer.ee\/en\/wp-json\/wp\/v2\/product"}],"about":[{"href":"https:\/\/kasskoer.ee\/en\/wp-json\/wp\/v2\/types\/product"}],"wp:featuredmedia":[{"embeddable":true,"href":"https:\/\/kasskoer.ee\/en\/wp-json\/wp\/v2\/media\/14346"}],"wp:attachment":[{"href":"https:\/\/kasskoer.ee\/en\/wp-json\/wp\/v2\/media?parent=14345"}],"wp:term":[{"taxonomy":"product_cat","embeddable":true,"href":"https:\/\/kasskoer.ee\/en\/wp-json\/wp\/v2\/product_cat?post=14345"},{"taxonomy":"product_tag","embeddable":true,"href":"https:\/\/kasskoer.ee\/en\/wp-json\/wp\/v2\/product_tag?post=14345"}],"curies":[{"name":"wp","href":"https:\/\/api.w.org\/{rel}","templated":true}]}}