{"id":14348,"date":"2026-04-20T03:05:35","date_gmt":"2026-04-20T00:05:35","guid":{"rendered":"https:\/\/kasskoer.ee\/product\/chicopee-cnl-soft-senior-chicken-rice-koeratoit-15kg\/"},"modified":"2026-04-20T03:05:37","modified_gmt":"2026-04-20T00:05:37","slug":"chicopee-cnl-soft-senior-chicken-rice-koeratoit-15kg","status":"publish","type":"product","link":"https:\/\/kasskoer.ee\/en\/toode\/chicopee-cnl-soft-senior-chicken-rice-koeratoit-15kg\/","title":{"rendered":"Chicopee CNL Soft Senior Chicken &#038; Rice koeratoit 15kg"},"content":{"rendered":"<p><b>Chicopee kana ja riisiga t\u00e4iss\u00f6\u00f6t igat t\u00f5ugu eakatele koertele.<\/b><br \/>&#13;<\/p>\n<li>Ei sisalda nisu &#8211; toidus on kasutatud nisule alternatiivina kergesti seeduvate s\u00fcsivesikuallikate kompleksi.<\/li>\n<p>&#13;<\/p>\n<li>Rohekarbi ekstrakt &#8211; sisaldab spetsiaalseid komponente, mis toetavad k\u00f5hre arengut ja funktsionaalsust, aidates parandada liigeste tervist ja liikuvust.<\/li>\n<p>&#13;<\/p>\n<li>Immuunkompleks &#8211; mannanoligosahhariidide ja beetagl\u00fckaanide kombinatsioon stabiliseerib soole mikrofloorat ja toetab immuuns\u00fcsteemi toimimist.<\/li>\n<p>&#13;<\/p>\n<li>E-vitamiin &#8211; ainevahetuslikult aktiivne antioks\u00fcdant, mis aitab kaitsta keharakke vabade radikaalide kahjuliku m\u00f5ju eest.<\/li>\n<p>&#13;<\/p>\n<li>Pehme kr\u00f5bin &#8211; t\u00e4nu 18% niiskuse sisaldusele on kr\u00f5bin pehmem ning pakub erilist maitseelamust ja on samal ajal kergesti seeditav.<\/li>\n<p>&#13;<br \/>\n<br \/>&#13;<br \/>\n<b>Koostis<\/b><br \/>&#13;<br \/>\nLinnuvalk (kuivatatud ja h\u00fcdrol\u00fc\u00fcsitud 32%, sellest kana 27%), riis (20%), oder, linnurasv, suhkrupeedi viljaliha (suhkur eemaldatud), mais, linaseemned (2,5%), herned (kuivatatud), p\u00e4rm (kuivatatud, 0,5% mannanoligosahhariide, 0,1% beetagl\u00fckaani), l\u00f5he\u00f5li (0,5%), naatriumkloriid, kaaliumkloriid, rohekarbi ekstrakt (0,1%).<br \/>&#13;<br \/>\n<br \/>&#13;<br \/>\n<b>Anal\u00fc\u00fctilised koostisosad<\/b><br \/>&#13;<br \/>\nToorvalk 25.0 %, toorrasv 13.0 %, toorkiud 2.5 %, toortuhk 6.3 %, niiskus 18 %, kaltsium 1.2 %, fosfor 0.8 %.<br \/>&#13;<br \/>\n<br \/>&#13;<br \/>\n<b>S\u00f6\u00f6dalisandid<\/b><br \/>&#13;<br \/>\nVitamiin A 16 000 R\u00dc, vitamiin D3 1250 R\u00dc, vitamiin E 450 mg, vask (vasksulfaadina, pentah\u00fcdraadina) 10 mg, tsink (tsinkoksiidina) 90 mg, tsink (tsinkaminohapete kelaat, h\u00fcdraat) 45 mg, jood (kaltsiumjodaadina, veevaba) 2 mg, seleen (naatriumseleniidina) 0,2 mg.<br \/>&#13;<br \/>\n<br \/>&#13;<br \/>\n<b>S\u00f6\u00f6tmisjuhend<\/b><br \/>&#13;<br \/>\nS\u00f6\u00f6ta kuivalt v\u00f5i vees leotatuna. V\u00e4rske vesi peab alati olema saadaval. Uuele toidule \u00fcleminek tuleks l\u00e4bi viia j\u00e4rk-j\u00e4rgult 3\u20135 p\u00e4eva jooksul. Hoidke toodet jahedas, kuivas kohas, eemal otsesest p\u00e4ikesevalgusest. S\u00f6\u00f6tmisnormid vaata pakendil olevast tabelist.<\/p>\n","protected":false},"excerpt":{"rendered":"<p>Chicopee Classic Nature Line kana ja riisiga toit eakatele koertele.<\/p>\n","protected":false},"featured_media":14349,"template":"","meta":[],"product_cat":[688,64],"product_tag":[],"class_list":{"0":"post-14348","1":"product","2":"type-product","3":"status-publish","4":"has-post-thumbnail","6":"product_cat-koerad","7":"product_cat-koeratoit","8":"pa_brand-chicopee","9":"pa_ean-2632","10":"pa_kaal-15-000","11":"pa_tootjariik-saksamaa","13":"first","14":"instock","15":"taxable","16":"shipping-taxable","17":"purchasable","18":"product-type-simple"},"_links":{"self":[{"href":"https:\/\/kasskoer.ee\/en\/wp-json\/wp\/v2\/product\/14348","targetHints":{"allow":["GET"]}}],"collection":[{"href":"https:\/\/kasskoer.ee\/en\/wp-json\/wp\/v2\/product"}],"about":[{"href":"https:\/\/kasskoer.ee\/en\/wp-json\/wp\/v2\/types\/product"}],"wp:featuredmedia":[{"embeddable":true,"href":"https:\/\/kasskoer.ee\/en\/wp-json\/wp\/v2\/media\/14349"}],"wp:attachment":[{"href":"https:\/\/kasskoer.ee\/en\/wp-json\/wp\/v2\/media?parent=14348"}],"wp:term":[{"taxonomy":"product_cat","embeddable":true,"href":"https:\/\/kasskoer.ee\/en\/wp-json\/wp\/v2\/product_cat?post=14348"},{"taxonomy":"product_tag","embeddable":true,"href":"https:\/\/kasskoer.ee\/en\/wp-json\/wp\/v2\/product_tag?post=14348"}],"curies":[{"name":"wp","href":"https:\/\/api.w.org\/{rel}","templated":true}]}}