{"id":14357,"date":"2026-04-20T03:05:35","date_gmt":"2026-04-20T00:05:35","guid":{"rendered":"https:\/\/kasskoer.ee\/product\/chicopee-cnl-soft-adult-salmon-rice-koeratoit-15kg\/"},"modified":"2026-04-20T03:05:37","modified_gmt":"2026-04-20T00:05:37","slug":"chicopee-cnl-soft-adult-salmon-rice-koeratoit-15kg","status":"publish","type":"product","link":"https:\/\/kasskoer.ee\/en\/toode\/chicopee-cnl-soft-adult-salmon-rice-koeratoit-15kg\/","title":{"rendered":"Chicopee CNL Soft Adult Salmon &#038; Rice koeratoit 15kg"},"content":{"rendered":"<p><b>Chicopee l\u00f5he ja riisiga t\u00e4iss\u00f6\u00f6t igat t\u00f5ugu t\u00e4iskasvanud koertele.<\/b><br \/>&#13;<\/p>\n<li>Ei sisalda nisu &#8211; toidus on kasutatud nisule alternatiivina kergesti seeduvate s\u00fcsivesikuallikate kompleksi.<\/li>\n<p>&#13;<\/p>\n<li>Rohekarbi ekstrakt &#8211; sisaldab spetsiaalseid komponente, mis toetavad k\u00f5hre arengut ja funktsionaalsust, aidates parandada liigeste tervist ja liikuvust.<\/li>\n<p>&#13;<\/p>\n<li>Immuunkompleks &#8211; mannanoligosahhariidide ja beetagl\u00fckaanide kombinatsioon stabiliseerib soole mikrofloorat ja toetab immuuns\u00fcsteemi toimimist.<\/li>\n<p>&#13;<\/p>\n<li>Tugev ja ilus karv &#8211; kombinatsioon kvaliteetsest l\u00f5he\u00f5list, looduslikust linaseemnest ja p\u00e4rmist sisaldab olulisi komponente, mis toetavad l\u00e4ikiva ja siidise karvkatte ning pehme naha tervist.<\/li>\n<p>&#13;<\/p>\n<li>Pehme kr\u00f5bin &#8211; t\u00e4nu 18% niiskuse sisaldusele on kr\u00f5bin pehmem ning pakub erilist maitseelamust ja on samal ajal kergesti seeditav.<\/li>\n<p>&#13;<br \/>\n<br \/>&#13;<br \/>\n<b>Koostis<\/b><br \/>&#13;<br \/>\nLinnuvalk (kuivatatud ja h\u00fcdrol\u00fc\u00fcsitud, 22%), mais, oder, l\u00f5he (kuivatatud, 10%), linnurasv, riis (7%), linaseemned (3%), herned (kuivatatud), p\u00e4rm (kuivatatud, 0,5% mannanoligosahhariide, 0,1% beetagl\u00fckaani), suhkrupeedi viljaliha(suhkur eemaldatud), l\u00f5he\u00f5li (0,5%), naatriumkloriid, rohekarbi ekstrakt (0,1%).&#13;<br \/>\n<br \/>&#13;<br \/>\n<br \/>&#13;<br \/>\n<b>Anal\u00fc\u00fctilised koostisosad<\/b><br \/>&#13;<br \/>\nToorvalk 25.0 %, toorrasv 15.0 %, toorkiud 2.1 %, toortuhk 6.9 %, niiskus 18 %, kaltsium 1.15 %, fosfor 0.83 %.&#13;<br \/>\n<br \/>&#13;<br \/>\n<br \/><b>S\u00f6\u00f6dalisandid<\/b><br \/>&#13;<br \/>\nVitamiin A 15000 R\u00dc, vitamiin D3 1200 R\u00dc, vitamiin E 150 mg, vask (vasksulfaadina, pentah\u00fcdraadina) 10 mg, tsink (tsinkoksiidina) 90 mg, tsink (tsinkaminohapete kelaat, h\u00fcdraat) 45 mg, jood (kaltsiumjodaadina, veevaba) 2 mg, seleen (naatriumseleniidina) 0,2 mg.<br \/>&#13;<br \/>\n<br \/>&#13;<br \/>\n<b>S\u00f6\u00f6tmisjuhend<\/b><br \/>&#13;<br \/>\nS\u00f6\u00f6ta kuivalt v\u00f5i vees leotatuna. V\u00e4rske vesi peab alati olema saadaval. Uuele toidule \u00fcleminek tuleks l\u00e4bi viia j\u00e4rk-j\u00e4rgult 3\u20135 p\u00e4eva jooksul. Hoidke toodet jahedas, kuivas kohas, eemal otsesest p\u00e4ikesevalgusest. S\u00f6\u00f6tmisnormid vaata pakendil olevast tabelist.<\/p>\n","protected":false},"excerpt":{"rendered":"<p>Chicopee Classic Nature Line l\u00f5he ja riisiga toit t\u00e4iskasvanud koertele.<\/p>\n","protected":false},"featured_media":14358,"template":"","meta":[],"product_cat":[688,64],"product_tag":[],"class_list":{"0":"post-14357","1":"product","2":"type-product","3":"status-publish","4":"has-post-thumbnail","6":"product_cat-koerad","7":"product_cat-koeratoit","8":"pa_brand-chicopee","9":"pa_ean-2636","10":"pa_kaal-15-000","11":"pa_tootjariik-saksamaa","13":"first","14":"instock","15":"taxable","16":"shipping-taxable","17":"purchasable","18":"product-type-simple"},"_links":{"self":[{"href":"https:\/\/kasskoer.ee\/en\/wp-json\/wp\/v2\/product\/14357","targetHints":{"allow":["GET"]}}],"collection":[{"href":"https:\/\/kasskoer.ee\/en\/wp-json\/wp\/v2\/product"}],"about":[{"href":"https:\/\/kasskoer.ee\/en\/wp-json\/wp\/v2\/types\/product"}],"wp:featuredmedia":[{"embeddable":true,"href":"https:\/\/kasskoer.ee\/en\/wp-json\/wp\/v2\/media\/14358"}],"wp:attachment":[{"href":"https:\/\/kasskoer.ee\/en\/wp-json\/wp\/v2\/media?parent=14357"}],"wp:term":[{"taxonomy":"product_cat","embeddable":true,"href":"https:\/\/kasskoer.ee\/en\/wp-json\/wp\/v2\/product_cat?post=14357"},{"taxonomy":"product_tag","embeddable":true,"href":"https:\/\/kasskoer.ee\/en\/wp-json\/wp\/v2\/product_tag?post=14357"}],"curies":[{"name":"wp","href":"https:\/\/api.w.org\/{rel}","templated":true}]}}