{"id":14365,"date":"2026-04-20T03:05:35","date_gmt":"2026-04-20T00:05:35","guid":{"rendered":"https:\/\/kasskoer.ee\/product\/trackipet-gps-jalgimisseade-koertele-2\/"},"modified":"2026-04-20T03:05:38","modified_gmt":"2026-04-20T00:05:38","slug":"trackipet-gps-jalgimisseade-koertele","status":"publish","type":"product","link":"https:\/\/kasskoer.ee\/en\/toode\/trackipet-gps-jalgimisseade-koertele\/","title":{"rendered":"Trackipet GPS j\u00e4lgimisseade koertele"},"content":{"rendered":"<p><b>Trackipet t\u00e4pne ja usaldusv\u00e4\u00e4rne j\u00e4lgimisseade lemmikule.<\/b>&#13;<\/p>\n<li>24\/7 t\u00e4pne asukoht ja teavitused.<\/li>\n<p>&#13;<\/p>\n<li>Virtuaalsed piirid &#8211; kohese teavitusega, kui lemmik v\u00e4ljub talle seatud piiridest.<\/li>\n<p>&#13;<\/p>\n<li>Ajalugu &#8211; rakendus pakub terve aasta asukohaajalugu, mis v\u00f5imaldab teil j\u00e4lgida oma lemmiku igap\u00e4evaseid rutiine.<\/li>\n<p>&#13;<\/p>\n<li>Kuni 5 p\u00e4eva aku kestvus ning kiire laadimine.<\/li>\n<p>&#13;<\/p>\n<li>Mugavalt kinnitatav igale kaelarihmale v\u00f5i traksile &#8211; pakendis eri suuruses kinnitused.<\/li>\n<p>&#13;<\/p>\n<li>IP67 vee- ja tolmukindel.<\/li>\n<p>&#13;<\/p>\n<li>Rahvusvaheline SIM-kaart \/ GPS \/ Wi-Fi sisseehitatud.<\/li>\n<p>&#13;<\/p>\n<li>Toetatud \u00fclemaailmse lemmikloomaarmastajate kogukonna poolt.<\/li>\n<p>&#13;<\/p>\n<li>Seadme kasutamiseks on vajalik aktiivne andmesidepaketi tellimus &#8211; sobiva tellimuse saab valida \u00e4pist.<\/li>\n","protected":false},"excerpt":{"rendered":"<p>Trackipet GPS j\u00e4lgimisseade + tasuta 3 kuud andmesidepakett.<\/p>\n","protected":false},"featured_media":14223,"template":"","meta":[],"product_cat":[688,365],"product_tag":[],"class_list":{"0":"post-14365","1":"product","2":"type-product","3":"status-publish","4":"has-post-thumbnail","6":"product_cat-koerad","7":"product_cat-koerte-tarvikud","8":"pa_brand-trackipet","9":"pa_ean-2573","10":"pa_kaal-0-180","11":"pa_tootjariik-ameerika-uhendriigid","13":"first","14":"outofstock","15":"taxable","16":"shipping-taxable","17":"purchasable","18":"product-type-simple"},"_links":{"self":[{"href":"https:\/\/kasskoer.ee\/en\/wp-json\/wp\/v2\/product\/14365","targetHints":{"allow":["GET"]}}],"collection":[{"href":"https:\/\/kasskoer.ee\/en\/wp-json\/wp\/v2\/product"}],"about":[{"href":"https:\/\/kasskoer.ee\/en\/wp-json\/wp\/v2\/types\/product"}],"wp:featuredmedia":[{"embeddable":true,"href":"https:\/\/kasskoer.ee\/en\/wp-json\/wp\/v2\/media\/14223"}],"wp:attachment":[{"href":"https:\/\/kasskoer.ee\/en\/wp-json\/wp\/v2\/media?parent=14365"}],"wp:term":[{"taxonomy":"product_cat","embeddable":true,"href":"https:\/\/kasskoer.ee\/en\/wp-json\/wp\/v2\/product_cat?post=14365"},{"taxonomy":"product_tag","embeddable":true,"href":"https:\/\/kasskoer.ee\/en\/wp-json\/wp\/v2\/product_tag?post=14365"}],"curies":[{"name":"wp","href":"https:\/\/api.w.org\/{rel}","templated":true}]}}