{"id":14385,"date":"2026-04-20T03:05:38","date_gmt":"2026-04-20T00:05:38","guid":{"rendered":"https:\/\/kasskoer.ee\/product\/tropidog-premium-duck-with-rice-koertoit-12kg-2\/"},"modified":"2026-04-20T03:05:40","modified_gmt":"2026-04-20T00:05:40","slug":"tropidog-premium-duck-with-rice-koertoit-12kg","status":"publish","type":"product","link":"https:\/\/kasskoer.ee\/en\/toode\/tropidog-premium-duck-with-rice-koertoit-12kg\/","title":{"rendered":"TropiDog Premium Duck with Rice koertoit 12kg"},"content":{"rendered":"<p><b>TropiDog pardi ja riisiga t\u00e4iss\u00f6\u00f6t t\u00e4iskasvanud keskmist (12 kuud ja vanemad) ja suurt t\u00f5ugu (15 kuud ja vanemad) koertele.<\/b>&#13;<br \/>\n<br \/>&#13;<br \/>\nTropiDog Duck sisaldab kergesti seeditavat valku pardilihast, samuti k\u00f6\u00f6givilju, puuvilju ja pruunvetikaid (Ascophyllum nodosum). \u00d5unade, porgandite ja herneste lisamine annab loomulikke vitamiine ja kiudaineid, mis soodustavad soolestiku paremat t\u00f6\u00f6d.&#13;<br \/>\nToidus sisalduvad nisu- ja maisiidud sisaldavad h\u00e4sti imenduvat letsitiini, E-vitamiini, B-vitamiine ja k\u00fcllastumata rasvhappeid, samas kui pruunvetikad on mineraalide (sh v\u00e4\u00e4rtusliku joodi) allikas.<br \/>&#13;<\/p>\n<li>Optimaalselt tasakaalustatud toit aitab s\u00e4ilitada koera ideaalkaalu ning selle maitse stimuleerib s\u00f6\u00f6giisu isegi v\u00e4ga valivatel lemmikutel.<\/li>\n<p>&#13;<\/p>\n<li>Hammaste hooldus &#8211; Naatriumpol\u00fcfosfaat v\u00e4hendab hambakivi tekkimist ja aitab seega hoida hambad puhtad ja terved.<\/li>\n<p>&#13;<\/p>\n<li>Naha kompleks &#8211; \u00d5ige valgutaseme ja -kvaliteedi, samuti vitamiinide ja mineraalide sisaldus toetab naha ja karvkatte tervist. Pruunvetikas toetab karvade pigmentatsiooni.<\/li>\n<p>&#13;<\/p>\n<li>Tervis ja eluj\u00f5ud &#8211; Toitainete, sealhulgas antioks\u00fcdantide nagu E- ja C-vitamiini, rikkus toetab teie koera loomulikku immuunsust ja eluj\u00f5udu.<\/li>\n<p>&#13;<\/p>\n<li>Loomset p\u00e4ritolu koostisosade \u00fcldsisaldus: 41%.<\/li>\n<p>&#13;<br \/>\n<br \/>&#13;<br \/>\n<b>Koostis<\/b><br \/>&#13;<br \/>\nKuivatatud linnuliha valk, t\u00e4isteranisu, mais, h\u00fcdrol\u00fc\u00fcsitud linnuliha valk, kuivatatud pardivalk 4%, riis 4%, nisukliid, linnurasv, kuivatatud \u00f5un 3%, kuivatatud herned 1.2%, kuivatatud porgandid 1.2%, nisuidud, maisiidud, pruunvetikad (Ascophyllum nodosum) 1.2%, naatriumpol\u00fcfosfaat.<br \/>&#13;<br \/>\n<br \/>&#13;<br \/>\n<b>Anal\u00fc\u00fctilised koostisosad<\/b><br \/>&#13;<br \/>\nToorvalk 25.0%, toorrasv 14.5%, toorkiud 3.0%, toortuhk 6.0%, niiskus 10.0%.<br \/>&#13;<br \/>\n<br \/>&#13;<br \/>\n<b>S\u00f6\u00f6dalisandid<\/b><br \/>&#13;<br \/>\nToitainelised lisandid: vitamiin A 12 000 R\u00dc, vitamiin D3 640 R\u00dc, vitamiin E 520 mg, vitamiin C 80 mg, vitamiin B1 4.0 mg, vitamiin B2 17.5 mg, vitamiin B6 8.6 mg, vitamiin B12 24 mcg, raud (raud(II) sulfaatmonoh\u00fcdraat) 160 mg, tsink (tsinkoksiid) 120 mg, mangaan (mangaan(II) oksiid) 32 mg, vask (vasksulfaatpentaeh\u00fcdraat) 14 mg, jood (kaltsiumjodaatanh\u00fcdraat) 0.7 mg, seleen (naatriumseleniit) 0.1 mg.<br \/>&#13;<br \/>\nTehnoloogilised lisandid: antioks\u00fcdandid.<br \/>&#13;<br \/>\n<br \/><b>Soovituslik p\u00e4evane kogus<\/b>&#13;\n<\/p>\n<figure class=\"table\">\n<table>\n<tbody>\n<tr>\n<td><strong>T\u00e4iskasvanud koera kaal (kg)<\/strong><\/td>\n<td>10-15<\/td>\n<td>15-20<\/td>\n<td>20-30<\/td>\n<td>30-40<\/td>\n<td>40-50<\/td>\n<\/tr>\n<tr>\n<td><strong>P\u00e4evane kogus (g\/p\u00e4evas)<\/strong><\/td>\n<td>140-200<\/td>\n<td>200-250<\/td>\n<td>250-350<\/td>\n<td>350-440<\/td>\n<td>440-530<\/td>\n<\/tr>\n<\/tbody>\n<\/table>\n<\/figure>\n","protected":false},"excerpt":{"rendered":"<p>TropiDog pardi ja riisiga t\u00e4istoit koertele.<\/p>\n","protected":false},"featured_media":14194,"template":"","meta":[],"product_cat":[688,64],"product_tag":[],"class_list":{"0":"post-14385","1":"product","2":"type-product","3":"status-publish","4":"has-post-thumbnail","6":"product_cat-koerad","7":"product_cat-koeratoit","8":"pa_brand-tropidog","9":"pa_ean-2562","10":"pa_kaal-12-000","11":"pa_tootjariik-euroopa-liit","13":"first","14":"instock","15":"taxable","16":"shipping-taxable","17":"purchasable","18":"product-type-simple"},"_links":{"self":[{"href":"https:\/\/kasskoer.ee\/en\/wp-json\/wp\/v2\/product\/14385","targetHints":{"allow":["GET"]}}],"collection":[{"href":"https:\/\/kasskoer.ee\/en\/wp-json\/wp\/v2\/product"}],"about":[{"href":"https:\/\/kasskoer.ee\/en\/wp-json\/wp\/v2\/types\/product"}],"wp:featuredmedia":[{"embeddable":true,"href":"https:\/\/kasskoer.ee\/en\/wp-json\/wp\/v2\/media\/14194"}],"wp:attachment":[{"href":"https:\/\/kasskoer.ee\/en\/wp-json\/wp\/v2\/media?parent=14385"}],"wp:term":[{"taxonomy":"product_cat","embeddable":true,"href":"https:\/\/kasskoer.ee\/en\/wp-json\/wp\/v2\/product_cat?post=14385"},{"taxonomy":"product_tag","embeddable":true,"href":"https:\/\/kasskoer.ee\/en\/wp-json\/wp\/v2\/product_tag?post=14385"}],"curies":[{"name":"wp","href":"https:\/\/api.w.org\/{rel}","templated":true}]}}