{"id":14386,"date":"2026-04-20T03:05:42","date_gmt":"2026-04-20T00:05:42","guid":{"rendered":"https:\/\/kasskoer.ee\/product\/tropidog-premium-salmon-with-rice-koertoit-12kg-2\/"},"modified":"2026-04-20T03:05:42","modified_gmt":"2026-04-20T00:05:42","slug":"tropidog-premium-salmon-with-rice-koertoit-12kg","status":"publish","type":"product","link":"https:\/\/kasskoer.ee\/en\/toode\/tropidog-premium-salmon-with-rice-koertoit-12kg\/","title":{"rendered":"TropiDog Premium Salmon with Rice koertoit 12kg"},"content":{"rendered":"<p><b>TropiDog l\u00f5he ja riisiga t\u00e4iss\u00f6\u00f6t t\u00e4iskasvanud keskmist (12 kuud ja vanemad) ja suurt t\u00f5ugu (15 kuud ja vanemad) koertele.<\/b>&#13;<br \/>\n<br \/>&#13;<br \/>\nTropiDog Salmon sisaldab kergesti seeditavat l\u00f5hevalku ja l\u00f5he\u00f5li, samuti k\u00f6\u00f6givilju, puuvilju ja pruunvetikaid (Ascophyllum nodosum). L\u00f5he\u00f5li ja linaseemned on looduslikud omega-3 ja omega-6 rasvhapete allikad, mis avaldavad positiivset m\u00f5ju liigestele, immuuns\u00fcsteemile, s\u00fcdamele, nahale ja karvkattele. \u00d5unade, porgandite ja herneste lisamine annab loomulikke vitamiine ja kiudaineid, mis soodustavad soolestiku paremat t\u00f6\u00f6d.&#13;<br \/>\nToidus sisalduvad nisu- ja maisiidud sisaldavad h\u00e4sti imenduvat letsitiini, E-vitamiini, B-vitamiine ja k\u00fcllastumata rasvhappeid, samas kui pruunvetikad on mineraalide (sh v\u00e4\u00e4rtusliku joodi) allikas.<br \/>&#13;<\/p>\n<li>Optimaalselt tasakaalustatud toit aitab s\u00e4ilitada koera ideaalkaalu ning selle maitse stimuleerib s\u00f6\u00f6giisu isegi v\u00e4ga valivatel lemmikutel.<\/li>\n<p>&#13;<\/p>\n<li>Loomne valk ja \u00f5li ainult l\u00f5hest.<\/li>\n<p>&#13;<\/p>\n<li>Hammaste hooldus &#8211; Naatriumpol\u00fcfosfaat v\u00e4hendab hambakivi tekkimist ja aitab seega hoida hambad puhtad ja terved.<\/li>\n<p>&#13;<\/p>\n<li>Naha kompleks &#8211; \u00d5ige valgutaseme ja -kvaliteedi, samuti vitamiinide ja mineraalide sisaldus toetab naha ja karvkatte tervist. Pruunvetikas toetab karvade pigmentatsiooni.<\/li>\n<p>&#13;<\/p>\n<li>Tervis ja eluj\u00f5ud &#8211; Toitainete, sealhulgas antioks\u00fcdantide nagu E- ja C-vitamiini, rikkus toetab teie koera loomulikku immuunsust ja eluj\u00f5udu.<\/li>\n<p>&#13;<br \/>\n<br \/>&#13;<br \/>\n<b>Koostis<\/b><br \/>&#13;<br \/>\nKuivatatud l\u00f5hevalk 14%, t\u00e4isteranisu, nisukliid, mais, l\u00f5he\u00f5li 10%, nisuidud, maisiidud, riis 4%, kuivatatud \u00f5un 3%, linaseemned 1.5%, kuivatatud herned 1.2%, kuivatatud porgandid 1.2%, pruunvetikad Ascophyllum nodosum 1.2%, naatriumpol\u00fcfosfaat.<br \/>&#13;<br \/>\n<br \/>&#13;<br \/>\n<b>Anal\u00fc\u00fctilised koostisosad<\/b><br \/>&#13;<br \/>\nToorvalk 22.0%, toorrasv 15.6%, toorkiud 4.4%, toortuhk 6.5%, niiskus 8.0%.<br \/>&#13;<br \/>\n<br \/>&#13;<br \/>\n<b>S\u00f6\u00f6dalisandid<\/b><br \/>&#13;<br \/>\nToitainelised lisandid: vitamiin A 12 000 R\u00dc, vitamiin D3 640 R\u00dc, vitamiin E 520 mg, vitamiin C 80 mg, vitamiin B1 4.0 mg, vitamiin B2 17.5 mg, vitamiin B6 8.6 mg, vitamiin B12 24 mcg, raud (raud(II) sulfaatmonoh\u00fcdraat) 160 mg, tsink (tsinkoksiid) 120 mg, mangaan (mangaan(II) oksiid) 32 mg, vask (vasksulfaatpentaeh\u00fcdraat) 14 mg, jood (kaltsiumjodaatanh\u00fcdraat) 0.7 mg, seleen (naatriumseleniit) 0.1 mg.<br \/>&#13;<br \/>\nTehnoloogilised lisandid: antioks\u00fcdandid.<br \/>&#13;<br \/>\n<br \/><b>Soovituslik p\u00e4evane kogus<\/b>&#13;\n<\/p>\n<figure class=\"table\">\n<table>\n<tbody>\n<tr>\n<td><strong>T\u00e4iskasvanud koera kaal (kg)<\/strong><\/td>\n<td>10-15<\/td>\n<td>15-20<\/td>\n<td>20-30<\/td>\n<td>30-40<\/td>\n<td>40-50<\/td>\n<\/tr>\n<tr>\n<td><strong>P\u00e4evane kogus (g\/p\u00e4evas)<\/strong><\/td>\n<td>160-225<\/td>\n<td>225-280<\/td>\n<td>280-380<\/td>\n<td>380-465<\/td>\n<td>465-550<\/td>\n<\/tr>\n<\/tbody>\n<\/table>\n<\/figure>\n","protected":false},"excerpt":{"rendered":"<p>TropiDog l\u00f5he ja riisiga t\u00e4istoit koertele.<\/p>\n","protected":false},"featured_media":14196,"template":"","meta":[],"product_cat":[688,64],"product_tag":[],"class_list":{"0":"post-14386","1":"product","2":"type-product","3":"status-publish","4":"has-post-thumbnail","6":"product_cat-koerad","7":"product_cat-koeratoit","8":"pa_brand-tropidog","9":"pa_ean-2563","10":"pa_kaal-12-000","11":"pa_tootjariik-euroopa-liit","13":"first","14":"instock","15":"taxable","16":"shipping-taxable","17":"purchasable","18":"product-type-simple"},"_links":{"self":[{"href":"https:\/\/kasskoer.ee\/en\/wp-json\/wp\/v2\/product\/14386","targetHints":{"allow":["GET"]}}],"collection":[{"href":"https:\/\/kasskoer.ee\/en\/wp-json\/wp\/v2\/product"}],"about":[{"href":"https:\/\/kasskoer.ee\/en\/wp-json\/wp\/v2\/types\/product"}],"wp:featuredmedia":[{"embeddable":true,"href":"https:\/\/kasskoer.ee\/en\/wp-json\/wp\/v2\/media\/14196"}],"wp:attachment":[{"href":"https:\/\/kasskoer.ee\/en\/wp-json\/wp\/v2\/media?parent=14386"}],"wp:term":[{"taxonomy":"product_cat","embeddable":true,"href":"https:\/\/kasskoer.ee\/en\/wp-json\/wp\/v2\/product_cat?post=14386"},{"taxonomy":"product_tag","embeddable":true,"href":"https:\/\/kasskoer.ee\/en\/wp-json\/wp\/v2\/product_tag?post=14386"}],"curies":[{"name":"wp","href":"https:\/\/api.w.org\/{rel}","templated":true}]}}