{"id":14456,"date":"2026-04-20T03:05:42","date_gmt":"2026-04-20T00:05:42","guid":{"rendered":"https:\/\/kasskoer.ee\/product\/chicopee-hnl-sensitive-trout-potato-koeratoit-2kg\/"},"modified":"2026-04-20T03:05:43","modified_gmt":"2026-04-20T00:05:43","slug":"chicopee-hnl-sensitive-trout-potato-koeratoit-2kg","status":"publish","type":"product","link":"https:\/\/kasskoer.ee\/en\/toode\/chicopee-hnl-sensitive-trout-potato-koeratoit-2kg\/","title":{"rendered":"Chicopee HNL Sensitive Trout &#038; Potato koeratoit 2kg"},"content":{"rendered":"<p><b>Chicopee v\u00e4rske forelli ja kartuliga t\u00e4iss\u00f6\u00f6t tundliku seedimisega t\u00e4iskasvanud koertele.<\/b><br \/>&#13;<\/p>\n<li>Ainult \u00fcks loomne valk &#8211; v\u00e4rske forell sisaldab palju k\u00f5rge biov\u00e4\u00e4rtusega valku ja on kergesti seeditav. Eriline maitseelamus mitte ainult kalaarmastajatele.<\/li>\n<p>&#13;<\/p>\n<li>Stabiilne soolefloora \u2013 sigur pakub v\u00e4ga t\u00f5husat prebiootikumi (inuliini), mis toetab soolestiku floorat. Lisatud p\u00e4rm tugevdab selle toimet. Tasakaalustatud soolefloora on stabiilse seedimise alus.<\/li>\n<p>&#13;<\/p>\n<li>Lihtsustatud retsept &#8211; koostises on kasutatud vaid m\u00f5nda eriti kvaliteetset koostisosa, et hoida koostis lihtne ja eriti sobiv koertele, kellel on toidutalumatus v\u00f5i allergiad.<\/li>\n<p>&#13;<\/p>\n<li>Teraviljavaba &#8211; s\u00fcsivesikute allikana on kasutatud kergesti seeditavat kartulit ja teadlikult on v\u00e4lditud teravilju.<\/li>\n<p>&#13;<br \/>\n<br \/>&#13;<br \/>\n<b>Koostis<\/b><br \/>&#13;<br \/>\nKartul (kuivatatud, 45%), v\u00e4rske forell (12,5%), forellijahu (12,5%), herned (kuivatatud), kuivatatud peedi viljaliha (suhkur eemaldatud), linnurasv, kartulivalk, h\u00fcdrol\u00fc\u00fcsitud valk (taimne), monokaltsiumfosfaat, p\u00e4rm (kuivatatud), kala\u00f5li (1%), sigur (kuivatatud, 0,1%), gl\u00fckoosamiin, kondroitiinsulfaat.<br \/>&#13;<br \/>\n<br \/>&#13;<br \/>\n<b>Anal\u00fc\u00fctilised koostisosad<\/b><br \/>&#13;<br \/>\nToorvalk 22.0 %, toorrasv 11.0 %, toorkiud 3.0 %, toortuhk 6.8 %, kaltsium 1.1 %, fosfor 0.9 %.<br \/>&#13;<br \/>\n<br \/>&#13;<br \/>\n<b>S\u00f6\u00f6dalisandid<\/b><br \/>&#13;<br \/>\nA-vitamiin 12000 R\u00dc, D-vitamiin 1200 R\u00dc, E-vitamiin 70 mg, vask (vasksulfaadina, pentah\u00fcdraadina) 10 mg, tsink (tsinkoksiidina) 70 mg, tsink (aminohapete tsingikelaadina) 75 mg, jood (kaltsiumjodaadina).<br \/>&#13;<br \/>\n<br \/>&#13;<br \/>\n<b>S\u00f6\u00f6tmisjuhend<\/b><br \/>&#13;<br \/>\nS\u00f6\u00f6ta kuivalt v\u00f5i vees leotatuna. V\u00e4rske vesi peab alati olema saadaval. Uuele toidule \u00fcleminek tuleks l\u00e4bi viia j\u00e4rk-j\u00e4rgult 3\u20135 p\u00e4eva jooksul. Hoidke toodet jahedas, kuivas kohas, eemal otsesest p\u00e4ikesevalgusest. S\u00f6\u00f6tmisnormid vaata pakendil olevast tabelist.<\/p>\n","protected":false},"excerpt":{"rendered":"<p>Chicopee Holistic Nature Line forelli ja kartuliga toit t\u00e4iskasvanud koertele.<\/p>\n","protected":false},"featured_media":14458,"template":"","meta":[],"product_cat":[688,64],"product_tag":[],"class_list":{"0":"post-14456","1":"product","2":"type-product","3":"status-publish","4":"has-post-thumbnail","6":"product_cat-koerad","7":"product_cat-koeratoit","8":"pa_brand-chicopee","9":"pa_ean-2653","10":"pa_kaal-2-000","11":"pa_tootjariik-saksamaa","13":"first","14":"instock","15":"taxable","16":"shipping-taxable","17":"purchasable","18":"product-type-simple"},"_links":{"self":[{"href":"https:\/\/kasskoer.ee\/en\/wp-json\/wp\/v2\/product\/14456","targetHints":{"allow":["GET"]}}],"collection":[{"href":"https:\/\/kasskoer.ee\/en\/wp-json\/wp\/v2\/product"}],"about":[{"href":"https:\/\/kasskoer.ee\/en\/wp-json\/wp\/v2\/types\/product"}],"wp:featuredmedia":[{"embeddable":true,"href":"https:\/\/kasskoer.ee\/en\/wp-json\/wp\/v2\/media\/14458"}],"wp:attachment":[{"href":"https:\/\/kasskoer.ee\/en\/wp-json\/wp\/v2\/media?parent=14456"}],"wp:term":[{"taxonomy":"product_cat","embeddable":true,"href":"https:\/\/kasskoer.ee\/en\/wp-json\/wp\/v2\/product_cat?post=14456"},{"taxonomy":"product_tag","embeddable":true,"href":"https:\/\/kasskoer.ee\/en\/wp-json\/wp\/v2\/product_tag?post=14456"}],"curies":[{"name":"wp","href":"https:\/\/api.w.org\/{rel}","templated":true}]}}