{"id":14467,"date":"2026-04-20T03:05:42","date_gmt":"2026-04-20T00:05:42","guid":{"rendered":"https:\/\/kasskoer.ee\/product\/chicopee-cnl-adult-lamb-rice-koeratoit-2kg\/"},"modified":"2026-04-20T03:05:43","modified_gmt":"2026-04-20T00:05:43","slug":"chicopee-cnl-adult-lamb-rice-koeratoit-2kg","status":"publish","type":"product","link":"https:\/\/kasskoer.ee\/en\/toode\/chicopee-cnl-adult-lamb-rice-koeratoit-2kg\/","title":{"rendered":"Chicopee CNL Adult Lamb &#038; Rice koeratoit 2kg"},"content":{"rendered":"<p><b>Chicopee lamba ja riisiga t\u00e4iss\u00f6\u00f6t igat t\u00f5ugu t\u00e4iskasvanud koertele.<\/b><br \/>&#13;<\/p>\n<li>Ei sisalda nisu &#8211; toidus on kasutatud nisule alternatiivina kergesti seeduvate s\u00fcsivesikuallikate kompleksi.<\/li>\n<p>&#13;<\/p>\n<li>Rohekarbi ekstrakt &#8211; sisaldab spetsiaalseid komponente, mis toetavad k\u00f5hre arengut ja funktsionaalsust, aidates parandada liigeste tervist ja liikuvust.<\/li>\n<p>&#13;<\/p>\n<li>Immuunkompleks &#8211; mannanoligosahhariidide ja beetagl\u00fckaanide kombinatsioon stabiliseerib soole mikrofloorat ja toetab immuuns\u00fcsteemi toimimist.<\/li>\n<p>&#13;<\/p>\n<li>Tugev ja ilus karv &#8211; kombinatsioon kvaliteetsest l\u00f5he\u00f5list, looduslikust linaseemnest ja p\u00e4rmist sisaldab olulisi komponente, mis toetavad l\u00e4ikiva ja siidise karvkatte ning pehme naha tervist.<\/li>\n<p>&#13;<br \/>\n<br \/>&#13;<br \/>\n<b>Koostis<\/b><br \/>&#13;<br \/>\nLinnuvalk (kuivatatud ja h\u00fcdrol\u00fc\u00fcsitud, 16%), oder, mais, lambavalk (kuivatatud, 10%), sorgo, riis (7%), suhkrupeedi viljaliha (suhkur eemaldatud), linnurasv, herned (kuivatatud), linaseemned (2,5%), p\u00e4rm (kuivatatud, 0,5% mannanoligosahhariide, 0,1% beetagl\u00fckaani), l\u00f5he\u00f5li (0,5%), naatriumkloriid, kaaliumkloriid, rohekarbi ekstrakt (0,1%).<br \/>&#13;<br \/>\n<br \/>&#13;<br \/>\n<b>Anal\u00fc\u00fctilised koostisosad<\/b><br \/>&#13;<br \/>\nToorvalk 24.0 %, toorrasv 12.5 %, toorkiud 3.1 %, toortuhk 6.7 %, kaltsium 1.3 %, fosfor 0.95 %.<br \/>&#13;<br \/>\n<br \/>&#13;<br \/>\n<b>S\u00f6\u00f6dalisandid<\/b><br \/>&#13;<br \/>\nVitamiin A 15000 R\u00dc, vitamiin D3 1200 R\u00dc, vitamiin E 150 mg, vask (vasksulfaadina, pentah\u00fcdraadina) 10 mg, tsink (tsinkoksiidina) 90 mg, tsink (tsinkaminohapete kelaat, h\u00fcdraat) 45 mg, jood (kaltsiumjodaadina, veevaba) 2 mg, seleen (naatriumseleniidina) 0,2 mg.<br \/>&#13;<br \/>\n<br \/>&#13;<br \/>\n<b>S\u00f6\u00f6tmisjuhend<\/b><br \/>&#13;<br \/>\nS\u00f6\u00f6ta kuivalt v\u00f5i vees leotatuna. V\u00e4rske vesi peab alati olema saadaval. Uuele toidule \u00fcleminek tuleks l\u00e4bi viia j\u00e4rk-j\u00e4rgult 3\u20135 p\u00e4eva jooksul. Hoidke toodet jahedas, kuivas kohas, eemal otsesest p\u00e4ikesevalgusest. S\u00f6\u00f6tmisnormid vaata pakendil olevast tabelist.<\/p>\n","protected":false},"excerpt":{"rendered":"<p>Chicopee Classic Nature Line lamba ja riisiga toit t\u00e4iskasvanud koertele.<\/p>\n","protected":false},"featured_media":14469,"template":"","meta":[],"product_cat":[688,64],"product_tag":[],"class_list":{"0":"post-14467","1":"product","2":"type-product","3":"status-publish","4":"has-post-thumbnail","6":"product_cat-koerad","7":"product_cat-koeratoit","8":"pa_brand-chicopee","9":"pa_ean-2656","10":"pa_kaal-2-000","11":"pa_tootjariik-saksamaa","13":"first","14":"instock","15":"taxable","16":"shipping-taxable","17":"purchasable","18":"product-type-simple"},"_links":{"self":[{"href":"https:\/\/kasskoer.ee\/en\/wp-json\/wp\/v2\/product\/14467","targetHints":{"allow":["GET"]}}],"collection":[{"href":"https:\/\/kasskoer.ee\/en\/wp-json\/wp\/v2\/product"}],"about":[{"href":"https:\/\/kasskoer.ee\/en\/wp-json\/wp\/v2\/types\/product"}],"wp:featuredmedia":[{"embeddable":true,"href":"https:\/\/kasskoer.ee\/en\/wp-json\/wp\/v2\/media\/14469"}],"wp:attachment":[{"href":"https:\/\/kasskoer.ee\/en\/wp-json\/wp\/v2\/media?parent=14467"}],"wp:term":[{"taxonomy":"product_cat","embeddable":true,"href":"https:\/\/kasskoer.ee\/en\/wp-json\/wp\/v2\/product_cat?post=14467"},{"taxonomy":"product_tag","embeddable":true,"href":"https:\/\/kasskoer.ee\/en\/wp-json\/wp\/v2\/product_tag?post=14467"}],"curies":[{"name":"wp","href":"https:\/\/api.w.org\/{rel}","templated":true}]}}