{"id":14472,"date":"2026-04-20T03:05:42","date_gmt":"2026-04-20T00:05:42","guid":{"rendered":"https:\/\/kasskoer.ee\/product\/chicopee-hnl-hair-skin-kassitoit-15kg\/"},"modified":"2026-04-20T03:05:43","modified_gmt":"2026-04-20T00:05:43","slug":"chicopee-hnl-hair-skin-kassitoit-15kg","status":"publish","type":"product","link":"https:\/\/kasskoer.ee\/en\/toode\/chicopee-hnl-hair-skin-kassitoit-15kg\/","title":{"rendered":"Chicopee HNL Hair &#038; Skin kassitoit 1,5kg"},"content":{"rendered":"<p><b>Chicopee t\u00e4iss\u00f6\u00f6t t\u00e4iskasvanud kassidele, mis toetab karva ja naha tervist.<\/b><br \/>&#13;<\/p>\n<li>Olulised rasvhapped \u2013 k\u00f5rge v\u00e4\u00e4rtuslike \u00f5lide ja rasvade sisaldus (sealhulgas l\u00f5he\u00f5li 1.5%) aitab tagada elegantse, l\u00e4ikiva ja elastse karvkatte. Seet\u00f5ttu on Chicopee Hair &#038; Skin eriti sobiv t\u00f5ukassidele.<\/li>\n<p>&#13;<\/p>\n<li>Toidus sisalduv l\u00f5he on rikas v\u00e4\u00e4rtuslike oomega rasvhapete poolest, mis annavad sinu neljajalgse s\u00f5bra karvkattele m\u00e4rgatava l\u00e4ike. L\u00f5hel on k\u00f5rge bioloogiline v\u00e4\u00e4rtus, see on v\u00e4ga kvaliteetne ja kergesti seeditav.<\/li>\n<p>&#13;<\/p>\n<li>34% linnuliha \u2013 toidus on k\u00f5rge linnuliha (v\u00e4rske ja kuivatatud) sisaldus. Linnuliha on kergesti seeditav ja toitaineterikas valguallikas.<\/li>\n<p>&#13;<\/p>\n<li>9.5% maks \u2013 maksa (v\u00e4rske ja kuivatatud) lisamine muudab selle erakordseks maitseelamuseks teie kassile. Lihtsalt imemaitsev!<\/li>\n<p>&#13;<\/p>\n<li>Ilma gluteeni sisaldavate teraviljadeta \u2013 teadlikult on v\u00e4lditud gluteeni sisaldavate teraviljade (sh nisu) kasutamist. Alternatiivina on kasutatud riisi ja herneid kergesti seeditavate s\u00fcsivesikute allikatena. Seet\u00f5ttu sobib toit eriti h\u00e4sti tundliku maoga kassidele.<\/li>\n<p>&#13;<\/p>\n<li>Immuunkompleks (mannaanid ja gl\u00fckaanid) \u2013 kompleks koosneb p\u00e4rmist, mis p\u00e4rineb Saccharomyces cerevisiae t\u00fcvest, tuntud ka kui \u201c\u00f5llep\u00e4rm\u201d. See p\u00e4rm on eriti rikas mannaanide ja gl\u00fckaanide poolest, mis m\u00f5lemad m\u00f5jutavad positiivselt teie karvase s\u00f5bra soolefloorat ning aitavad tugevdada immuuns\u00fcsteemi.<\/li>\n<p>&#13;<br \/>\n<br \/>&#13;<br \/>\n<b>Koostis<\/b><br \/>&#13;<br \/>\nLinnuliha (v\u00e4rske ja kuivatatud, 34%), riisijahu, riis (14%), maks (v\u00e4rske ja kuivatatud, 9,5%), loomarasv, l\u00f5hejahu (4%), h\u00fcdrol\u00fc\u00fcsitud valk, kuivatatud lihapuru, kuivatatud peedi viljaliha (suhkur eemaldatud), linaseemned, l\u00f5he\u00f5li (1,5%), hernekiud, herned (kuivatatud, 0,5%), kaltsiumkarbonaat, p\u00e4rm (kuivatatud), munapulber, kaaliumkloriid, j\u00f5hvikad (kuivatatud, 0,1%), mustikad (kuivatatud, 0,1%), mannaan-oligosahhariidid (0,1%), rohemerekarbid (kuivatatud), beetagl\u00fckaanid (0,06%), saialille\u00f5ied (kuivatatud), siguripulber, t\u00e4\u00e4kliilia (kuivatatud).<br \/>&#13;<br \/>\n<br \/>&#13;<br \/>\n<b>Anal\u00fc\u00fctilised koostisosad<\/b><br \/>&#13;<br \/>\nToorvalk 32.5 %, toorrasv 19.5 %, toorkiud 2.2 %, toortuhk 7.2 %, kaltsium 1.15%, fosfor 1.0%, magneesium 0.08 %, oomega-3 rasvhapped 0.9%, oomega-6 rasvhapped 2.5%.<br \/>&#13;<br \/>\n<br \/>&#13;<br \/>\n<b>S\u00f6\u00f6dalisandid<\/b><br \/>&#13;<br \/>\nToitainelised lisandid kg kohta: A-vitamiin 26000 R\u00dc, D-vitamiin 1500 R\u00dc, E-vitamiin 600 mg, tauriin 2000 mg, vask (vasksulfaadina, pentah\u00fcdraadina) 10 mg, tsink (tsinkoksiidina) 30 mg, tsink (aminohapete tsingikelaadina, h\u00fcdraadina) 75 mg, jood (kaltsiumjodaadina, veevaba) 2.0 mg, seleen (naatriumseleniidina) 0.2 mg. Tehnoloogilised lisandid: antioks\u00fcdandid.<br \/>&#13;<br \/>\n<br \/>&#13;<br \/>\n<b>S\u00f6\u00f6tmisjuhend<\/b><br \/>&#13;<br \/>\nT\u00e4ida toidukauss korra p\u00e4evas vastavalt soovituslikele s\u00f6\u00f6tmisnormidele. S\u00f6\u00f6tmisnormid vaata pakendil olevast tabelist. V\u00e4rske vesi peab alati olema saadaval. Uuele toidule \u00fcleminek tuleks l\u00e4bi viia j\u00e4rk-j\u00e4rgult. Hoidke toodet jahedas, kuivas kohas, eemal otsesest p\u00e4ikesevalgusest.<\/p>\n","protected":false},"excerpt":{"rendered":"<p>Chicopee Holistic Nature Line Hair &#038; Skin toit t\u00e4iskasvanud kassidele.<\/p>\n","protected":false},"featured_media":14473,"template":"","meta":[],"product_cat":[689,75],"product_tag":[],"class_list":{"0":"post-14472","1":"product","2":"type-product","3":"status-publish","4":"has-post-thumbnail","6":"product_cat-kassid","7":"product_cat-kassitoit","8":"pa_brand-chicopee","9":"pa_ean-2657","10":"pa_kaal-1-500","11":"pa_tootjariik-saksamaa","13":"first","14":"instock","15":"taxable","16":"shipping-taxable","17":"purchasable","18":"product-type-simple"},"_links":{"self":[{"href":"https:\/\/kasskoer.ee\/en\/wp-json\/wp\/v2\/product\/14472","targetHints":{"allow":["GET"]}}],"collection":[{"href":"https:\/\/kasskoer.ee\/en\/wp-json\/wp\/v2\/product"}],"about":[{"href":"https:\/\/kasskoer.ee\/en\/wp-json\/wp\/v2\/types\/product"}],"wp:featuredmedia":[{"embeddable":true,"href":"https:\/\/kasskoer.ee\/en\/wp-json\/wp\/v2\/media\/14473"}],"wp:attachment":[{"href":"https:\/\/kasskoer.ee\/en\/wp-json\/wp\/v2\/media?parent=14472"}],"wp:term":[{"taxonomy":"product_cat","embeddable":true,"href":"https:\/\/kasskoer.ee\/en\/wp-json\/wp\/v2\/product_cat?post=14472"},{"taxonomy":"product_tag","embeddable":true,"href":"https:\/\/kasskoer.ee\/en\/wp-json\/wp\/v2\/product_tag?post=14472"}],"curies":[{"name":"wp","href":"https:\/\/api.w.org\/{rel}","templated":true}]}}