{"id":14485,"date":"2026-04-20T03:05:42","date_gmt":"2026-04-20T00:05:42","guid":{"rendered":"https:\/\/kasskoer.ee\/product\/chicopee-hnl-sterilized-kassitoit-15kg\/"},"modified":"2026-04-20T03:05:43","modified_gmt":"2026-04-20T00:05:43","slug":"chicopee-hnl-sterilized-kassitoit-15kg","status":"publish","type":"product","link":"https:\/\/kasskoer.ee\/en\/toode\/chicopee-hnl-sterilized-kassitoit-15kg\/","title":{"rendered":"Chicopee HNL Sterilized kassitoit 1,5kg"},"content":{"rendered":"<p><b>Chicopee t\u00e4iss\u00f6\u00f6t t\u00e4iskasvanud kastreeritud v\u00f5i \u00fclekaalulistele kassidele.<\/b><br \/>&#13;<\/p>\n<li>V\u00e4hendatud energiasisaldus \u2013 Kastreeritud kassid vajavad kiudainerikast (toorkiud) dieeti, mis tagab nii hea t\u00e4isk\u00f5hutunde kui ka v\u00e4hendatud kalorisisalduse, et v\u00e4ltida kaalut\u00f5usu. See leevendab ka teie kassi liigeste ja luude koormust.<\/li>\n<p>&#13;<\/p>\n<li>38% linnuliha \u2013 toit sisaldab suures koguses eriti kergesti seeditavat ja toitvat valguallikat.<\/li>\n<p>&#13;<\/p>\n<li>9.5% maks \u2013 maksa (v\u00e4rske ja kuivatatud) lisamine muudab selle erakordseks maitseelamuseks teie kassile. Lihtsalt imemaitsev!<\/li>\n<p>&#13;<\/p>\n<li>Teraviljavaba \u2013 koostises on kasutatud kergesti seeditavat kartulit ja herneid ning v\u00e4lditud teadlikult igasuguseid teravilju. Seet\u00f5ttu on see toit eriti sobilik kassidele, kellel on tundlik magu v\u00f5i teraviljatalumatus.<\/li>\n<p>&#13;<\/p>\n<li>Immuunkompleks (mannaanid ja gl\u00fckaanid) \u2013 kompleks koosneb p\u00e4rmist, mis p\u00e4rineb Saccharomyces cerevisiae t\u00fcvest, tuntud ka kui \u201c\u00f5llep\u00e4rm\u201d. See p\u00e4rm on eriti rikas mannaanide ja gl\u00fckaanide poolest, mis m\u00f5lemad m\u00f5jutavad positiivselt teie karvase s\u00f5bra soolefloorat ning aitavad tugevdada immuuns\u00fcsteemi.<\/li>\n<p>&#13;<br \/>\n<br \/>&#13;<br \/>\n<b>Koostis<\/b><br \/>&#13;<br \/>\nLinnuliha (v\u00e4rske ja kuivatatud, 38%), kartulijahu (16,5%), kartulit\u00e4rklis, maks (v\u00e4rske ja kuivatatud, 9,5%), kuivatatud peedi viljaliha (suhkur eemaldatud), h\u00fcdrol\u00fc\u00fcsitud valk, hernekiud, tsellulooskiud, lihapuru (kuivatatud), linaseemned, l\u00f5he\u00f5li, munapulber, kalajahu, herned (kuivatatud, 0,4%), p\u00e4rm (kuivatatud, 0,25%), kaltsiumkarbonaat, kaaliumkloriid, j\u00f5hvikas (kuivatatud, 0,1%), mustikas (kuivatatud, 0,1%), rohemerekarbid (kuivatatud), mannaan-oligosahhariidid (0,1%), beetagl\u00fckaanid (0,06%), saialille\u00f5ied (kuivatatud), siguripulber, t\u00e4\u00e4kliilia (kuivatatud).<br \/>&#13;<br \/>\n<br \/>&#13;<br \/>\n<b>Anal\u00fc\u00fctilised koostisosad<\/b><br \/>&#13;<br \/>\nToorvalk 29.5 %, toorrasv 10.0 %, toorkiud 5.3 %, toortuhk 7.3 %, kaltsium 1.15%, fosfor 1.0%, magneesium 0.08 %.<br \/>&#13;<br \/>\n<br \/>&#13;<br \/>\n<b>S\u00f6\u00f6dalisandid<\/b><br \/>&#13;<br \/>\nToitainelised lisandid kg kohta: A-vitamiin 18000 R\u00dc, D-vitamiin 1500 R\u00dc, E-vitamiin 155 mg, tauriin 2000 mg, vask (vasksulfaadina, pentah\u00fcdraadina) 10 mg, tsink (tsinkoksiidina) 30 mg, tsink (aminohapete tsingikelaadina, h\u00fcdraadina) 40 mg, jood (kaltsiumjodaadina, veevaba) 2.0 mg, seleen (naatriumseleniidina) 0.15 mg. Tehnoloogilised lisandid: antioks\u00fcdandid.<br \/>&#13;<br \/>\n<br \/>&#13;<br \/>\n<b>S\u00f6\u00f6tmisjuhend<\/b><br \/>&#13;<br \/>\nT\u00e4ida toidukauss korra p\u00e4evas vastavalt soovituslikele s\u00f6\u00f6tmisnormidele. S\u00f6\u00f6tmisnormid vaata pakendil olevast tabelist. V\u00e4rske vesi peab alati olema saadaval. Uuele toidule \u00fcleminek tuleks l\u00e4bi viia j\u00e4rk-j\u00e4rgult. Hoidke toodet jahedas, kuivas kohas, eemal otsesest p\u00e4ikesevalgusest.<\/p>\n","protected":false},"excerpt":{"rendered":"<p>Chicopee Holistic Nature Line Sterilized toit t\u00e4iskasvanud kassidele.<\/p>\n","protected":false},"featured_media":14486,"template":"","meta":[],"product_cat":[689,75],"product_tag":[],"class_list":{"0":"post-14485","1":"product","2":"type-product","3":"status-publish","4":"has-post-thumbnail","6":"product_cat-kassid","7":"product_cat-kassitoit","8":"pa_brand-chicopee","9":"pa_ean-2660","10":"pa_kaal-1-500","11":"pa_tootjariik-saksamaa","13":"first","14":"instock","15":"taxable","16":"shipping-taxable","17":"purchasable","18":"product-type-simple"},"_links":{"self":[{"href":"https:\/\/kasskoer.ee\/en\/wp-json\/wp\/v2\/product\/14485","targetHints":{"allow":["GET"]}}],"collection":[{"href":"https:\/\/kasskoer.ee\/en\/wp-json\/wp\/v2\/product"}],"about":[{"href":"https:\/\/kasskoer.ee\/en\/wp-json\/wp\/v2\/types\/product"}],"wp:featuredmedia":[{"embeddable":true,"href":"https:\/\/kasskoer.ee\/en\/wp-json\/wp\/v2\/media\/14486"}],"wp:attachment":[{"href":"https:\/\/kasskoer.ee\/en\/wp-json\/wp\/v2\/media?parent=14485"}],"wp:term":[{"taxonomy":"product_cat","embeddable":true,"href":"https:\/\/kasskoer.ee\/en\/wp-json\/wp\/v2\/product_cat?post=14485"},{"taxonomy":"product_tag","embeddable":true,"href":"https:\/\/kasskoer.ee\/en\/wp-json\/wp\/v2\/product_tag?post=14485"}],"curies":[{"name":"wp","href":"https:\/\/api.w.org\/{rel}","templated":true}]}}