{"id":14487,"date":"2026-04-20T03:05:42","date_gmt":"2026-04-20T00:05:42","guid":{"rendered":"https:\/\/kasskoer.ee\/product\/chicopee-hnl-no-grain-kassitoit-15kg\/"},"modified":"2026-04-20T03:05:43","modified_gmt":"2026-04-20T00:05:43","slug":"chicopee-hnl-no-grain-kassitoit-15kg","status":"publish","type":"product","link":"https:\/\/kasskoer.ee\/en\/toode\/chicopee-hnl-no-grain-kassitoit-15kg\/","title":{"rendered":"Chicopee HNL No Grain kassitoit 1,5kg"},"content":{"rendered":"<p><b>Chicopee teraviljavaba t\u00e4iss\u00f6\u00f6t t\u00e4iskasvanud kassidele, kellel on tundlik seedimine.<\/b><br \/>&#13;<\/p>\n<li>Vitamiin E, seleen ja tsink &#8211; toetavad sinu neljajalgse s\u00f5bra loomulikku kaitsev\u00f5imet. K\u00f5igil kolmel \u00fchendil on antioks\u00fcdatiivsed omadused ning need aitavad v\u00e4hendada vabade radikaalide sisaldust kehas.<\/li>\n<p>&#13;<\/p>\n<li>43% linnuliha \u2013 toit sisaldab suures koguses eriti kergesti seeditavat ja toitvat valguallikat.<\/li>\n<p>&#13;<\/p>\n<li>9.5% maks \u2013 maksa (v\u00e4rske ja kuivatatud) lisamine muudab selle erakordseks maitseelamuseks teie kassile. Lihtsalt imemaitsev!<\/li>\n<p>&#13;<\/p>\n<li>Teraviljavaba &#8211; koostises on kasutatud kergesti seeditavat kartulit ja herneid ning teadlikult v\u00e4lditud igasuguseid teravilju. See on kasulik kassidele, kellel on tundlik k\u00f5ht v\u00f5i teraviljatalumatus.<\/li>\n<p>&#13;<\/p>\n<li>Immuunkompleks (mannaanid ja gl\u00fckaanid) \u2013 kompleks koosneb p\u00e4rmist, mis p\u00e4rineb Saccharomyces cerevisiae t\u00fcvest, tuntud ka kui \u201c\u00f5llep\u00e4rm\u201d. See p\u00e4rm on eriti rikas mannaanide ja gl\u00fckaanide poolest, mis m\u00f5lemad m\u00f5jutavad positiivselt teie karvase s\u00f5bra soolefloorat ning aitavad tugevdada immuuns\u00fcsteemi.<\/li>\n<p>&#13;<br \/>\n<br \/>&#13;<br \/>\n<b>Koostis<\/b><br \/>&#13;<br \/>\nLinnuliha (v\u00e4rske ja kuivatatud, 43%), kartulijahu (17,5%), kartulit\u00e4rklis, maks (v\u00e4rske ja kuivatatud, 9,5%), h\u00fcdrol\u00fc\u00fcsitud valk, loomarasv, kuivatatud peedi viljaliha (suhkur eemaldatud), linaseemned, hernekiud, kuivatatud lihapuru, l\u00f5he\u00f5li, munapulber, kalajahu, herned (kuivatatud, 0,4%), kaltsiumkarbonaat, p\u00e4rm (kuivatatud, 0,25%), j\u00f5hvikad (kuivatatud, 0,1%), mustikad (kuivatatud, 0,1%), rohemerekarbid (kuivatatud), mannaan-oligosahhariidid (0,1%), beetagl\u00fckaanid (0,06%), saialille\u00f5ied (kuivatatud), siguripulber, t\u00e4\u00e4kliilia (kuivatatud).<br \/>&#13;<br \/>\n<br \/>&#13;<br \/>\n<b>Anal\u00fc\u00fctilised koostisosad<\/b><br \/>&#13;<br \/>\nToorvalk 32.0 %, toorrasv 16.5 %, toorkiud 2.9 %, toortuhk 7.3 %, kaltsium 1.15%, fosfor 1.05%, magneesium 0.08 %.<br \/>&#13;<br \/>\n<br \/>&#13;<br \/>\n<b>S\u00f6\u00f6dalisandid<\/b><br \/>&#13;<br \/>\nToitainelised lisandid kg kohta: A-vitamiin 18000 R\u00dc, D-vitamiin 1500 R\u00dc, E-vitamiin 155 mg, tauriin 2000 mg, vask (vasksulfaadina, pentah\u00fcdraadina) 10 mg, tsink (tsinkoksiidina) 30 mg, tsink (aminohapete tsingikelaadina, h\u00fcdraadina) 40 mg, jood (kaltsiumjodaadina, veevaba) 2.0 mg, seleen (naatriumseleniidina) 0.2 mg. Tehnoloogilised lisandid: antioks\u00fcdandid.<br \/>&#13;<br \/>\n<br \/>&#13;<br \/>\n<b>S\u00f6\u00f6tmisjuhend<\/b><br \/>&#13;<br \/>\nT\u00e4ida toidukauss korra p\u00e4evas vastavalt soovituslikele s\u00f6\u00f6tmisnormidele. S\u00f6\u00f6tmisnormid vaata pakendil olevast tabelist. V\u00e4rske vesi peab alati olema saadaval. Uuele toidule \u00fcleminek tuleks l\u00e4bi viia j\u00e4rk-j\u00e4rgult. Hoidke toodet jahedas, kuivas kohas, eemal otsesest p\u00e4ikesevalgusest.<\/p>\n","protected":false},"excerpt":{"rendered":"<p>Chicopee Holistic Nature Line teraviljavaba toit t\u00e4iskasvanud kassidele.<\/p>\n","protected":false},"featured_media":14488,"template":"","meta":[],"product_cat":[689,75],"product_tag":[],"class_list":{"0":"post-14487","1":"product","2":"type-product","3":"status-publish","4":"has-post-thumbnail","6":"product_cat-kassid","7":"product_cat-kassitoit","8":"pa_brand-chicopee","9":"pa_ean-2661","10":"pa_kaal-1-500","11":"pa_tootjariik-saksamaa","13":"first","14":"instock","15":"sale","16":"taxable","17":"shipping-taxable","18":"purchasable","19":"product-type-simple"},"_links":{"self":[{"href":"https:\/\/kasskoer.ee\/en\/wp-json\/wp\/v2\/product\/14487","targetHints":{"allow":["GET"]}}],"collection":[{"href":"https:\/\/kasskoer.ee\/en\/wp-json\/wp\/v2\/product"}],"about":[{"href":"https:\/\/kasskoer.ee\/en\/wp-json\/wp\/v2\/types\/product"}],"wp:featuredmedia":[{"embeddable":true,"href":"https:\/\/kasskoer.ee\/en\/wp-json\/wp\/v2\/media\/14488"}],"wp:attachment":[{"href":"https:\/\/kasskoer.ee\/en\/wp-json\/wp\/v2\/media?parent=14487"}],"wp:term":[{"taxonomy":"product_cat","embeddable":true,"href":"https:\/\/kasskoer.ee\/en\/wp-json\/wp\/v2\/product_cat?post=14487"},{"taxonomy":"product_tag","embeddable":true,"href":"https:\/\/kasskoer.ee\/en\/wp-json\/wp\/v2\/product_tag?post=14487"}],"curies":[{"name":"wp","href":"https:\/\/api.w.org\/{rel}","templated":true}]}}