{"id":14510,"date":"2026-04-20T03:05:45","date_gmt":"2026-04-20T00:05:45","guid":{"rendered":"https:\/\/kasskoer.ee\/product\/bubu-pets-koeramaius-narimispulk-piparmundiga-500g-2\/"},"modified":"2026-04-20T03:05:45","modified_gmt":"2026-04-20T00:05:45","slug":"bubu-pets-koeramaius-narimispulk-piparmundiga-500g","status":"publish","type":"product","link":"https:\/\/kasskoer.ee\/en\/toode\/bubu-pets-koeramaius-narimispulk-piparmundiga-500g\/","title":{"rendered":"Bubu Pets koeramaius n\u00e4rimispulk piparm\u00fcndiga 500g"},"content":{"rendered":"<p><b>Bubu Pets n\u00e4rimispulk piparm\u00fcndiga &#8211; t\u00e4iends\u00f6\u00f6t t\u00e4iskasvanud koerale.<\/b>&#13;<\/p>\n<li>Maiused aitavad eemaldada ja ennetada hambakivi.<\/li>\n<p>&#13;<\/p>\n<li>Piparm\u00fcnt v\u00e4rskendab hinge\u00f5hku.<\/li>\n<p>&#13;<\/p>\n<li>Suur taassuletav pakend &#8211; nii j\u00e4tkub lemmikule r\u00f5\u00f5mu pikemaks ajaks.<\/li>\n<p>&#13;<br \/>\n<br \/>&#13;<br \/>\n<b>Koostis<\/b><br \/>&#13;<br \/>\nBataat 25%, maisit\u00e4rklis 25%, nisujahu 20%, riisijahu 20%, veiseliha 5%, spirulina 3%, piparm\u00fcndi\u00f5li 2%.<br \/>&#13;<br \/>\n<br \/>&#13;<br \/>\n<b>Anal\u00fc\u00fctilised koostisosad<\/b><br \/>&#13;<br \/>\nToorvalk 6%, toorkiud 3%, toorrasv 3%, toortuhk 3%, niiskus 16%.<br \/>&#13;<br \/>\n<br \/>&#13;<br \/>\n<b>S\u00f6\u00f6tmisjuhend<\/b><br \/> &#13;<br \/>\nAndke maiust vastavalt koera suurusele. Tagage koerale alati v\u00e4rske vee olemasolu. S\u00e4ilitada jahedas ja kuivas kohas suletuna.<\/p>\n","protected":false},"excerpt":{"rendered":"<p>V\u00e4rsket hinge\u00f5hku ja hammaste tervist toetavad maiused lemmikule.<\/p>\n","protected":false},"featured_media":14243,"template":"","meta":[],"product_cat":[1210,688],"product_tag":[],"class_list":{"0":"post-14510","1":"product","2":"type-product","3":"status-publish","4":"has-post-thumbnail","6":"product_cat-koerte-maiused","7":"product_cat-koerad","8":"pa_brand-bubu-pets","9":"pa_ean-2583","10":"pa_kaal-0-500","11":"pa_tootjariik-hiina","13":"first","14":"outofstock","15":"taxable","16":"shipping-taxable","17":"purchasable","18":"product-type-simple"},"_links":{"self":[{"href":"https:\/\/kasskoer.ee\/en\/wp-json\/wp\/v2\/product\/14510","targetHints":{"allow":["GET"]}}],"collection":[{"href":"https:\/\/kasskoer.ee\/en\/wp-json\/wp\/v2\/product"}],"about":[{"href":"https:\/\/kasskoer.ee\/en\/wp-json\/wp\/v2\/types\/product"}],"wp:featuredmedia":[{"embeddable":true,"href":"https:\/\/kasskoer.ee\/en\/wp-json\/wp\/v2\/media\/14243"}],"wp:attachment":[{"href":"https:\/\/kasskoer.ee\/en\/wp-json\/wp\/v2\/media?parent=14510"}],"wp:term":[{"taxonomy":"product_cat","embeddable":true,"href":"https:\/\/kasskoer.ee\/en\/wp-json\/wp\/v2\/product_cat?post=14510"},{"taxonomy":"product_tag","embeddable":true,"href":"https:\/\/kasskoer.ee\/en\/wp-json\/wp\/v2\/product_tag?post=14510"}],"curies":[{"name":"wp","href":"https:\/\/api.w.org\/{rel}","templated":true}]}}