{"id":14526,"date":"2026-04-20T03:05:45","date_gmt":"2026-04-20T00:05:45","guid":{"rendered":"https:\/\/kasskoer.ee\/product\/bubu-pets-naritavad-hambapuhastusharjad-piparmundiga-500g-2\/"},"modified":"2026-04-20T03:05:46","modified_gmt":"2026-04-20T00:05:46","slug":"bubu-pets-naritavad-hambapuhastusharjad-piparmundiga-500g","status":"publish","type":"product","link":"https:\/\/kasskoer.ee\/en\/toode\/bubu-pets-naritavad-hambapuhastusharjad-piparmundiga-500g\/","title":{"rendered":"Bubu Pets n\u00e4ritavad hambapuhastusharjad piparm\u00fcndiga 500g"},"content":{"rendered":"<p><b>Bubu Pets n\u00e4ritavad hambapuhastusharjad piparm\u00fcndiga &#8211; t\u00e4iends\u00f6\u00f6t t\u00e4iskasvanud koerale.<\/b>&#13;<\/p>\n<li>Maiused aitavad eemaldada ja ennetada hambakivi.<\/li>\n<p>&#13;<\/p>\n<li>Piparm\u00fcnt v\u00e4rskendab hinge\u00f5hku.<\/li>\n<p>&#13;<\/p>\n<li>Gluteenivaba.<\/li>\n<p>&#13;<\/p>\n<li>Suur taassuletav pakend &#8211; nii j\u00e4tkub lemmikule r\u00f5\u00f5mu pikemaks ajaks.<\/li>\n<p>&#13;<br \/>\n<br \/>&#13;<br \/>\n<b>Koostis<\/b><br \/>&#13;<br \/>\nBataadijahu 35%, hernejahu 25%, veiseliha 15%, maisit\u00e4rklis 10%, taimne gl\u00fctseriin 5%, kuivatatud p\u00e4rm 5%, spirulina 3%, piparm\u00fcndi\u00f5li 1,5%, taime\u00f5li 0,5%.<br \/>&#13;<br \/>\n<br \/>&#13;<br \/>\n<b>Anal\u00fc\u00fctilised koostisosad<\/b><br \/>&#13;<br \/>\nToorvalk 8%, toorkiud 2%, toorrasv 4%, toortuhk 3%, niiskus 15%.<br \/>&#13;<br \/>\n<br \/>&#13;<br \/>\n<b>S\u00f6\u00f6tmisjuhend<\/b><br \/> &#13;<br \/>\nAndke maiust vastavalt koera suurusele. Tagage koerale alati v\u00e4rske vee olemasolu. S\u00e4ilitada jahedas ja kuivas kohas suletuna.<\/p>\n","protected":false},"excerpt":{"rendered":"<p>V\u00e4rsket hinge\u00f5hku ja hammaste tervist toetavad maiused lemmikule.<\/p>\n","protected":false},"featured_media":14245,"template":"","meta":[],"product_cat":[1210,688],"product_tag":[],"class_list":{"0":"post-14526","1":"product","2":"type-product","3":"status-publish","4":"has-post-thumbnail","6":"product_cat-koerte-maiused","7":"product_cat-koerad","8":"pa_brand-bubu-pets","9":"pa_ean-2584","10":"pa_kaal-0-500","11":"pa_tootjariik-hiina","13":"first","14":"instock","15":"taxable","16":"shipping-taxable","17":"purchasable","18":"product-type-simple"},"_links":{"self":[{"href":"https:\/\/kasskoer.ee\/en\/wp-json\/wp\/v2\/product\/14526","targetHints":{"allow":["GET"]}}],"collection":[{"href":"https:\/\/kasskoer.ee\/en\/wp-json\/wp\/v2\/product"}],"about":[{"href":"https:\/\/kasskoer.ee\/en\/wp-json\/wp\/v2\/types\/product"}],"wp:featuredmedia":[{"embeddable":true,"href":"https:\/\/kasskoer.ee\/en\/wp-json\/wp\/v2\/media\/14245"}],"wp:attachment":[{"href":"https:\/\/kasskoer.ee\/en\/wp-json\/wp\/v2\/media?parent=14526"}],"wp:term":[{"taxonomy":"product_cat","embeddable":true,"href":"https:\/\/kasskoer.ee\/en\/wp-json\/wp\/v2\/product_cat?post=14526"},{"taxonomy":"product_tag","embeddable":true,"href":"https:\/\/kasskoer.ee\/en\/wp-json\/wp\/v2\/product_tag?post=14526"}],"curies":[{"name":"wp","href":"https:\/\/api.w.org\/{rel}","templated":true}]}}