{"id":14546,"date":"2026-04-20T03:05:45","date_gmt":"2026-04-20T00:05:45","guid":{"rendered":"https:\/\/kasskoer.ee\/product\/bubu-pets-rohelise-tee-lohnaga-tofu-kassiliiv-25-kg-6l-2\/"},"modified":"2026-04-20T03:05:48","modified_gmt":"2026-04-20T00:05:48","slug":"bubu-pets-rohelise-tee-lohnaga-tofu-kassiliiv-25-kg-6l","status":"publish","type":"product","link":"https:\/\/kasskoer.ee\/en\/toode\/bubu-pets-rohelise-tee-lohnaga-tofu-kassiliiv-25-kg-6l\/","title":{"rendered":"Bubu Pets rohelise tee l\u00f5hnaga tofu kassiliiv 2,5 kg \/ 6L"},"content":{"rendered":"<p><b>Bubu Pets Tofu on biolagunev taimne kassilliv, mis on keskkonnas\u00f5bralik alternatiiv traditsioonilistele savi- v\u00f5i liivat\u00e4iteainetele.<\/b>&#13;<\/p>\n<li>Poorne struktuur &#8211; tagab vedelike ja ebameeldivate l\u00f5hnade v\u00e4ga hea imendumise.<\/li>\n<p>&#13;<\/p>\n<li>Suurep\u00e4rane paakumine &#8211; muudab kassi tualeti puhastamise v\u00e4ga lihtsaks.<\/li>\n<p>&#13;<\/p>\n<li>Vees t\u00e4ielikult lahustuv &#8211; moodustunud klombid saab mugavalt ja ohutult WC-st alla lasta.<\/li>\n<p>&#13;<\/p>\n<li>Tolmuvaba &#8211; tagab puhtuse \u00fcmber tualeti ja on ideaalne allergikutele.<\/li>\n<p>&#13;<\/p>\n<li>Ei sisalda kemikaale.<\/li>\n<p>&#13;<\/p>\n<li>Bubu Pets Tofu on suurep\u00e4rane valik inimestele, kes soovivad pakkuda oma kassile ohutut ja j\u00e4tkusuutlikku toodet.<\/li>\n","protected":false},"excerpt":{"rendered":"<p>Naturaalne ja biolagunev paakuv taimne kassiliiv.<\/p>\n","protected":false},"featured_media":14250,"template":"","meta":[],"product_cat":[689,565],"product_tag":[],"class_list":{"0":"post-14546","1":"product","2":"type-product","3":"status-publish","4":"has-post-thumbnail","6":"product_cat-kassid","7":"product_cat-kassiliivad","8":"pa_brand-bubu-pets","9":"pa_ean-2587","10":"pa_kaal-2-500","11":"pa_tootjariik-hiina","13":"first","14":"instock","15":"sale","16":"taxable","17":"shipping-taxable","18":"purchasable","19":"product-type-simple"},"_links":{"self":[{"href":"https:\/\/kasskoer.ee\/en\/wp-json\/wp\/v2\/product\/14546","targetHints":{"allow":["GET"]}}],"collection":[{"href":"https:\/\/kasskoer.ee\/en\/wp-json\/wp\/v2\/product"}],"about":[{"href":"https:\/\/kasskoer.ee\/en\/wp-json\/wp\/v2\/types\/product"}],"wp:featuredmedia":[{"embeddable":true,"href":"https:\/\/kasskoer.ee\/en\/wp-json\/wp\/v2\/media\/14250"}],"wp:attachment":[{"href":"https:\/\/kasskoer.ee\/en\/wp-json\/wp\/v2\/media?parent=14546"}],"wp:term":[{"taxonomy":"product_cat","embeddable":true,"href":"https:\/\/kasskoer.ee\/en\/wp-json\/wp\/v2\/product_cat?post=14546"},{"taxonomy":"product_tag","embeddable":true,"href":"https:\/\/kasskoer.ee\/en\/wp-json\/wp\/v2\/product_tag?post=14546"}],"curies":[{"name":"wp","href":"https:\/\/api.w.org\/{rel}","templated":true}]}}