{"id":14550,"date":"2026-04-20T03:05:45","date_gmt":"2026-04-20T00:05:45","guid":{"rendered":"https:\/\/kasskoer.ee\/product\/brit-premium-cat-sterilized-lamb-kassitoit-8kg-2\/"},"modified":"2026-04-20T03:05:48","modified_gmt":"2026-04-20T00:05:48","slug":"brit-premium-cat-sterilized-lamb-kassitoit-8kg","status":"publish","type":"product","link":"https:\/\/kasskoer.ee\/en\/toode\/brit-premium-cat-sterilized-lamb-kassitoit-8kg\/","title":{"rendered":"Brit Premium Cat Sterilized Lamb kassitoit 8kg"},"content":{"rendered":"<p><b>Brit Premium Sterilized Lamb looduslikest koostisosadest preemium h\u00fcpoallergeenne t\u00e4istoit steriliseeritud tundliku seedimisega kassidele lambaga.<\/b>&#13;<\/p>\n<li>Optimaalne uriini pH aitab kuseteede probleeme \u00e4ra hoida.<\/li>\n<p>&#13;<\/p>\n<li>Oomega-3 rasvhapped l\u00e4ikiva karva ja terve naha toetamiseks.<\/li>\n<p>&#13;<\/p>\n<li>Tauriin tagab s\u00fcdame, silmade ja aju \u00f5ige funktsioneerimise.<\/li>\n<p>&#13;<\/p>\n<li>Sisaldab naturaalseid antioks\u00fcdante rosmariini, nelki, kurkumit ja tsitrusvilju.<\/li>\n<p>&#13;<\/p>\n<li>Sisaldab prebiootikume soolestiku tervise ja tugeva immuunsuse jaoks.<\/li>\n<p>&#13;<\/p>\n<li>Ei sisalda nisu, soja ega maisi.<\/li>\n<p>&#13;<br \/>\n<br \/>&#13;<br \/>\n<b>Koostis<\/b><br \/>&#13;<br \/>\nDeh\u00fcdreeritud lammas 26%, riis, deh\u00fcdreeritud kalkun 12%, herned, kanarasv, kuivatatud \u00f5unapulp, l\u00f5he\u00f5li 3%, \u00f5llep\u00e4rm, h\u00fcdrol\u00fc\u00fcsitud kanamaks, naatriumkloriid, kuivatatud spinat 0,5%, mannanoligosahhariidid (150 mg\/kg), fruktooligosahhariidid (120 mg\/kg), t\u00e4\u00e4kliilia (80 mg\/kg), kuivatatud rosmariin (11 mg\/kg), kuivatatud nelk (11 mg\/kg), kuivatatud tsitrusviljad (11 mg\/kg), kuivatatud kurkum (11 mg\/kg).<br \/>&#13;<br \/>\n<br \/>&#13;<br \/>\n<b>Anal\u00fc\u00fctilised koostisosad<\/b><br \/>&#13;<br \/>\nToorvalk 37,0%, toorrasv 14,0%, toorkiud 3,9%, toortuhk 7,8%, niiskus 10,0%, kaltsium 0,7%, fosfor 0,5%, naatrium 1,0%, magneesium 0,02%, oomega-3 0,20%, oomega-6 2,24%.<br \/>&#13;<br \/>\n<br \/>&#13;<br \/>\n<b>S\u00f6\u00f6dalisandid<\/b><br \/>&#13;<br \/>\nA-vitamiin (3a672a) 20 000 R\u00dc, D3-vitamiin (3a671) 850 R\u00dc, E-vitamiin (3a700) 600 mg, C-vitamiin (3a312) 250 mg, tauriin (3a370) 2150 mg, biotiin (3a880) 1,7 mg, tsink (3b606) 140 mg, mangaan (3b504) 50 mg, raud (3b106) 50 mg, vask (3b406) 10 mg, jood (3b201) 3,5 mg, seleen (3b810) 0,16 mg, L-metioniin (3c305) 4000 mg.<br \/>&#13;<br \/>\n<br \/>&#13;<br \/>\n<b>Metaboliseeruv energia<\/b><br \/>&#13;<br \/>\n3,720 kcal\/kg<\/p>\n","protected":false},"excerpt":{"rendered":"<p>Brit Premium t\u00e4iss\u00f6\u00f6t lambaga steriliseeritud kassidele.<\/p>\n","protected":false},"featured_media":14135,"template":"","meta":[],"product_cat":[689,75],"product_tag":[],"class_list":{"0":"post-14550","1":"product","2":"type-product","3":"status-publish","4":"has-post-thumbnail","6":"product_cat-kassid","7":"product_cat-kassitoit","8":"pa_brand-brit-premium","9":"pa_ean-2538","10":"pa_kaal-8-000","11":"pa_tootjariik-tsehhi","13":"first","14":"instock","15":"taxable","16":"shipping-taxable","17":"purchasable","18":"product-type-simple"},"_links":{"self":[{"href":"https:\/\/kasskoer.ee\/en\/wp-json\/wp\/v2\/product\/14550","targetHints":{"allow":["GET"]}}],"collection":[{"href":"https:\/\/kasskoer.ee\/en\/wp-json\/wp\/v2\/product"}],"about":[{"href":"https:\/\/kasskoer.ee\/en\/wp-json\/wp\/v2\/types\/product"}],"wp:featuredmedia":[{"embeddable":true,"href":"https:\/\/kasskoer.ee\/en\/wp-json\/wp\/v2\/media\/14135"}],"wp:attachment":[{"href":"https:\/\/kasskoer.ee\/en\/wp-json\/wp\/v2\/media?parent=14550"}],"wp:term":[{"taxonomy":"product_cat","embeddable":true,"href":"https:\/\/kasskoer.ee\/en\/wp-json\/wp\/v2\/product_cat?post=14550"},{"taxonomy":"product_tag","embeddable":true,"href":"https:\/\/kasskoer.ee\/en\/wp-json\/wp\/v2\/product_tag?post=14550"}],"curies":[{"name":"wp","href":"https:\/\/api.w.org\/{rel}","templated":true}]}}