{"id":14553,"date":"2026-04-20T03:05:48","date_gmt":"2026-04-20T00:05:48","guid":{"rendered":"https:\/\/kasskoer.ee\/product\/brit-care-soup-with-salmon-lohesupp-kassidele-75g-2\/"},"modified":"2026-04-20T03:05:48","modified_gmt":"2026-04-20T00:05:48","slug":"brit-care-soup-with-salmon-lohesupp-kassidele-75g","status":"publish","type":"product","link":"https:\/\/kasskoer.ee\/en\/toode\/brit-care-soup-with-salmon-lohesupp-kassidele-75g\/","title":{"rendered":"Brit Care Soup with Salmon l\u00f5hesupp kassidele 75g"},"content":{"rendered":"<p><b>Brit Care l\u00f5hega teraviljavaba m\u00e4rg t\u00e4iends\u00f6\u00f6t kassidele.<\/b><br \/>&#13;<\/p>\n<li>Sisaldab probiootikume \u2013 inaktiveeritud Lactobacillust, mis toetab immuunsust.<\/li>\n<p>&#13;<\/p>\n<li>Sisaldab prebiootikume \u2013 frukto-oligosahhariidid toetavad soolestiku mikrofloorat.<\/li>\n<p>&#13;<\/p>\n<li>Isu\u00e4ratav ja rahustav \u2013 sisaldab naisten\u00f5gest, mis aitab \u00e4revust maandada.<\/li>\n<p>&#13;<\/p>\n<li>Sisaldab tauriini.<\/li>\n<p>&#13;<\/p>\n<li>Sobib steriliseeritud kassidele &#8211; sisaldab L-metioniini.<\/li>\n<p>&#13;<\/p>\n<li>Teraviljavaba.<\/li>\n<p>&#13;<\/p>\n<li>Ei sisalda GMO-sid, sojat ega lisatud suhkruid.<\/li>\n<p>&#13;<br \/>\n<br \/>&#13;<br \/>\n<b>Koostis<\/b><br \/>&#13;<br \/>\nJoogivesi, 16% kana, 4% l\u00f5he, 0,5% h\u00fcdrol\u00fc\u00fcsitud maks, 0,5% lignotselluloos, kuivatatud harilik naisten\u00f5ges (100 mg\/kg), fruktooligosahhariidid (100 mg\/kg), inaktiveeritud bakterid ja nende osad (Lactobacillus helveticus HA \u2013 122, 1,5 \u00d7 108 rakku\/kg).&#13;<br \/>\n<br \/>&#13;<br \/>\n<br \/><b>Anal\u00fc\u00fctilised koostisosad<\/b><br \/>&#13;<br \/>\nToorvalk 2,0%, toorrasv 1,0%, toorkiud 0,2%, toortuhk 0,5%, niiskus 95,0%, kaltsium 0,01%, fosfor 0,02%, naatrium 0,05%.&#13;<br \/>\n<br \/>&#13;<br \/>\n<br \/><b>S\u00f6\u00f6dalisandid<\/b><br \/>&#13;<br \/>\nL-metioniin (3c305) 500 mg, tauriin (3a370) 500 mg.<br \/>&#13;<br \/>\n<br \/>&#13;<br \/>\n<b>Metaboliseeruv energia<\/b><br \/>&#13;<br \/>\n225 kcal\/kg<br \/>&#13;<br \/>\n<br \/>&#13;<br \/>\n<b>S\u00f6\u00f6tmisjuhend<\/b><br \/>&#13;<br \/>\nIdeaalne kassi h\u00fcdreerituse taseme t\u00f5stmiseks. S\u00f6\u00f6giisu suurendamiseks saab t\u00e4iends\u00f6\u00f6ta kasutada maitsva kattena kuivtoidule. Serveerige toatemperatuuril tavap\u00e4rase toidu lisandina. Soovitatav p\u00e4evane annus v\u00f5ib varieeruda s\u00f5ltuvalt teie kassi vanusest, aktiivsusest ja keskkonnast. Sobiv annus keskmisele t\u00e4iskasvanud kassile on 2 portsjonit p\u00e4evas. Andke kassile alati v\u00e4rsket joogivett. Hoida s\u00f6\u00f6ta kuivas ja jahedas kohas, kaitstuna otsese p\u00e4ikesevalguse eest. P\u00e4rast avamist hoida k\u00fclmkapis ja tarbida 3 p\u00e4eva jooksul.<\/p>\n","protected":false},"excerpt":{"rendered":"<p>Isu\u00e4ratav probiootikumidega l\u00f5hesupp kassile.<\/p>\n","protected":false},"featured_media":14094,"template":"","meta":[],"product_cat":[689,33],"product_tag":[],"class_list":{"0":"post-14553","1":"product","2":"type-product","3":"status-publish","4":"has-post-thumbnail","6":"product_cat-kassid","7":"product_cat-konservid-kassidele","8":"pa_brand-brit-care","9":"pa_ean-2516","10":"pa_kaal-0-075","11":"pa_tootjariik-tsehhi","13":"first","14":"instock","15":"taxable","16":"shipping-taxable","17":"purchasable","18":"product-type-simple"},"_links":{"self":[{"href":"https:\/\/kasskoer.ee\/en\/wp-json\/wp\/v2\/product\/14553","targetHints":{"allow":["GET"]}}],"collection":[{"href":"https:\/\/kasskoer.ee\/en\/wp-json\/wp\/v2\/product"}],"about":[{"href":"https:\/\/kasskoer.ee\/en\/wp-json\/wp\/v2\/types\/product"}],"wp:featuredmedia":[{"embeddable":true,"href":"https:\/\/kasskoer.ee\/en\/wp-json\/wp\/v2\/media\/14094"}],"wp:attachment":[{"href":"https:\/\/kasskoer.ee\/en\/wp-json\/wp\/v2\/media?parent=14553"}],"wp:term":[{"taxonomy":"product_cat","embeddable":true,"href":"https:\/\/kasskoer.ee\/en\/wp-json\/wp\/v2\/product_cat?post=14553"},{"taxonomy":"product_tag","embeddable":true,"href":"https:\/\/kasskoer.ee\/en\/wp-json\/wp\/v2\/product_tag?post=14553"}],"curies":[{"name":"wp","href":"https:\/\/api.w.org\/{rel}","templated":true}]}}