{"id":14554,"date":"2026-04-20T03:05:48","date_gmt":"2026-04-20T00:05:48","guid":{"rendered":"https:\/\/kasskoer.ee\/product\/brit-veterinary-diet-urinary-margtoit-kassidele-85g-2\/"},"modified":"2026-04-20T03:05:48","modified_gmt":"2026-04-20T00:05:48","slug":"brit-veterinary-diet-urinary-margtoit-kassidele-85g","status":"publish","type":"product","link":"https:\/\/kasskoer.ee\/en\/toode\/brit-veterinary-diet-urinary-margtoit-kassidele-85g\/","title":{"rendered":"Brit Veterinary Diet Urinary m\u00e4rgtoit kassidele 85g"},"content":{"rendered":"<p><b>Brit Urinary &#038; Stress Relief teraviljavaba t\u00e4isdieettoit rahustava toimega stressirohketeks olukordadeks ja neerude talitluse toetamiseks neerutalitluse h\u00e4iretega ja kroonilise neerupuudulikkusega kassidele.<\/b><br \/>&#13;<br \/>\n<br \/>&#13;<br \/>\n<b>N\u00e4idustused<\/b>&#13;<\/p>\n<li>Struviidikristallide ja -kivide lahustamine ja ennetamine.<\/li>\n<p>&#13;<\/p>\n<li>Kasside rahustamine stressirohketes olukordades.<\/li>\n<p>&#13;<br \/>\n<br \/>&#13;<br \/>\n<b>Koostis<\/b><br \/>&#13;<br \/>\nFilee 80% lihaga (60% kana, 15% maks, 5% kalkun), h\u00fcdrol\u00fc\u00fcsitud kanamaks 6%, vadak 5%, lignotselluloos 1,5%, hernejahu, kaltsiumsulfaat 0,3% (uriini hapestav aine), kaltsiumkarbonaat 0,3%, naatriumkloriid 0,3%, kuivatatud j\u00f5hvikad 0,1%, mannani-oligosahhariidid 0,003%, fruktooligosahhariidid 0,0022%, Mojave yucca 0,0022%, inaktiveeritud bakterid ja nende osad (Lactobacillus helveticus HA \u2013 122, 1,5&#215;104 rakku\/kg).&#13;<br \/>\n<br \/>&#13;<br \/>\n<br \/><b>Anal\u00fc\u00fctilised koostisosad<\/b><br \/>&#13;<br \/>\nToorvalk 6,0 %, toorrasv 4,0 %, toorkiud 0,5 %, toortuhk 2,5 %, niiskus 10,0 %, kaltsium 0,2 %, fosfor 0,2 %, naatrium 0,2 %, magneesium 0,1 %, kaalium 0,1 %, kloriidid 0,15 %, v\u00e4\u00e4vel 0,1 %, oomega-3 rasvhapped 0,1 %, oomega-6 rasvhapped 0,2 %, h\u00fcdroks\u00fcproliin 0,1 %, vitamiin D 70 R\u00dc\/kg, metioniin 0,15 %.&#13;<br \/>\n<br \/>&#13;<br \/>\n<br \/><b>S\u00f6\u00f6dalisandid<\/b><br \/>&#13;<br \/>\nVitamiin A (3a672a) 3000 R\u00dc, vitamiin D3 (3a671) 70 R\u00dc, vitamiin E (3a700) 80 mg, L-karnitiin (3a310) 25 mg, koliinkloriid (3a890) 1300 mg, biotiin (3a880) 0,18 mg, vitamiin B1 (3a821) 0,8 mg, tsink (3b606) 10 mg, mangaan (3b502) 5,5 mg, raud (3b103) 4,8 mg, jood (3b201) 0,3 mg, vask (3b406) 0,4 mg, seleen (3b810) 0,01 mg, tauriin (3a370) 820 mg, L-metioniin (3c305) 1750 mg, L-tr\u00fcptofaan (3c440) 1300 mg.<br \/>&#13;<br \/>\n<br \/>&#13;<br \/>\n<b>Metaboliseeruv energia<\/b><br \/>&#13;<br \/>\n780 kcal\/kg<br \/>&#13;<br \/>\n<br \/>&#13;<br \/>\n<b>S\u00f6\u00f6tmisjuhend<\/b><br \/>&#13;<br \/>\nKonsulteerige enne Brit VD toidu kasutamist oma veterinaararstiga. Toidul on v\u00f5ime v\u00e4hendada uriini k\u00fcllastumist struviidi osas ja v\u00f5ime uriini hapestada. Andke toitu struviitide lahustamiseks 5- 12 n\u00e4dalat ja kuni 6 kuud struviitide kordumise v\u00e4ltimiseks. K\u00f5igil juhtudel on enne kasutamist v\u00f5i kasutusaja pikendamist soovitatav k\u00fcsida veterinaari arvamust. Andke alati v\u00e4rsket joogivett.<br \/>&#13;<br \/>\n<br \/>&#13;<br \/>\n<b>Soovituslik p\u00e4evane kogus<\/b>&#13;<\/p>\n<figure class=\"table\">\n<table>\n<tbody>\n<tr>\n<td><strong>Kassi kaal (kg)<\/strong><\/td>\n<td>2<\/td>\n<td>4<\/td>\n<td>6<\/td>\n<td>10<\/td>\n<\/tr>\n<tr>\n<td><strong>Einekotikesi p\u00e4evas (tk)<\/strong><\/td>\n<td>2-3<\/td>\n<td>3-4<\/td>\n<td>4-5<\/td>\n<td>5-6<\/td>\n<\/tr>\n<\/tbody>\n<\/table>\n<\/figure>\n","protected":false},"excerpt":{"rendered":"<p>Brit Veterinary struviitkivide ennetamist ja lahustamist toetav m\u00e4rgtoit kassidele.<\/p>\n","protected":false},"featured_media":14096,"template":"","meta":[],"product_cat":[689,33],"product_tag":[],"class_list":{"0":"post-14554","1":"product","2":"type-product","3":"status-publish","4":"has-post-thumbnail","6":"product_cat-kassid","7":"product_cat-konservid-kassidele","8":"pa_brand-brit-gf-veterinary-diet","9":"pa_ean-2517","10":"pa_kaal-0-085","11":"pa_tootjariik-tsehhi","13":"first","14":"instock","15":"taxable","16":"shipping-taxable","17":"purchasable","18":"product-type-simple"},"_links":{"self":[{"href":"https:\/\/kasskoer.ee\/en\/wp-json\/wp\/v2\/product\/14554","targetHints":{"allow":["GET"]}}],"collection":[{"href":"https:\/\/kasskoer.ee\/en\/wp-json\/wp\/v2\/product"}],"about":[{"href":"https:\/\/kasskoer.ee\/en\/wp-json\/wp\/v2\/types\/product"}],"wp:featuredmedia":[{"embeddable":true,"href":"https:\/\/kasskoer.ee\/en\/wp-json\/wp\/v2\/media\/14096"}],"wp:attachment":[{"href":"https:\/\/kasskoer.ee\/en\/wp-json\/wp\/v2\/media?parent=14554"}],"wp:term":[{"taxonomy":"product_cat","embeddable":true,"href":"https:\/\/kasskoer.ee\/en\/wp-json\/wp\/v2\/product_cat?post=14554"},{"taxonomy":"product_tag","embeddable":true,"href":"https:\/\/kasskoer.ee\/en\/wp-json\/wp\/v2\/product_tag?post=14554"}],"curies":[{"name":"wp","href":"https:\/\/api.w.org\/{rel}","templated":true}]}}