{"id":14555,"date":"2026-04-20T03:05:48","date_gmt":"2026-04-20T00:05:48","guid":{"rendered":"https:\/\/kasskoer.ee\/product\/brit-veterinary-diet-renal-margtoit-kassidele-85g-2\/"},"modified":"2026-04-20T03:05:48","modified_gmt":"2026-04-20T00:05:48","slug":"brit-veterinary-diet-renal-margtoit-kassidele-85g","status":"publish","type":"product","link":"https:\/\/kasskoer.ee\/en\/toode\/brit-veterinary-diet-renal-margtoit-kassidele-85g\/","title":{"rendered":"Brit Veterinary Diet Renal m\u00e4rgtoit kassidele 85g"},"content":{"rendered":"<p><b>Brit Renal teraviljavaba t\u00e4isdieettoit neerude talitluse toetamiseks neerutalitluse h\u00e4iretega ja kroonilise neerupuudulikkusega kassidele.<\/b><br \/>&#13;<br \/>\n<br \/>&#13;<br \/>\n<b>N\u00e4idustused<\/b>&#13;<\/p>\n<li>Krooniline neerupuudulikkus.<\/li>\n<p>&#13;<\/p>\n<li>Kardiorenaalne s\u00fcndroom.<\/li>\n<p>&#13;<\/p>\n<li>Uraat- ja ts\u00fcstiinkividega urolitiaas.<\/li>\n<p>&#13;<br \/>\n<br \/>&#13;<br \/>\n<b>Koostis<\/b><br \/>&#13;<br \/>\nFilee 85% lihaga (65% kana, 15% maks, 5% l\u00f5he), h\u00fcdrol\u00fc\u00fcsitud kanamaks 7%, lignotselluloos 1,5%, hernejahu, kaltsiumkarbonaat 0,3%, naatriumkloriid 0,3%, kaaliumtsitraat 0,2%, mannanioligosahhariidid 0,0022%, Mojave yucca 0,002%, fruktooligosahhariidid 0,0018%, kitosaan 0,007%, inaktiveeritud bakterid ja nende osad (Lactobacillus helveticus HA \u2013 122, 1,5&#215;104 rakku\/kg).&#13;<br \/>\n<br \/>&#13;<br \/>\n<br \/><b>Anal\u00fc\u00fctilised koostisosad<\/b><br \/>&#13;<br \/>\nToorvalk 5,5 %, toorrasv 4,0 %, toorkiud 0,5 %, toortuhk 2,5 %, niiskus 82,0 %, kaltsium 0,2 %, fosfor 0,2 %, naatrium 0,2 %, magneesium 0,1 %, kaalium 0,1 %, arginiin 0,03 %, tauriin 0,1 %, oomega-3 rasvhapped 0,1 %, oomega-6 rasvhapped 0,2 %.&#13;<br \/>\n<br \/>&#13;<br \/>\n<br \/><b>S\u00f6\u00f6dalisandid<\/b><br \/>&#13;<br \/>\nVitamiin A (3a672a) 3400 R\u00dc, vitamiin D3 (3a671) 100 R\u00dc, vitamiin E (3a700) 100 mg, vitamiin C (3a312) 40 mg, L-karnitiin (3a310) 20 mg, koliinkloriid (3a890) 1300 mg, biotiin (3a880) 0,25 mg, vitamiin B1 (3a821) 1 mg, tsink (3b606) 10 mg, mangaan (3b502) 5 mg, raud (3b103) 5 mg, jood (3b201) 0,3 mg, vask (3b406) 0,3 mg, seleen (3b810) 0,02 mg, tauriin (3a370) 820 mg, L-arginiin (3c3.6.1) 280 mg, L-metioniin (3c305) 1750 mg.<br \/>&#13;<br \/>\n<br \/>&#13;<br \/>\n<b>Metaboliseeruv energia<\/b><br \/>&#13;<br \/>\n780 kcal\/kg<br \/>&#13;<br \/>\n<br \/>&#13;<br \/>\n<b>S\u00f6\u00f6tmisjuhend<\/b><br \/>&#13;<br \/>\nKonsulteerige enne Brit VD toidu kasutamist oma veterinaararstiga. Enamik kroonilist neerupuudulikkus p\u00f5devaid kasse kannatab isupuuduse v\u00f5i anoreksia all, mis on tingitud seedetrakti limaskesti \u00e4rritavatest ureemilistest toksiinidest. Isupuuduse ajal toimuv valkude katabolism suurendab ureemiliste toksiinide tootmist ja halvendab seisundit. Seet\u00f5ttu on vajalik s\u00e4ilitada toidu tarbimist ja minna j\u00e4rk-j\u00e4rgult \u00fcle eelmiselt toidult kassitoidule Brit VD Renal Cat.<br \/>&#13;<br \/>\n<br \/>&#13;<br \/>\n<b>Soovituslik p\u00e4evane kogus<\/b>&#13;<\/p>\n<figure class=\"table\">\n<table>\n<tbody>\n<tr>\n<td><strong>Kassi kaal (kg)<\/strong><\/td>\n<td>2<\/td>\n<td>4<\/td>\n<td>6<\/td>\n<td>10<\/td>\n<\/tr>\n<tr>\n<td><strong>Einekotikesi p\u00e4evas (tk)<\/strong><\/td>\n<td>2-3<\/td>\n<td>3-4<\/td>\n<td>4-5<\/td>\n<td>5-6<\/td>\n<\/tr>\n<\/tbody>\n<\/table>\n<\/figure>\n","protected":false},"excerpt":{"rendered":"<p>Brit Veterinary neerude talitlust toetav m\u00e4rgtoit kassidele.<\/p>\n","protected":false},"featured_media":14098,"template":"","meta":[],"product_cat":[689,33],"product_tag":[],"class_list":{"0":"post-14555","1":"product","2":"type-product","3":"status-publish","4":"has-post-thumbnail","6":"product_cat-kassid","7":"product_cat-konservid-kassidele","8":"pa_brand-brit-gf-veterinary-diet","9":"pa_ean-2518","10":"pa_kaal-0-085","11":"pa_tootjariik-tsehhi","13":"first","14":"instock","15":"taxable","16":"shipping-taxable","17":"purchasable","18":"product-type-simple"},"_links":{"self":[{"href":"https:\/\/kasskoer.ee\/en\/wp-json\/wp\/v2\/product\/14555","targetHints":{"allow":["GET"]}}],"collection":[{"href":"https:\/\/kasskoer.ee\/en\/wp-json\/wp\/v2\/product"}],"about":[{"href":"https:\/\/kasskoer.ee\/en\/wp-json\/wp\/v2\/types\/product"}],"wp:featuredmedia":[{"embeddable":true,"href":"https:\/\/kasskoer.ee\/en\/wp-json\/wp\/v2\/media\/14098"}],"wp:attachment":[{"href":"https:\/\/kasskoer.ee\/en\/wp-json\/wp\/v2\/media?parent=14555"}],"wp:term":[{"taxonomy":"product_cat","embeddable":true,"href":"https:\/\/kasskoer.ee\/en\/wp-json\/wp\/v2\/product_cat?post=14555"},{"taxonomy":"product_tag","embeddable":true,"href":"https:\/\/kasskoer.ee\/en\/wp-json\/wp\/v2\/product_tag?post=14555"}],"curies":[{"name":"wp","href":"https:\/\/api.w.org\/{rel}","templated":true}]}}