{"id":14557,"date":"2026-04-20T03:05:48","date_gmt":"2026-04-20T00:05:48","guid":{"rendered":"https:\/\/kasskoer.ee\/product\/brit-veterinary-diet-gastrointestinal-margtoit-kassidele-85g-2\/"},"modified":"2026-04-20T03:05:48","modified_gmt":"2026-04-20T00:05:48","slug":"brit-veterinary-diet-gastrointestinal-margtoit-kassidele-85g","status":"publish","type":"product","link":"https:\/\/kasskoer.ee\/en\/toode\/brit-veterinary-diet-gastrointestinal-margtoit-kassidele-85g\/","title":{"rendered":"Brit Veterinary Diet Gastrointestinal m\u00e4rgtoit kassidele 85g"},"content":{"rendered":"<p><b>Brit Gastrointestinal teraviljavaba t\u00e4isdieettoit seedetrakti h\u00e4iretega kassidele.<\/b><br \/>&#13;<br \/>\n<br \/>&#13;<br \/>\n<b>N\u00e4idustused<\/b>&#13;<\/p>\n<li>\u00c4ge gastroenteriit (k\u00f5hulahtisus, oksendamine).<\/li>\n<p>&#13;<\/p>\n<li>Krooniline gastroenteriit (k\u00f5hulahtisus, oksendamine).<\/li>\n<p>&#13;<\/p>\n<li>P\u00f5letikuline soolehaigus (IBD).<\/li>\n<p>&#13;<\/p>\n<li>K\u00f5hulahtisus v\u00f5i k\u00f5hukinnisus.<\/li>\n<p>&#13;<br \/>\n<br \/>&#13;<br \/>\n<b>Koostis<\/b><br \/>&#13;<br \/>\nFilee 85% lihaga (65% kana, 15% maks, 5% lamba magu), h\u00fcdrol\u00fc\u00fcsitud kanamaks 5%, lignotselluloos 1,5%, hernejahu, \u00f5llep\u00e4rm 1%, kaltsiumkarbonaat 0,3%, naatriumkloriid 0,3%, mannani-oligosahhariidid 0,003%, fruktooligosahhariidid 0,0022%, Mojave yucca 0,0022%, inaktiveeritud bakterid ja nende osad (Lactobacillus helveticus HA \u2013 122, 1,5&#215;104 rakku\/kg).&#13;<br \/>\n<br \/>&#13;<br \/>\n<br \/><b>Anal\u00fc\u00fctilised koostisosad<\/b><br \/>&#13;<br \/>\nToorvalk 6,5 %, toorrasv 2,5 %, toorkiud 0,6 %, toortuhk 2,5 %, niiskus 82,0 %, \u00fcldsuhkrut (NFE-na) 5,9 %, kaltsium 0,2 %, fosfor 0,2 %, naatrium 0,2 %, magneesium 0,03 %, kaalium 0,1 %, oomega-3 rasvhapped 0,1 %, oomega-6 rasvhapped 0,2 %.&#13;<br \/>\n<br \/>&#13;<br \/>\n<br \/><b>S\u00f6\u00f6dalisandid<\/b><br \/>&#13;<br \/>\nVitamiin A (3a672a) 4200 R\u00dc, vitamiin D3 (3a671) 140 R\u00dc, vitamiin E (3a700) 130 mg, vitamiin C (3a312) 40 mg, L-karnitiin (3a310) 28 mg, koliinkloriid (3a890) 1300 mg, biotiin (3a880) 0,4 mg, vitamiin B1 (3a821) 1,4 mg, tsink (3b606) 14 mg, mangaan (3b502) 7 mg, raud (3b103) 7 mg, jood (3b201) 0,5 mg, vask (3b406) 1,2 mg, seleen (3b810) 0,02 mg, tauriin (3a370) 820 mg, naatriumglutamaat (2b621) 1000 mg, L-metioniin (3c305) 1750 mg. Tehnoloogilised lisandid: settelise p\u00e4ritoluga klinoptiloliit (1g568) 1750 mg.<br \/>&#13;<br \/>\n<br \/><b>Metaboliseeruv energia<\/b><br \/>&#13;<br \/>\n715 kcal\/kg<br \/>&#13;<br \/>\n<br \/>&#13;<br \/>\n<b>S\u00f6\u00f6tmisjuhend<\/b><br \/>&#13;<br \/>\nKonsulteerige enne Brit VD toidu kasutamist oma veterinaararstiga. Kergesti seeditav toit \u2013 seedimise h\u00e4irete korral anda esialgu kuni 12 n\u00e4dalat ja kroonilise k\u00f5hun\u00e4\u00e4rme puudulikkuse korral eluaegselt. K\u00f5igil juhtudel on enne kasutamist v\u00f5i kasutusaja pikendamist soovitatav k\u00fcsida veterinaari arvamust. Andke alati v\u00e4rsket joogivett.<br \/>&#13;<br \/>\n<br \/>&#13;<br \/>\n<b>Soovituslik p\u00e4evane kogus<\/b>&#13;<\/p>\n<figure class=\"table\">\n<table>\n<tbody>\n<tr>\n<td><strong>Kassi kaal (kg)<\/strong><\/td>\n<td>2<\/td>\n<td>4<\/td>\n<td>6<\/td>\n<td>10<\/td>\n<\/tr>\n<tr>\n<td><strong>Einekotikesi p\u00e4evas (tk)<\/strong><\/td>\n<td>2-3<\/td>\n<td>3-4<\/td>\n<td>4-5<\/td>\n<td>5-6<\/td>\n<\/tr>\n<\/tbody>\n<\/table>\n<\/figure>\n","protected":false},"excerpt":{"rendered":"<p>Brit Veterinary m\u00e4rgtoit seedetrakti h\u00e4iretega kassidele.<\/p>\n","protected":false},"featured_media":14102,"template":"","meta":[],"product_cat":[689,33],"product_tag":[],"class_list":{"0":"post-14557","1":"product","2":"type-product","3":"status-publish","4":"has-post-thumbnail","6":"product_cat-kassid","7":"product_cat-konservid-kassidele","8":"pa_brand-brit-gf-veterinary-diet","9":"pa_ean-2520","10":"pa_kaal-0-085","11":"pa_tootjariik-tsehhi","13":"first","14":"instock","15":"taxable","16":"shipping-taxable","17":"purchasable","18":"product-type-simple"},"_links":{"self":[{"href":"https:\/\/kasskoer.ee\/en\/wp-json\/wp\/v2\/product\/14557","targetHints":{"allow":["GET"]}}],"collection":[{"href":"https:\/\/kasskoer.ee\/en\/wp-json\/wp\/v2\/product"}],"about":[{"href":"https:\/\/kasskoer.ee\/en\/wp-json\/wp\/v2\/types\/product"}],"wp:featuredmedia":[{"embeddable":true,"href":"https:\/\/kasskoer.ee\/en\/wp-json\/wp\/v2\/media\/14102"}],"wp:attachment":[{"href":"https:\/\/kasskoer.ee\/en\/wp-json\/wp\/v2\/media?parent=14557"}],"wp:term":[{"taxonomy":"product_cat","embeddable":true,"href":"https:\/\/kasskoer.ee\/en\/wp-json\/wp\/v2\/product_cat?post=14557"},{"taxonomy":"product_tag","embeddable":true,"href":"https:\/\/kasskoer.ee\/en\/wp-json\/wp\/v2\/product_tag?post=14557"}],"curies":[{"name":"wp","href":"https:\/\/api.w.org\/{rel}","templated":true}]}}