{"id":14558,"date":"2026-04-20T03:05:48","date_gmt":"2026-04-20T00:05:48","guid":{"rendered":"https:\/\/kasskoer.ee\/product\/brit-vitamins-skin-coat-toidulisand-koertele-150g-2\/"},"modified":"2026-04-20T03:05:49","modified_gmt":"2026-04-20T00:05:49","slug":"brit-vitamins-skin-coat-toidulisand-koertele-150g","status":"publish","type":"product","link":"https:\/\/kasskoer.ee\/en\/toode\/brit-vitamins-skin-coat-toidulisand-koertele-150g\/","title":{"rendered":"Brit Vitamins Skin &#038; Coat toidulisand koertele 150g"},"content":{"rendered":"<p><b>Brit Vitamins Skin &#038; Coat funktsionaalne poolniiske t\u00e4iends\u00f6\u00f6t koertele loomuliku ja tervisliku karvkatte toetamiseks. <\/b><br \/>&#13;<br \/>\nSoovitatav t\u00e4iskasvanud koertele karvavahetusperioodil ja koertele, kes vajavad erilist karvahooldust.<br \/>&#13;<\/p>\n<li>L\u00f5he\u00f5li ja vetikad \u2013 oomega-3 rasvhapete allikad.<\/li>\n<p>&#13;<\/p>\n<li>Linaseemned \u2013 alfa-linoleenhappe allikas.<\/li>\n<p>&#13;<\/p>\n<li>Saialill, orgaaniline tsink &#038; B-vitamiinid &#8211; naha &#038; karvkatte toetus.<\/li>\n<p>&#13;<\/p>\n<li>Ei sisalda teravilja, soja, kunstlikke v\u00e4rvaineid ega GMO-sid.<\/li>\n<p>&#13;<br \/>\n<br \/>&#13;<br \/>\n<b>Koostis<\/b><br \/>&#13;<br \/>\nL\u00f5hevalk (26%), hernejahu, taimset p\u00e4ritolu gl\u00fctserool, kuivatatud vetikad (6%, Schizochytrium limacinum), l\u00f5he\u00f5li (5%), kuivatatud saialill (4%), linaseemned (4%), h\u00fcdrol\u00fc\u00fcsitud kanamaks, kollageen, melass.&#13;<br \/>\n<br \/>&#13;<br \/>\n<br \/><b>Anal\u00fc\u00fctilised koostisosad<\/b><br \/>&#13;<br \/>\nToorvalk 12.0%, toorrasv 10.5%, niiskus 17.0%, toortuhk 3.2%, toorkiud 3.5%, kaltsium 0.5%, fosfor 0.4%, naatrium 0.5%, oomega-3 rasvhapped 4.0%, oomega-6 rasvhapped 1.1%, EPA (20:5 n-3) 0.3%, DHA (22:6 n-3) 1.5%.&#13;<br \/>\n<br \/>&#13;<br \/>\n<br \/><b>S\u00f6\u00f6dalisandid<\/b><br \/>&#13;<br \/>\nVitamiin C (3a312) 5,000 mg, biotiin (3a880) 1,500 mg, vitamiin B2 (3a825i) 400 mg, niatsiinamiid (3a315) 3,000 mg, kaltsium-D-pantotenaat (3a841) 1,500 mg, tsink (3b612) 4,000 mg. Sisaldab ELi poolt heaks kiidetud s\u00e4ilitusaineid: sidrunhape (1a330), DL-\u00f5unhape (1a296).<br \/>&#13;<br \/>\n<br \/>&#13;<br \/>\n<b>Metaboliseeruv energia<\/b><br \/>&#13;<br \/>\n3340 kcal\/kg<br \/>&#13;<br \/>\n<br \/>&#13;<br \/>\n<b>S\u00f6\u00f6tmisjuhend<\/b><br \/>&#13;<br \/>\nKasutage kui funktsionaalset maiust koera \u00fcldise tervise toetamiseks, see toode ei asenda t\u00e4isv\u00e4\u00e4rtuslikku toitu. Veenduge, et teie koeral oleks alati saadaval v\u00e4rske vesi. J\u00e4rgige toitmistabelit ja \u00e4rge toitke liigselt. Juhusliku \u00fcledoosi korral p\u00f6\u00f6rduge veterinaari poole.<br \/>&#13;<br \/>\n<br \/>&#13;<br \/>\n<b>Soovituslik p\u00e4evane kogus<\/b>&#13;<\/p>\n<figure class=\"table\">\n<table>\n<tbody>\n<tr>\n<td><strong>Koera kaal (kg)<\/strong><\/td>\n<td>\u2264 10<\/td>\n<td>10-25<\/td>\n<td>25-50<\/td>\n<td>+ 50 kg<\/td>\n<\/tr>\n<tr>\n<td><strong>Tabletti p\u00e4evas (tk)<\/strong><\/td>\n<td>1<\/td>\n<td>2<\/td>\n<td>3<\/td>\n<td>5<\/td>\n<\/tr>\n<\/tbody>\n<\/table>\n<\/figure>\n","protected":false},"excerpt":{"rendered":"<p>Funktsionaalne poolniiske t\u00e4iends\u00f6\u00f6t loomuliku ja tervisliku karvkatte toetamiseks.<\/p>\n","protected":false},"featured_media":14104,"template":"","meta":[],"product_cat":[1318,688],"product_tag":[],"class_list":{"0":"post-14558","1":"product","2":"type-product","3":"status-publish","4":"has-post-thumbnail","6":"product_cat-koerte-toidulisandid","7":"product_cat-koerad","8":"pa_brand-brit","9":"pa_ean-2521","10":"pa_kaal-0-150","11":"pa_tootjariik-euroopa-liit","13":"first","14":"instock","15":"taxable","16":"shipping-taxable","17":"purchasable","18":"product-type-simple"},"_links":{"self":[{"href":"https:\/\/kasskoer.ee\/en\/wp-json\/wp\/v2\/product\/14558","targetHints":{"allow":["GET"]}}],"collection":[{"href":"https:\/\/kasskoer.ee\/en\/wp-json\/wp\/v2\/product"}],"about":[{"href":"https:\/\/kasskoer.ee\/en\/wp-json\/wp\/v2\/types\/product"}],"wp:featuredmedia":[{"embeddable":true,"href":"https:\/\/kasskoer.ee\/en\/wp-json\/wp\/v2\/media\/14104"}],"wp:attachment":[{"href":"https:\/\/kasskoer.ee\/en\/wp-json\/wp\/v2\/media?parent=14558"}],"wp:term":[{"taxonomy":"product_cat","embeddable":true,"href":"https:\/\/kasskoer.ee\/en\/wp-json\/wp\/v2\/product_cat?post=14558"},{"taxonomy":"product_tag","embeddable":true,"href":"https:\/\/kasskoer.ee\/en\/wp-json\/wp\/v2\/product_tag?post=14558"}],"curies":[{"name":"wp","href":"https:\/\/api.w.org\/{rel}","templated":true}]}}