{"id":14559,"date":"2026-04-20T03:05:48","date_gmt":"2026-04-20T00:05:48","guid":{"rendered":"https:\/\/kasskoer.ee\/product\/brit-vitamins-probiotic-toidulisand-koertele-150g-2\/"},"modified":"2026-04-20T03:05:49","modified_gmt":"2026-04-20T00:05:49","slug":"brit-vitamins-postbiotics-toidulisand-koertele-150g","status":"publish","type":"product","link":"https:\/\/kasskoer.ee\/en\/toode\/brit-vitamins-postbiotics-toidulisand-koertele-150g\/","title":{"rendered":"Brit Vitamins Postbiotics toidulisand koertele 150g"},"content":{"rendered":"<p><b>Brit Vitamins Postbiotics funktsionaalne poolniiske t\u00e4iends\u00f6\u00f6t koertele immuunsuse ja loomuliku bakteriaalse tasakaalu toetamiseks. <\/b><br \/>&#13;<br \/>\nSoovitatav t\u00e4iskasvanud koertele, kellel on seedeprobleeme v\u00f5i kes kasutavad antibiootikume.<br \/>&#13;<\/p>\n<li>\u03b2-gl\u00fckaanid &#038; inuliin \u2013 soolestiku tervise toetus.<\/li>\n<p>&#13;<\/p>\n<li>MOS \u2013 seedimise toetus.<\/li>\n<p>&#13;<\/p>\n<li>Mojave yucca \u2013 seedeh\u00e4irete k\u00f5rvaldamine \/ l\u00f5hna kontroll.<\/li>\n<p>&#13;<\/p>\n<li>Lactobacillus \u2013 probiootiline m\u00f5ju.<\/li>\n<p>&#13;<\/p>\n<li>Ei sisalda teravilja, soja, kunstlikke v\u00e4rvaineid ega GMO-sid.<\/li>\n<p>&#13;<br \/>\n<br \/>&#13;<br \/>\n<b>Koostis<\/b><br \/>&#13;<br \/>\nKanavalk (26%), hernejahu, taimset p\u00e4ritolu gl\u00fctserool, inuliin (12%), \u03b2-gl\u00fckaanid (10%), manno-oligosahhariidid (6%), h\u00fcdrol\u00fc\u00fcsitud kanamaks, kollageen, melass, Mojave yucca (1%), inaktiveeritud Lactobacillus helveticus HA \u2013 122 (15&#215;109 rakku\/kg).&#13;<br \/>\n<br \/>&#13;<br \/>\n<br \/><b>Anal\u00fc\u00fctilised koostisosad<\/b><br \/>&#13;<br \/>\nToorvalk 14.0%, toorrasv 2.5%, niiskus 17.0%, toortuhk 3.0%, toorkiud 1.0%, kaltsium 0.3%, fosfor 0.4%, naatrium 0.4%, oomega-3 rasvhapped 0.1%, oomega-6 rasvhapped 0.3%.&#13;<br \/>\n<br \/>&#13;<br \/>\n<br \/><b>S\u00f6\u00f6dalisandid<\/b><br \/>&#13;<br \/>\nVitamiin C (3a312) 100 mg. Sisaldab ELi poolt heaks kiidetud s\u00e4ilitusaineid: sidrunhape (1a330), DL-\u00f5unhape (1a296).<br \/>&#13;<br \/>\n<br \/>&#13;<br \/>\n<b>Metaboliseeruv energia<\/b><br \/>&#13;<br \/>\n3120 kcal\/kg<br \/>&#13;<br \/>\n<br \/>&#13;<br \/>\n<b>S\u00f6\u00f6tmisjuhend<\/b><br \/>&#13;<br \/>\nKasutage kui funktsionaalset maiust koera \u00fcldise tervise toetamiseks, see toode ei asenda t\u00e4isv\u00e4\u00e4rtuslikku toitu. Veenduge, et teie koeral oleks alati saadaval v\u00e4rske vesi. J\u00e4rgige toitmistabelit ja \u00e4rge toitke liigselt. Juhusliku \u00fcledoosi korral p\u00f6\u00f6rduge veterinaari poole.<br \/>&#13;<br \/>\n<br \/>&#13;<br \/>\n<b>Soovituslik p\u00e4evane kogus<\/b>&#13;<\/p>\n<figure class=\"table\">\n<table>\n<tbody>\n<tr>\n<td><strong>Koera kaal (kg)<\/strong><\/td>\n<td>\u2264 10<\/td>\n<td>10-25<\/td>\n<td>25-50<\/td>\n<td>+ 50 kg<\/td>\n<\/tr>\n<tr>\n<td><strong>Tabletti p\u00e4evas (tk)<\/strong><\/td>\n<td>1<\/td>\n<td>2<\/td>\n<td>3<\/td>\n<td>5<\/td>\n<\/tr>\n<\/tbody>\n<\/table>\n<\/figure>\n","protected":false},"excerpt":{"rendered":"<p>Funktsionaalne poolniiske t\u00e4iends\u00f6\u00f6t immuunsuse ja loomuliku bakteriaalse tasakaalu toetamiseks.<\/p>\n","protected":false},"featured_media":14106,"template":"","meta":[],"product_cat":[1318,688],"product_tag":[],"class_list":{"0":"post-14559","1":"product","2":"type-product","3":"status-publish","4":"has-post-thumbnail","6":"product_cat-koerte-toidulisandid","7":"product_cat-koerad","8":"pa_brand-brit","9":"pa_ean-2522","10":"pa_kaal-0-150","11":"pa_tootjariik-euroopa-liit","13":"first","14":"instock","15":"taxable","16":"shipping-taxable","17":"purchasable","18":"product-type-simple"},"_links":{"self":[{"href":"https:\/\/kasskoer.ee\/en\/wp-json\/wp\/v2\/product\/14559","targetHints":{"allow":["GET"]}}],"collection":[{"href":"https:\/\/kasskoer.ee\/en\/wp-json\/wp\/v2\/product"}],"about":[{"href":"https:\/\/kasskoer.ee\/en\/wp-json\/wp\/v2\/types\/product"}],"wp:featuredmedia":[{"embeddable":true,"href":"https:\/\/kasskoer.ee\/en\/wp-json\/wp\/v2\/media\/14106"}],"wp:attachment":[{"href":"https:\/\/kasskoer.ee\/en\/wp-json\/wp\/v2\/media?parent=14559"}],"wp:term":[{"taxonomy":"product_cat","embeddable":true,"href":"https:\/\/kasskoer.ee\/en\/wp-json\/wp\/v2\/product_cat?post=14559"},{"taxonomy":"product_tag","embeddable":true,"href":"https:\/\/kasskoer.ee\/en\/wp-json\/wp\/v2\/product_tag?post=14559"}],"curies":[{"name":"wp","href":"https:\/\/api.w.org\/{rel}","templated":true}]}}