{"id":14560,"date":"2026-04-20T03:05:48","date_gmt":"2026-04-20T00:05:48","guid":{"rendered":"https:\/\/kasskoer.ee\/product\/brit-vitamins-multivitamin-toidulisand-koertele-150g-2\/"},"modified":"2026-04-20T03:05:49","modified_gmt":"2026-04-20T00:05:49","slug":"brit-vitamins-multivitamin-toidulisand-koertele-150g","status":"publish","type":"product","link":"https:\/\/kasskoer.ee\/en\/toode\/brit-vitamins-multivitamin-toidulisand-koertele-150g\/","title":{"rendered":"Brit Vitamins Multivitamin toidulisand koertele 150g"},"content":{"rendered":"<p><b>Brit Vitamins Multivitamin funktsionaalne poolniiske t\u00e4iends\u00f6\u00f6t koertele tervise ja immuunsuse toetamiseks.<\/b>&#13;<br \/>\n<br \/>Soovitatav t\u00e4iskasvanud koertele, kellel on n\u00f5rgenenud immuuns\u00fcsteem ja igap\u00e4evase heaolu toetamiseks.<br \/>&#13;<\/p>\n<li>Taimede kompleks \u2013 antioks\u00fcdatiivsed omadused \/ seedimise toetus \/ antimikroobne toime.<\/li>\n<p>&#13;<\/p>\n<li>Multivitamiini &#038; orgaaniliste mineraalide kompleks.<\/li>\n<p>&#13;<\/p>\n<li>Ei sisalda teravilja, soja, kunstlikke v\u00e4rvaineid ega GMO-sid.<\/li>\n<p>&#13;<br \/>\n<br \/>&#13;<br \/>\n<b>Koostis<\/b><br \/>&#13;<br \/>\nKanavalk (26%), hernejahu, taimset p\u00e4ritolu gl\u00fctserool, h\u00fcdrol\u00fc\u00fcsitud kanamaks, kollageen, melass, gl\u00fckoosamiin (1%), kondroitiinsulfaat (0.5%), kuivatatud apteegitill (0.2%), kuivatatud t\u00fc\u00fcmian (0.2%), kuivatatud pruunvetikas (0.2%), kuivatatud kaneel (0.2%), kuivatatud basiilik (0.2%), manno-oligosahhariidid (0.12%), inuliin (0.08%), Mojave yucca (0.08%).&#13;<br \/>\n<br \/>&#13;<br \/>\n<br \/><b>Anal\u00fc\u00fctilised koostisosad<\/b><br \/>&#13;<br \/>\nToorvalk 24.0%, toorrasv 3.5%, niiskus 17.0%, toortuhk 5.5%, toorkiud 3.4%, kaltsium 0.6%, fosfor 0.5%, naatrium 0.5%.&#13;<br \/>\n<br \/>&#13;<br \/>\n<br \/><b>S\u00f6\u00f6dalisandid<\/b><br \/>&#13;<br \/>\nVitamiin A (3a672a) 200000 R\u00dc, vitamiin D3 (3a671) 12600 R\u00dc, vitamiin E (3a700) 4400 mg, vitamiin C (3a312) 5000 mg, koliinkloriid (3a890) 4800 mg, biotiin (3a880) 4.8 mg, vitamiin B1 (3a821) 24 mg, vitamiin B2 (3a825i) 30 mg, niatsiinamiid (3a315) 120 mg, kaltsium-D-pantotenaat (3a841) 80 mg, vitamiin B6 (3a831) 24 mg, foolhape (3a316) 4 mg, vitamiin B12 0.3 mg, tsink (3b606) 665mg, raud (3b106) 580 mg, mangaan (3b504) 285 mg, jood (3b201) 5.2mg, vask (3b406) 100 mg, seleen (3b810) 1.3 mg. Sisaldab ELi poolt heaks kiidetud s\u00e4ilitusaineid: sidrunhape (1a330), DL-\u00f5unhape (1a296).<br \/>&#13;<br \/>\n<br \/>&#13;<br \/>\n<b>Metaboliseeruv energia<\/b><br \/>&#13;<br \/>\n2985 kcal\/kg<br \/>&#13;<br \/>\n<br \/>&#13;<br \/>\n<b>S\u00f6\u00f6tmisjuhend<\/b><br \/>&#13;<br \/>\nKasutage kui funktsionaalset maiust koera \u00fcldise tervise toetamiseks, see toode ei asenda t\u00e4isv\u00e4\u00e4rtuslikku toitu. Veenduge, et teie koeral oleks alati saadaval v\u00e4rske vesi. J\u00e4rgige toitmistabelit ja \u00e4rge toitke liigselt. Juhusliku \u00fcledoosi korral p\u00f6\u00f6rduge veterinaari poole.<br \/>&#13;<br \/>\n<br \/>&#13;<br \/>\n<b>Soovituslik p\u00e4evane kogus<\/b>&#13;<\/p>\n<figure class=\"table\">\n<table>\n<tbody>\n<tr>\n<td><strong>Koera kaal (kg)<\/strong><\/td>\n<td>\u2264 10<\/td>\n<td>10-25<\/td>\n<td>25-50<\/td>\n<td>+ 50 kg<\/td>\n<\/tr>\n<tr>\n<td><strong>Tabletti p\u00e4evas (tk)<\/strong><\/td>\n<td>1<\/td>\n<td>2<\/td>\n<td>3<\/td>\n<td>5<\/td>\n<\/tr>\n<\/tbody>\n<\/table>\n<\/figure>\n","protected":false},"excerpt":{"rendered":"<p>Funktsionaalne poolniiske t\u00e4iends\u00f6\u00f6t tervise ja immuunsuse toetamiseks.<\/p>\n","protected":false},"featured_media":14108,"template":"","meta":[],"product_cat":[1318,688],"product_tag":[],"class_list":{"0":"post-14560","1":"product","2":"type-product","3":"status-publish","4":"has-post-thumbnail","6":"product_cat-koerte-toidulisandid","7":"product_cat-koerad","8":"pa_brand-brit","9":"pa_ean-2523","10":"pa_kaal-0-150","11":"pa_tootjariik-euroopa-liit","13":"first","14":"instock","15":"taxable","16":"shipping-taxable","17":"purchasable","18":"product-type-simple"},"_links":{"self":[{"href":"https:\/\/kasskoer.ee\/en\/wp-json\/wp\/v2\/product\/14560","targetHints":{"allow":["GET"]}}],"collection":[{"href":"https:\/\/kasskoer.ee\/en\/wp-json\/wp\/v2\/product"}],"about":[{"href":"https:\/\/kasskoer.ee\/en\/wp-json\/wp\/v2\/types\/product"}],"wp:featuredmedia":[{"embeddable":true,"href":"https:\/\/kasskoer.ee\/en\/wp-json\/wp\/v2\/media\/14108"}],"wp:attachment":[{"href":"https:\/\/kasskoer.ee\/en\/wp-json\/wp\/v2\/media?parent=14560"}],"wp:term":[{"taxonomy":"product_cat","embeddable":true,"href":"https:\/\/kasskoer.ee\/en\/wp-json\/wp\/v2\/product_cat?post=14560"},{"taxonomy":"product_tag","embeddable":true,"href":"https:\/\/kasskoer.ee\/en\/wp-json\/wp\/v2\/product_tag?post=14560"}],"curies":[{"name":"wp","href":"https:\/\/api.w.org\/{rel}","templated":true}]}}