{"id":14561,"date":"2026-04-20T03:05:48","date_gmt":"2026-04-20T00:05:48","guid":{"rendered":"https:\/\/kasskoer.ee\/product\/brit-vitamins-mobility-toidulisand-koertele-150g-2\/"},"modified":"2026-04-20T03:05:49","modified_gmt":"2026-04-20T00:05:49","slug":"brit-vitamins-mobility-toidulisand-koertele-150g","status":"publish","type":"product","link":"https:\/\/kasskoer.ee\/en\/toode\/brit-vitamins-mobility-toidulisand-koertele-150g\/","title":{"rendered":"Brit Vitamins Mobility toidulisand koertele 150g"},"content":{"rendered":"<p><b>Brit Vitamins Mobility funktsionaalne poolniiske t\u00e4iends\u00f6\u00f6t koertele, mis toetab luude ja liigeste tervist.<\/b>&#13;<br \/>\n<br \/>Soovitatav aktiivsetele t\u00f6\u00f6- ja spordikoertele t\u00e4iskasvanueas ning vanemate koerte liikuvuse toetamiseks.<br \/>&#13;<\/p>\n<li>MSM, kondroitiinsulfaat, gl\u00fckoosamiin, Boswellia serrata, kassik\u00fc\u00fcs \u2013 liigeste tervise toetamine.<\/li>\n<p>&#13;<\/p>\n<li>Vitamiin C &#038; kollageen \u2013 liigeste &#038; k\u00f5\u00f5luste tervise toetamine.<\/li>\n<p>&#13;<\/p>\n<li>L\u00f5he &#038; vetikad \u2013 oomega-3 rasvhapete allikas \/ DHA \u2013 toetab liigeste tervist ja on p\u00f5letikuvastase toimega.<\/li>\n<p>&#13;<\/p>\n<li>Munakoored &#8211; looduslik kaltsiumi allikas.<\/li>\n<p>&#13;<\/p>\n<li>Ei sisalda teravilja, soja, kunstlikke v\u00e4rvaineid ega GMO-sid.<\/li>\n<p>&#13;<br \/>\n<br \/>&#13;<br \/>\n<b>Koostis<\/b><br \/>&#13;<br \/>\nL\u00f5hevalk (26%), hernejahu, taimset p\u00e4ritolu gl\u00fctserool, gl\u00fckoosamiin (14%), kondroitiinsulfaat (8%), met\u00fc\u00fclsulfon\u00fc\u00fclmetaan (5%), h\u00fcdrol\u00fc\u00fcsitud kanamaks, kollageen (4%, t\u00fc\u00fcp I. h\u00fcdrol\u00fc\u00fcsitud), kuivatatud vetikad (2%, Schizochytrium limacinum), melass, munakoored (1%), kuivatatud Boswellia serrata (0,5%), kuivatatud kassi k\u00fc\u00fcnis (0,5%), rohelise rannakarbi ekstrakt (Perna canaliculus, 0,1%).&#13;<br \/>\n<br \/>&#13;<br \/>\n<br \/><b>Anal\u00fc\u00fctilised koostisosad<\/b><br \/>&#13;<br \/>\nToorvalk 18.0 %, toorrasv 3.5 %, niiskus 17.0 %, toortuhk 6.0 %, toorkiud 2.8 %, kaltsium 0.8 %, fosfor 0.5 %, naatrium 0.5 %, oomega-3 rasvhapped 1.0 %, oomega-6 rasvhapped 0.2 %, EPA (20:5 n-3) 0.2 %, DHA (22:6 n-3) 0.3 %.&#13;<br \/>\n<br \/>&#13;<br \/>\n<br \/><b>S\u00f6\u00f6dalisandid<\/b><br \/>&#13;<br \/>\nVitamiin C (3a312) 5,000 mg. Sisaldab ELi poolt heaks kiidetud s\u00e4ilitusaineid: sidrunhape (1a330), DL-\u00f5unhape (1a296).<br \/>&#13;<br \/>\n<br \/>&#13;<br \/>\n<b>Metaboliseeruv energia<\/b><br \/>&#13;<br \/>\n2980 kcal\/kg<br \/>&#13;<br \/>\n<br \/>&#13;<br \/>\n<b>S\u00f6\u00f6tmisjuhend<\/b><br \/>&#13;<br \/>\nKasutage kui funktsionaalset maiust koera \u00fcldise tervise toetamiseks, see toode ei asenda t\u00e4isv\u00e4\u00e4rtuslikku toitu. Veenduge, et teie koeral oleks alati saadaval v\u00e4rske vesi. J\u00e4rgige toitmistabelit ja \u00e4rge toitke liigselt. Juhusliku \u00fcledoosi korral p\u00f6\u00f6rduge veterinaari poole.<br \/>&#13;<br \/>\n<br \/>&#13;<br \/>\n<b>Soovituslik p\u00e4evane kogus<\/b>&#13;<\/p>\n<figure class=\"table\">\n<table>\n<tbody>\n<tr>\n<td><strong>Koera kaal (kg)<\/strong><\/td>\n<td>\u2264 10<\/td>\n<td>10-25<\/td>\n<td>25-50<\/td>\n<td>+ 50 kg<\/td>\n<\/tr>\n<tr>\n<td><strong>Tabletti p\u00e4evas (tk)<\/strong><\/td>\n<td>1<\/td>\n<td>2<\/td>\n<td>3<\/td>\n<td>5<\/td>\n<\/tr>\n<\/tbody>\n<\/table>\n<\/figure>\n","protected":false},"excerpt":{"rendered":"<p>Funktsionaalne poolpehme t\u00e4iends\u00f6\u00f6t tervete luude ja liigeste toetamiseks.<\/p>\n","protected":false},"featured_media":14110,"template":"","meta":[],"product_cat":[1318,688],"product_tag":[],"class_list":{"0":"post-14561","1":"product","2":"type-product","3":"status-publish","4":"has-post-thumbnail","6":"product_cat-koerte-toidulisandid","7":"product_cat-koerad","8":"pa_brand-brit","9":"pa_ean-2524","10":"pa_kaal-0-150","11":"pa_tootjariik-euroopa-liit","13":"first","14":"instock","15":"taxable","16":"shipping-taxable","17":"purchasable","18":"product-type-simple"},"_links":{"self":[{"href":"https:\/\/kasskoer.ee\/en\/wp-json\/wp\/v2\/product\/14561","targetHints":{"allow":["GET"]}}],"collection":[{"href":"https:\/\/kasskoer.ee\/en\/wp-json\/wp\/v2\/product"}],"about":[{"href":"https:\/\/kasskoer.ee\/en\/wp-json\/wp\/v2\/types\/product"}],"wp:featuredmedia":[{"embeddable":true,"href":"https:\/\/kasskoer.ee\/en\/wp-json\/wp\/v2\/media\/14110"}],"wp:attachment":[{"href":"https:\/\/kasskoer.ee\/en\/wp-json\/wp\/v2\/media?parent=14561"}],"wp:term":[{"taxonomy":"product_cat","embeddable":true,"href":"https:\/\/kasskoer.ee\/en\/wp-json\/wp\/v2\/product_cat?post=14561"},{"taxonomy":"product_tag","embeddable":true,"href":"https:\/\/kasskoer.ee\/en\/wp-json\/wp\/v2\/product_tag?post=14561"}],"curies":[{"name":"wp","href":"https:\/\/api.w.org\/{rel}","templated":true}]}}