{"id":14562,"date":"2026-04-20T03:05:48","date_gmt":"2026-04-20T00:05:48","guid":{"rendered":"https:\/\/kasskoer.ee\/product\/chipsi-climate-kanepikiust-alusmatt-l-2\/"},"modified":"2026-04-20T03:05:49","modified_gmt":"2026-04-20T00:05:49","slug":"chipsi-climate-kanepikiust-alusmatt-l","status":"publish","type":"product","link":"https:\/\/kasskoer.ee\/en\/toode\/chipsi-climate-kanepikiust-alusmatt-l\/","title":{"rendered":"Chipsi Climate kanepikiust alusmatt L"},"content":{"rendered":"<p><b>Chipsi Climate kanepikiust alusmatt j\u00e4nestele ja n\u00e4rilistele.<\/b>&#13;<\/p>\n<li>Matt loob suurep\u00e4rase aluspinna m\u00e4ngimiseks ja l\u00f5\u00f5gastumiseks.<\/li>\n<p>&#13;<\/p>\n<li>Pehme alusmatt on hea soojusisolatsiooniga.<\/li>\n<p>&#13;<\/p>\n<li>Kanepimatt on h\u00fcgieeniline ning ei p\u00f5hjusta allergilisi reaktsioone.<\/li>\n<p>&#13;<\/p>\n<li>Alusmatt on tolmuvaba ning imab endasse ebameeldivad l\u00f5hnad ja vedelikud.<\/li>\n<p>&#13;<\/p>\n<li>Ei sisalda keemilisi lisandeid.<\/li>\n<p>&#13;<\/p>\n<li>100% biolagunev ja komposteeritav.<\/li>\n<p>&#13;<\/p>\n<li>Mati m\u00f5\u00f5dud: 45x95cm.<\/li>\n","protected":false},"excerpt":{"rendered":"<p>Naturaalsest kanepikiust valmistatud alusvaip n\u00e4rilistele ja j\u00e4nestele.<\/p>\n","protected":false},"featured_media":14065,"template":"","meta":[],"product_cat":[693,3078,924],"product_tag":[],"class_list":{"0":"post-14562","1":"product","2":"type-product","3":"status-publish","4":"has-post-thumbnail","6":"product_cat-muud-loomad","7":"product_cat-narilised","8":"product_cat-nariliste-tarvikud","9":"pa_brand-chipsi","10":"pa_ean-2502","11":"pa_kaal-0-600","12":"pa_tootjariik-saksamaa","14":"first","15":"instock","16":"taxable","17":"shipping-taxable","18":"purchasable","19":"product-type-simple"},"_links":{"self":[{"href":"https:\/\/kasskoer.ee\/en\/wp-json\/wp\/v2\/product\/14562","targetHints":{"allow":["GET"]}}],"collection":[{"href":"https:\/\/kasskoer.ee\/en\/wp-json\/wp\/v2\/product"}],"about":[{"href":"https:\/\/kasskoer.ee\/en\/wp-json\/wp\/v2\/types\/product"}],"wp:featuredmedia":[{"embeddable":true,"href":"https:\/\/kasskoer.ee\/en\/wp-json\/wp\/v2\/media\/14065"}],"wp:attachment":[{"href":"https:\/\/kasskoer.ee\/en\/wp-json\/wp\/v2\/media?parent=14562"}],"wp:term":[{"taxonomy":"product_cat","embeddable":true,"href":"https:\/\/kasskoer.ee\/en\/wp-json\/wp\/v2\/product_cat?post=14562"},{"taxonomy":"product_tag","embeddable":true,"href":"https:\/\/kasskoer.ee\/en\/wp-json\/wp\/v2\/product_tag?post=14562"}],"curies":[{"name":"wp","href":"https:\/\/api.w.org\/{rel}","templated":true}]}}