{"id":14563,"date":"2026-04-20T03:05:48","date_gmt":"2026-04-20T00:05:48","guid":{"rendered":"https:\/\/kasskoer.ee\/product\/chipsi-sunshine-bio-nature-hein-06kg-2\/"},"modified":"2026-04-20T03:05:49","modified_gmt":"2026-04-20T00:05:49","slug":"chipsi-sunshine-bio-nature-hein-06kg","status":"publish","type":"product","link":"https:\/\/kasskoer.ee\/en\/toode\/chipsi-sunshine-bio-nature-hein-06kg\/","title":{"rendered":"Chipsi Sunshine Bio Nature hein 0,6kg"},"content":{"rendered":"<p><b>Chipsi Sunshine Bio niiduhein m\u00e4gedest n\u00e4rilistele ja v\u00e4ikeloomadele.<\/b>&#13;<\/p>\n<li>Kvaliteetne mahep\u00f5llumajanduslikult sertifitseeritud s\u00f6\u00f6t.<\/li>\n<p>&#13;<\/p>\n<li>Puhas ja t\u00f6\u00f6tlemata, ilma keemiliste lisanditeta.<\/li>\n<p>&#13;<\/p>\n<li>Suurep\u00e4rane seeduvus.<\/li>\n<p>&#13;<\/p>\n<li>Hoolikalt kuivatatud ja p\u00f5hjalikult tolmust puhastatud.<\/li>\n<p>&#13;<\/p>\n<li>Aitab kaasa loomulikule hammaste kulumisele.<\/li>\n<p>&#13;<\/p>\n<li>K\u00f5rge kiudainesisaldus.<\/li>\n<p>&#13;<\/p>\n<li>Sisaldab olulisi vitamiine ja mineraalaineid.<\/li>\n<p>&#13;<\/p>\n<li>Toetab seedimist ja soolestiku mikrofloorat.<\/li>\n","protected":false},"excerpt":{"rendered":"<p>Orgaaniline m\u00e4gede niidu hein j\u00e4nestele ja n\u00e4rilistele.<\/p>\n","protected":false},"featured_media":14073,"template":"","meta":[],"product_cat":[693,3078,52],"product_tag":[],"class_list":{"0":"post-14563","1":"product","2":"type-product","3":"status-publish","4":"has-post-thumbnail","6":"product_cat-muud-loomad","7":"product_cat-narilised","8":"product_cat-nariliste-toit","9":"pa_brand-chipsi","10":"pa_ean-2506","11":"pa_kaal-0-600","12":"pa_tootjariik-saksamaa","14":"first","15":"outofstock","16":"taxable","17":"shipping-taxable","18":"purchasable","19":"product-type-simple"},"_links":{"self":[{"href":"https:\/\/kasskoer.ee\/en\/wp-json\/wp\/v2\/product\/14563","targetHints":{"allow":["GET"]}}],"collection":[{"href":"https:\/\/kasskoer.ee\/en\/wp-json\/wp\/v2\/product"}],"about":[{"href":"https:\/\/kasskoer.ee\/en\/wp-json\/wp\/v2\/types\/product"}],"wp:featuredmedia":[{"embeddable":true,"href":"https:\/\/kasskoer.ee\/en\/wp-json\/wp\/v2\/media\/14073"}],"wp:attachment":[{"href":"https:\/\/kasskoer.ee\/en\/wp-json\/wp\/v2\/media?parent=14563"}],"wp:term":[{"taxonomy":"product_cat","embeddable":true,"href":"https:\/\/kasskoer.ee\/en\/wp-json\/wp\/v2\/product_cat?post=14563"},{"taxonomy":"product_tag","embeddable":true,"href":"https:\/\/kasskoer.ee\/en\/wp-json\/wp\/v2\/product_tag?post=14563"}],"curies":[{"name":"wp","href":"https:\/\/api.w.org\/{rel}","templated":true}]}}