{"id":14565,"date":"2026-04-20T03:05:48","date_gmt":"2026-04-20T00:05:48","guid":{"rendered":"https:\/\/kasskoer.ee\/product\/chipsi-sunshine-timothy-hein-08kg-2\/"},"modified":"2026-04-20T03:05:49","modified_gmt":"2026-04-20T00:05:49","slug":"chipsi-sunshine-timothy-hein-08kg","status":"publish","type":"product","link":"https:\/\/kasskoer.ee\/en\/toode\/chipsi-sunshine-timothy-hein-08kg\/","title":{"rendered":"Chipsi Sunshine Timothy hein 0,8kg"},"content":{"rendered":"<p><b>Chipsi Sunshine Timothy naturaalne niiduhein p\u00f5ldtimutiga n\u00e4rilistele ja v\u00e4ikeloomadele.<\/b>&#13;<\/p>\n<li>Lopsakatelt niitudelt, kus on suur liigirikkus.<\/li>\n<p>&#13;<\/p>\n<li>P\u00f5ldtimuti tugev varre struktuur aitab h\u00e4sti kaasa loomulikule hammaste kulumisele.<\/li>\n<p>&#13;<\/p>\n<li>K\u00f5rge kiudainesisaldus.<\/li>\n<p>&#13;<\/p>\n<li>Sisaldab olulisi vitamiine ja mineraalaineid.<\/li>\n<p>&#13;<\/p>\n<li>Toetab seedimist ja soolestiku mikrofloorat.<\/li>\n<p>&#13;<br \/>\n<br \/>&#13;<br \/>\n<b>Koostis<\/b><br \/>&#13;<br \/>\nNiidul kuivatatud hein (96%), kuivatatud p\u00f5ldtimuti hein (4%).<br \/>&#13;<br \/>\n<br \/>&#13;<br \/>\n<b>Anal\u00fc\u00fctiline koostis<\/b><br \/>&#13;<br \/>\nToorkiud 27.4%, toorvalk 15.5%, toortuhk 7.4%, toorrasv 1.4%.<\/p>\n","protected":false},"excerpt":{"rendered":"<p>P\u00f5ldtimutiga hein j\u00e4nestele ja n\u00e4rilistele.<\/p>\n","protected":false},"featured_media":14075,"template":"","meta":[],"product_cat":[693,3078,52],"product_tag":[],"class_list":{"0":"post-14565","1":"product","2":"type-product","3":"status-publish","4":"has-post-thumbnail","6":"product_cat-muud-loomad","7":"product_cat-narilised","8":"product_cat-nariliste-toit","9":"pa_brand-chipsi","10":"pa_ean-2507","11":"pa_kaal-0-800","12":"pa_tootjariik-saksamaa","14":"first","15":"outofstock","16":"taxable","17":"shipping-taxable","18":"purchasable","19":"product-type-simple"},"_links":{"self":[{"href":"https:\/\/kasskoer.ee\/en\/wp-json\/wp\/v2\/product\/14565","targetHints":{"allow":["GET"]}}],"collection":[{"href":"https:\/\/kasskoer.ee\/en\/wp-json\/wp\/v2\/product"}],"about":[{"href":"https:\/\/kasskoer.ee\/en\/wp-json\/wp\/v2\/types\/product"}],"wp:featuredmedia":[{"embeddable":true,"href":"https:\/\/kasskoer.ee\/en\/wp-json\/wp\/v2\/media\/14075"}],"wp:attachment":[{"href":"https:\/\/kasskoer.ee\/en\/wp-json\/wp\/v2\/media?parent=14565"}],"wp:term":[{"taxonomy":"product_cat","embeddable":true,"href":"https:\/\/kasskoer.ee\/en\/wp-json\/wp\/v2\/product_cat?post=14565"},{"taxonomy":"product_tag","embeddable":true,"href":"https:\/\/kasskoer.ee\/en\/wp-json\/wp\/v2\/product_tag?post=14565"}],"curies":[{"name":"wp","href":"https:\/\/api.w.org\/{rel}","templated":true}]}}