{"id":14568,"date":"2026-04-20T03:05:48","date_gmt":"2026-04-20T00:05:48","guid":{"rendered":"https:\/\/kasskoer.ee\/product\/chipsi-farmland-olgedest-allapanu-4kg-2\/"},"modified":"2026-04-20T03:05:49","modified_gmt":"2026-04-20T00:05:49","slug":"chipsi-farmland-olgedest-allapanu-4kg","status":"publish","type":"product","link":"https:\/\/kasskoer.ee\/en\/toode\/chipsi-farmland-olgedest-allapanu-4kg\/","title":{"rendered":"Chipsi Farmland \u00f5lgedest allapanu 4kg"},"content":{"rendered":"<p><b>Chipsi Farmland looduslik \u00f5lgedest allapanu n\u00e4rilistele.<\/b>&#13;<\/p>\n<li>V\u00e4rske aroom innustab n\u00e4rima ja s\u00f6\u00f6ma, aidates seel\u00e4bi kaasa hammaste loomulikule kulumisele ning toimides ka igap\u00e4evase kiudainelisandina.<\/li>\n<p>&#13;<\/p>\n<li>Naturaalne pehme pesamaterjal.<\/li>\n<p>&#13;<\/p>\n<li>Tolmust puhastatud ja h\u00fcgieeniline.<\/li>\n<p>&#13;<\/p>\n<li>Neelab endasse ebameeldivad l\u00f5hnad.<\/li>\n<p>&#13;<\/p>\n<li>100% komposteeritav.<\/li>\n","protected":false},"excerpt":{"rendered":"<p>Naturaalne hoolikalt valitud \u00f5lgedest allapanu n\u00e4rilistele.<\/p>\n","protected":false},"featured_media":14069,"template":"","meta":[],"product_cat":[1316,693,3078],"product_tag":[],"class_list":{"0":"post-14568","1":"product","2":"type-product","3":"status-publish","4":"has-post-thumbnail","6":"product_cat-nariliste-allapanu","7":"product_cat-muud-loomad","8":"product_cat-narilised","9":"pa_brand-chipsi","10":"pa_ean-2504","11":"pa_kaal-4-000","12":"pa_tootjariik-saksamaa","14":"first","15":"instock","16":"taxable","17":"shipping-taxable","18":"purchasable","19":"product-type-simple"},"_links":{"self":[{"href":"https:\/\/kasskoer.ee\/en\/wp-json\/wp\/v2\/product\/14568","targetHints":{"allow":["GET"]}}],"collection":[{"href":"https:\/\/kasskoer.ee\/en\/wp-json\/wp\/v2\/product"}],"about":[{"href":"https:\/\/kasskoer.ee\/en\/wp-json\/wp\/v2\/types\/product"}],"wp:featuredmedia":[{"embeddable":true,"href":"https:\/\/kasskoer.ee\/en\/wp-json\/wp\/v2\/media\/14069"}],"wp:attachment":[{"href":"https:\/\/kasskoer.ee\/en\/wp-json\/wp\/v2\/media?parent=14568"}],"wp:term":[{"taxonomy":"product_cat","embeddable":true,"href":"https:\/\/kasskoer.ee\/en\/wp-json\/wp\/v2\/product_cat?post=14568"},{"taxonomy":"product_tag","embeddable":true,"href":"https:\/\/kasskoer.ee\/en\/wp-json\/wp\/v2\/product_tag?post=14568"}],"curies":[{"name":"wp","href":"https:\/\/api.w.org\/{rel}","templated":true}]}}