{"id":14569,"date":"2026-04-20T03:05:48","date_gmt":"2026-04-20T00:05:48","guid":{"rendered":"https:\/\/kasskoer.ee\/product\/pets-dream-paper-pure-taaskasutatud-paberist-allapanu-10l-2\/"},"modified":"2026-04-20T03:05:49","modified_gmt":"2026-04-20T00:05:49","slug":"pets-dream-paper-pure-taaskasutatud-paberist-allapanu-10l","status":"publish","type":"product","link":"https:\/\/kasskoer.ee\/en\/toode\/pets-dream-paper-pure-taaskasutatud-paberist-allapanu-10l\/","title":{"rendered":"Pet&#8217;s Dream Paper Pure taaskasutatud paberist allapanu 10L"},"content":{"rendered":"<p><b>Pet&#8217;s Dream Paper Pure \u00fcmbert\u00f6\u00f6deldud paberi kiududest allapanu kassidele, j\u00e4nestele, n\u00e4rilistele ja lindudele.<\/b>&#13;<\/p>\n<li>K\u00f5rge vedelike imavus (> 230%).<\/li>\n<p>&#13;<\/p>\n<li>Praktiliselt tolmu- ja mikroobivaba<\/li>\n<p>&#13;<\/p>\n<li>100% biolagunev.<\/li>\n<p>&#13;<\/p>\n<li>Keskkonnas\u00f5bralik ja j\u00e4tkusuutlik.<\/li>\n","protected":false},"excerpt":{"rendered":"<p>Universaalne taaskasutatud paberist granuleeritud allapanu lemmikloomadele.<\/p>\n","protected":false},"featured_media":14053,"template":"","meta":[],"product_cat":[1316,693,3078],"product_tag":[],"class_list":{"0":"post-14569","1":"product","2":"type-product","3":"status-publish","4":"has-post-thumbnail","6":"product_cat-nariliste-allapanu","7":"product_cat-muud-loomad","8":"product_cat-narilised","9":"pa_brand-pets-dream","10":"pa_ean-2496","11":"pa_kaal-4-800","12":"pa_tootjariik-saksamaa","14":"first","15":"instock","16":"taxable","17":"shipping-taxable","18":"purchasable","19":"product-type-simple"},"_links":{"self":[{"href":"https:\/\/kasskoer.ee\/en\/wp-json\/wp\/v2\/product\/14569","targetHints":{"allow":["GET"]}}],"collection":[{"href":"https:\/\/kasskoer.ee\/en\/wp-json\/wp\/v2\/product"}],"about":[{"href":"https:\/\/kasskoer.ee\/en\/wp-json\/wp\/v2\/types\/product"}],"wp:featuredmedia":[{"embeddable":true,"href":"https:\/\/kasskoer.ee\/en\/wp-json\/wp\/v2\/media\/14053"}],"wp:attachment":[{"href":"https:\/\/kasskoer.ee\/en\/wp-json\/wp\/v2\/media?parent=14569"}],"wp:term":[{"taxonomy":"product_cat","embeddable":true,"href":"https:\/\/kasskoer.ee\/en\/wp-json\/wp\/v2\/product_cat?post=14569"},{"taxonomy":"product_tag","embeddable":true,"href":"https:\/\/kasskoer.ee\/en\/wp-json\/wp\/v2\/product_tag?post=14569"}],"curies":[{"name":"wp","href":"https:\/\/api.w.org\/{rel}","templated":true}]}}