{"id":14571,"date":"2026-04-20T03:05:48","date_gmt":"2026-04-20T00:05:48","guid":{"rendered":"https:\/\/kasskoer.ee\/product\/chipsi-carefresh-original-tselluloosist-allapanu-14l-2\/"},"modified":"2026-04-20T03:05:49","modified_gmt":"2026-04-20T00:05:49","slug":"chipsi-carefresh-original-tselluloosist-allapanu-14l","status":"publish","type":"product","link":"https:\/\/kasskoer.ee\/en\/toode\/chipsi-carefresh-original-tselluloosist-allapanu-14l\/","title":{"rendered":"Chipsi Carefresh Original tselluloosist allapanu 14L"},"content":{"rendered":"<p><b>Chipsi Carefresh Original naturaalne allapanu j\u00e4nestele ja n\u00e4rilistele.<\/b>&#13;<\/p>\n<li>Allapanu on v\u00e4ga pehme, pakkudes teie lemmikule parimat kaitset ja mugavust.<\/li>\n<p>&#13;<\/p>\n<li>\u00dcksikud tupsud toimivad pesamaterjalina pesade ehitamiseks ja urgude kaevamiseks, pakkudes teie karvasele s\u00f5brale sooja magamiskohta.<\/li>\n<p>&#13;<\/p>\n<li>3 korda imavam kui tavaline saepuru &#8211; tagab, et puur p\u00fcsib kuiv, l\u00f5hnatu ja h\u00fcgieeniline pikemat aega.<\/li>\n<p>&#13;<\/p>\n<li>100% biolagunev.<\/li>\n","protected":false},"excerpt":{"rendered":"<p>Naturaalne taimsetest kiududest allapanu j\u00e4nestele ja n\u00e4rilistele.<\/p>\n","protected":false},"featured_media":14057,"template":"","meta":[],"product_cat":[1316,693,3078],"product_tag":[],"class_list":{"0":"post-14571","1":"product","2":"type-product","3":"status-publish","4":"has-post-thumbnail","6":"product_cat-nariliste-allapanu","7":"product_cat-muud-loomad","8":"product_cat-narilised","9":"pa_brand-chipsi","10":"pa_ean-2498","11":"pa_kaal-1-000","12":"pa_tootjariik-saksamaa","14":"first","15":"instock","16":"taxable","17":"shipping-taxable","18":"purchasable","19":"product-type-simple"},"_links":{"self":[{"href":"https:\/\/kasskoer.ee\/en\/wp-json\/wp\/v2\/product\/14571","targetHints":{"allow":["GET"]}}],"collection":[{"href":"https:\/\/kasskoer.ee\/en\/wp-json\/wp\/v2\/product"}],"about":[{"href":"https:\/\/kasskoer.ee\/en\/wp-json\/wp\/v2\/types\/product"}],"wp:featuredmedia":[{"embeddable":true,"href":"https:\/\/kasskoer.ee\/en\/wp-json\/wp\/v2\/media\/14057"}],"wp:attachment":[{"href":"https:\/\/kasskoer.ee\/en\/wp-json\/wp\/v2\/media?parent=14571"}],"wp:term":[{"taxonomy":"product_cat","embeddable":true,"href":"https:\/\/kasskoer.ee\/en\/wp-json\/wp\/v2\/product_cat?post=14571"},{"taxonomy":"product_tag","embeddable":true,"href":"https:\/\/kasskoer.ee\/en\/wp-json\/wp\/v2\/product_tag?post=14571"}],"curies":[{"name":"wp","href":"https:\/\/api.w.org\/{rel}","templated":true}]}}