{"id":14573,"date":"2026-04-20T03:05:48","date_gmt":"2026-04-20T00:05:48","guid":{"rendered":"https:\/\/kasskoer.ee\/product\/chipsi-ultra-puidugraanulid-10l-43kg-2\/"},"modified":"2026-04-20T03:05:50","modified_gmt":"2026-04-20T00:05:50","slug":"chipsi-ultra-puidugraanulid-10l-43kg","status":"publish","type":"product","link":"https:\/\/kasskoer.ee\/en\/toode\/chipsi-ultra-puidugraanulid-10l-43kg\/","title":{"rendered":"Chipsi Ultra puidugraanulid 10L 4,3kg"},"content":{"rendered":"<p><b>Chipsi Ultra 100% orgaaniline allapanu v\u00e4ikestele lemmikloomadele.<\/b>&#13;<\/p>\n<li>Imab endasse 5 korda rohkem vedelikke v\u00f5rreldes tavalise saepurust allapanuga.<\/li>\n<p>&#13;<\/p>\n<li>Seob endasse suurep\u00e4raselt k\u00f5ik ebameeldivad l\u00f5hnad.<\/li>\n<p>&#13;<\/p>\n<li>Mugav ja \u00f6konoomne t\u00e4nu oma erakordsele imavusele.<\/li>\n<p>&#13;<\/p>\n<li>Ultra pehme ja m\u00f5nus sinu lemmiku k\u00e4ppadele.<\/li>\n<p>&#13;<\/p>\n<li>Peened graanulid on praktiliselt tolmuvabad.<\/li>\n<p>&#13;<\/p>\n<li>100% biolagunev.<\/li>\n","protected":false},"excerpt":{"rendered":"<p>Innovaatilised pehme puidu allapanu peened graanulid j\u00e4nestele ja n\u00e4rilistele.<\/p>\n","protected":false},"featured_media":14059,"template":"","meta":[],"product_cat":[1316,693,3078],"product_tag":[],"class_list":{"0":"post-14573","1":"product","2":"type-product","3":"status-publish","4":"has-post-thumbnail","6":"product_cat-nariliste-allapanu","7":"product_cat-muud-loomad","8":"product_cat-narilised","9":"pa_brand-chipsi","10":"pa_ean-2499","11":"pa_kaal-4-300","12":"pa_tootjariik-saksamaa","14":"first","15":"instock","16":"taxable","17":"shipping-taxable","18":"purchasable","19":"product-type-simple"},"_links":{"self":[{"href":"https:\/\/kasskoer.ee\/en\/wp-json\/wp\/v2\/product\/14573","targetHints":{"allow":["GET"]}}],"collection":[{"href":"https:\/\/kasskoer.ee\/en\/wp-json\/wp\/v2\/product"}],"about":[{"href":"https:\/\/kasskoer.ee\/en\/wp-json\/wp\/v2\/types\/product"}],"wp:featuredmedia":[{"embeddable":true,"href":"https:\/\/kasskoer.ee\/en\/wp-json\/wp\/v2\/media\/14059"}],"wp:attachment":[{"href":"https:\/\/kasskoer.ee\/en\/wp-json\/wp\/v2\/media?parent=14573"}],"wp:term":[{"taxonomy":"product_cat","embeddable":true,"href":"https:\/\/kasskoer.ee\/en\/wp-json\/wp\/v2\/product_cat?post=14573"},{"taxonomy":"product_tag","embeddable":true,"href":"https:\/\/kasskoer.ee\/en\/wp-json\/wp\/v2\/product_tag?post=14573"}],"curies":[{"name":"wp","href":"https:\/\/api.w.org\/{rel}","templated":true}]}}