{"id":14574,"date":"2026-04-20T03:05:48","date_gmt":"2026-04-20T00:05:48","guid":{"rendered":"https:\/\/kasskoer.ee\/product\/chipsi-maisiallapanu-vaikeloomadele-10l-2\/"},"modified":"2026-04-20T03:05:50","modified_gmt":"2026-04-20T00:05:50","slug":"chipsi-maisiallapanu-vaikeloomadele-10l","status":"publish","type":"product","link":"https:\/\/kasskoer.ee\/en\/toode\/chipsi-maisiallapanu-vaikeloomadele-10l\/","title":{"rendered":"Chipsi maisiallapanu v\u00e4ikeloomadele 10L"},"content":{"rendered":"<p><b>Chipsi 100% orgaaniline maisist allapanu j\u00e4nestele, n\u00e4rilistele ja lindudele.<\/b>&#13;<\/p>\n<li>\u00dclim puhtus.<\/li>\n<p>&#13;<\/p>\n<li>Suurep\u00e4rane imavus.<\/li>\n<p>&#13;<\/p>\n<li>Maisigraanulid on raskemad kui puidugraanulid, mist\u00f5ttu ei j\u00e4\u00e4 nad sulgede, karvade ega k\u00e4ppade k\u00fclge.<\/li>\n<p>&#13;<\/p>\n<li>Komposteeritav.<\/li>\n","protected":false},"excerpt":{"rendered":"<p>Naturaalne maisist allapanu n\u00e4rilistele ja lindudele.<\/p>\n","protected":false},"featured_media":14051,"template":"","meta":[],"product_cat":[1316,693,3078],"product_tag":[],"class_list":{"0":"post-14574","1":"product","2":"type-product","3":"status-publish","4":"has-post-thumbnail","6":"product_cat-nariliste-allapanu","7":"product_cat-muud-loomad","8":"product_cat-narilised","9":"pa_brand-chipsi","10":"pa_ean-2494","11":"pa_kaal-4-200","12":"pa_tootjariik-saksamaa","14":"first","15":"instock","16":"taxable","17":"shipping-taxable","18":"purchasable","19":"product-type-simple"},"_links":{"self":[{"href":"https:\/\/kasskoer.ee\/en\/wp-json\/wp\/v2\/product\/14574","targetHints":{"allow":["GET"]}}],"collection":[{"href":"https:\/\/kasskoer.ee\/en\/wp-json\/wp\/v2\/product"}],"about":[{"href":"https:\/\/kasskoer.ee\/en\/wp-json\/wp\/v2\/types\/product"}],"wp:featuredmedia":[{"embeddable":true,"href":"https:\/\/kasskoer.ee\/en\/wp-json\/wp\/v2\/media\/14051"}],"wp:attachment":[{"href":"https:\/\/kasskoer.ee\/en\/wp-json\/wp\/v2\/media?parent=14574"}],"wp:term":[{"taxonomy":"product_cat","embeddable":true,"href":"https:\/\/kasskoer.ee\/en\/wp-json\/wp\/v2\/product_cat?post=14574"},{"taxonomy":"product_tag","embeddable":true,"href":"https:\/\/kasskoer.ee\/en\/wp-json\/wp\/v2\/product_tag?post=14574"}],"curies":[{"name":"wp","href":"https:\/\/api.w.org\/{rel}","templated":true}]}}