{"id":14576,"date":"2026-04-20T03:05:48","date_gmt":"2026-04-20T00:05:48","guid":{"rendered":"https:\/\/kasskoer.ee\/product\/cats-best-beez-kassitualeti-matt-xl-2\/"},"modified":"2026-04-20T03:05:50","modified_gmt":"2026-04-20T00:05:50","slug":"cats-best-beez-kassitualeti-matt-xl","status":"publish","type":"product","link":"https:\/\/kasskoer.ee\/en\/toode\/cats-best-beez-kassitualeti-matt-xl\/","title":{"rendered":"Cat&#8217;s Best bee\u017e kassitualeti matt XL"},"content":{"rendered":"<p><b>Cat&#8217;s Best bee\u017ei v\u00e4rvi kassitualeti matt.<\/b>&#13;<\/p>\n<li>Kogub endasse tolmu ja muu mustuse, mis muidu satuks elamisse.<\/li>\n<p>&#13;<\/p>\n<li>Lihtne puhastada.<\/li>\n<p>&#13;<\/p>\n<li>Libisemiskindel.<\/li>\n<p>&#13;<\/p>\n<li>Mustust ja vett h\u00fclgav.<\/li>\n<p>&#13;<\/p>\n<li>Pehme sinu lemmiku k\u00e4ppadele.<\/li>\n<p>&#13;<br \/>\n<br \/>&#13;<br \/>\n<b>M\u00f5\u00f5tmed<\/b><br \/>&#13;<br \/>\n60x36cm<\/p>\n","protected":false},"excerpt":{"rendered":"<p>Cat&#8217;s Best libisemiskindel matt.<\/p>\n","protected":false},"featured_media":14081,"template":"","meta":[],"product_cat":[1216],"product_tag":[],"class_list":{"0":"post-14576","1":"product","2":"type-product","3":"status-publish","4":"has-post-thumbnail","6":"product_cat-kasside-tarvikud","7":"pa_brand-cats-best","8":"pa_ean-2510","9":"pa_kaal-0-410","10":"pa_tootjariik-saksamaa","12":"first","13":"instock","14":"taxable","15":"shipping-taxable","16":"purchasable","17":"product-type-simple"},"_links":{"self":[{"href":"https:\/\/kasskoer.ee\/en\/wp-json\/wp\/v2\/product\/14576","targetHints":{"allow":["GET"]}}],"collection":[{"href":"https:\/\/kasskoer.ee\/en\/wp-json\/wp\/v2\/product"}],"about":[{"href":"https:\/\/kasskoer.ee\/en\/wp-json\/wp\/v2\/types\/product"}],"wp:featuredmedia":[{"embeddable":true,"href":"https:\/\/kasskoer.ee\/en\/wp-json\/wp\/v2\/media\/14081"}],"wp:attachment":[{"href":"https:\/\/kasskoer.ee\/en\/wp-json\/wp\/v2\/media?parent=14576"}],"wp:term":[{"taxonomy":"product_cat","embeddable":true,"href":"https:\/\/kasskoer.ee\/en\/wp-json\/wp\/v2\/product_cat?post=14576"},{"taxonomy":"product_tag","embeddable":true,"href":"https:\/\/kasskoer.ee\/en\/wp-json\/wp\/v2\/product_tag?post=14576"}],"curies":[{"name":"wp","href":"https:\/\/api.w.org\/{rel}","templated":true}]}}