{"id":14578,"date":"2026-04-20T03:05:48","date_gmt":"2026-04-20T00:05:48","guid":{"rendered":"https:\/\/kasskoer.ee\/product\/cats-best-roheline-kassiliivakuhvel-2\/"},"modified":"2026-04-20T03:05:50","modified_gmt":"2026-04-20T00:05:50","slug":"cats-best-roheline-kassiliivakuhvel","status":"publish","type":"product","link":"https:\/\/kasskoer.ee\/en\/toode\/cats-best-roheline-kassiliivakuhvel\/","title":{"rendered":"Cat&#8217;s Best roheline kassiliivak\u00fchvel"},"content":{"rendered":"<p><b>Cat&#8217;s Best kassiliivak\u00fchvel.<\/b>&#13;<\/p>\n<li>Eriti sobilik Cat&#8217;s Best Original ja Sensitive liivade kasutamisel &#8211; k\u00fchvli s\u00f5ela vahed on disainitud arvestades nende allapanude suurust.<\/li>\n<p>&#13;<\/p>\n<li>K\u00fchvlil on lisakraabits kangekaelse mustuse eemaldamiseks.<\/li>\n<p>&#13;<\/p>\n<li>Ergonoomiline ja eriti tugev.<\/li>\n<p>&#13;<\/p>\n<li>K\u00fchvli m\u00f5\u00f5tmed: 29,5 x 12,5cm.<\/li>\n","protected":false},"excerpt":{"rendered":"<p>Kvaliteetne rohelist v\u00e4rvi k\u00fchvel kassiliivakasti puhastamiseks.<\/p>\n","protected":false},"featured_media":14085,"template":"","meta":[],"product_cat":[1216],"product_tag":[],"class_list":{"0":"post-14578","1":"product","2":"type-product","3":"status-publish","4":"has-post-thumbnail","6":"product_cat-kasside-tarvikud","7":"pa_brand-cats-best","8":"pa_ean-2512","9":"pa_kaal-0-050","10":"pa_tootjariik-saksamaa","12":"first","13":"instock","14":"taxable","15":"shipping-taxable","16":"purchasable","17":"product-type-simple"},"_links":{"self":[{"href":"https:\/\/kasskoer.ee\/en\/wp-json\/wp\/v2\/product\/14578","targetHints":{"allow":["GET"]}}],"collection":[{"href":"https:\/\/kasskoer.ee\/en\/wp-json\/wp\/v2\/product"}],"about":[{"href":"https:\/\/kasskoer.ee\/en\/wp-json\/wp\/v2\/types\/product"}],"wp:featuredmedia":[{"embeddable":true,"href":"https:\/\/kasskoer.ee\/en\/wp-json\/wp\/v2\/media\/14085"}],"wp:attachment":[{"href":"https:\/\/kasskoer.ee\/en\/wp-json\/wp\/v2\/media?parent=14578"}],"wp:term":[{"taxonomy":"product_cat","embeddable":true,"href":"https:\/\/kasskoer.ee\/en\/wp-json\/wp\/v2\/product_cat?post=14578"},{"taxonomy":"product_tag","embeddable":true,"href":"https:\/\/kasskoer.ee\/en\/wp-json\/wp\/v2\/product_tag?post=14578"}],"curies":[{"name":"wp","href":"https:\/\/api.w.org\/{rel}","templated":true}]}}