{"id":14579,"date":"2026-04-20T03:05:48","date_gmt":"2026-04-20T00:05:48","guid":{"rendered":"https:\/\/kasskoer.ee\/product\/cats-best-universal-allapanu-lemmikloomadele-40l-22kg-2\/"},"modified":"2026-04-20T03:05:50","modified_gmt":"2026-04-20T00:05:50","slug":"cats-best-universal-allapanu-lemmikloomadele-40l","status":"publish","type":"product","link":"https:\/\/kasskoer.ee\/en\/toode\/cats-best-universal-allapanu-lemmikloomadele-40l\/","title":{"rendered":"Cat&#8217;s Best Universal allapanu lemmikloomadele 40L"},"content":{"rendered":"<p><b>Cat&#8217;s Best Universal 100% orgaaniline allapanu v\u00e4ikeloomadele.<\/b>&#13;<\/p>\n<li>Taimsetest kiududest mitmeotstarbeline h\u00fcgieeniline allapanu sobib h\u00e4sti majapidamistesse, kus on mitut t\u00fc\u00fcpi lemmikloomi.<\/li>\n<p>&#13;<\/p>\n<li>Okaspuudest graanulid on v\u00e4ga imavad ja seovad suurep\u00e4raselt ilma keemiliste lisanditeta l\u00f5hnu.<\/li>\n<p>&#13;<\/p>\n<li>Allapanu on tolmuvaba.<\/li>\n<p>&#13;<\/p>\n<li>Allapanu on biolagunev ja seet\u00f5ttu v\u00e4ga looduss\u00f5bralik.<\/li>\n","protected":false},"excerpt":{"rendered":"<p>Taimekiududest naturaalne allapanu v\u00e4ikeloomadele, lindudele ja kassidele.<\/p>\n","protected":false},"featured_media":14018,"template":"","meta":[],"product_cat":[689,565],"product_tag":[],"class_list":{"0":"post-14579","1":"product","2":"type-product","3":"status-publish","4":"has-post-thumbnail","6":"product_cat-kassid","7":"product_cat-kassiliivad","8":"pa_brand-cats-best","9":"pa_ean-2475","10":"pa_kaal-22-000","11":"pa_tootjariik-saksamaa","13":"first","14":"instock","15":"taxable","16":"shipping-taxable","17":"purchasable","18":"product-type-simple"},"_links":{"self":[{"href":"https:\/\/kasskoer.ee\/en\/wp-json\/wp\/v2\/product\/14579","targetHints":{"allow":["GET"]}}],"collection":[{"href":"https:\/\/kasskoer.ee\/en\/wp-json\/wp\/v2\/product"}],"about":[{"href":"https:\/\/kasskoer.ee\/en\/wp-json\/wp\/v2\/types\/product"}],"wp:featuredmedia":[{"embeddable":true,"href":"https:\/\/kasskoer.ee\/en\/wp-json\/wp\/v2\/media\/14018"}],"wp:attachment":[{"href":"https:\/\/kasskoer.ee\/en\/wp-json\/wp\/v2\/media?parent=14579"}],"wp:term":[{"taxonomy":"product_cat","embeddable":true,"href":"https:\/\/kasskoer.ee\/en\/wp-json\/wp\/v2\/product_cat?post=14579"},{"taxonomy":"product_tag","embeddable":true,"href":"https:\/\/kasskoer.ee\/en\/wp-json\/wp\/v2\/product_tag?post=14579"}],"curies":[{"name":"wp","href":"https:\/\/api.w.org\/{rel}","templated":true}]}}