{"id":14620,"date":"2026-04-20T03:05:48","date_gmt":"2026-04-20T00:05:48","guid":{"rendered":"https:\/\/kasskoer.ee\/product\/brit-animals-rat-taissoot-rottidele-15-kg-2\/"},"modified":"2026-04-20T03:05:51","modified_gmt":"2026-04-20T00:05:51","slug":"brit-animals-rat-taissoot-rottidele-15-kg","status":"publish","type":"product","link":"https:\/\/kasskoer.ee\/en\/toode\/brit-animals-rat-taissoot-rottidele-15-kg\/","title":{"rendered":"Brit Animals Rat t\u00e4iss\u00f6\u00f6t rottidele 1,5 kg"},"content":{"rendered":"<p><b>Brit Animals Rat superpremium-t\u00e4istoit rottidele.<\/b>&#13;<\/p>\n<li>Linaseeemned toetavad terve ja ilusa karva kasvu.<\/li>\n<p>&#13;<\/p>\n<li>Sisaldab t\u00e4\u00e4kliiliat v\u00e4ljaheidete ebameeldiva l\u00f5hna v\u00e4hendamiseks.<\/li>\n<p>&#13;<\/p>\n<li>Sisaldab metsmarju, mis toimivad naturaalsete antioks\u00fcdantidena.<\/li>\n<p>&#13;<br \/>\n<br \/>&#13;<br \/>\n<b>Koostis<\/b><br \/>&#13;<br \/>\nOder (25%), nisu, mais, deh\u00fcdreeritud kanajahu, lutsern, kaer (7%), kuivatatud \u00f5unad, linaseemned, porgand, \u00f5llep\u00e4rm, mannan-oligosahhariidid (75 mg\/kg), fruktooligosahhariidid (50 mg\/kg), Yucca schidigera ekstrakt (45 mg\/kg), metsmarjade segu (j\u00f5hvikad, mustikad, vaarikad, 40 mg\/kg).<br \/>&#13;<br \/>\n<br \/>&#13;<br \/>\n<b>Anal\u00fc\u00fctilised koostisosad<\/b><br \/>&#13;<br \/>\nToorvalk 15.0%, toorrasv 5.0%, toorkiud 6.0%, toortuhk 4.5%, niiskus 10.0%, kaltsium 0.7%, fosfor 0.5%, naatrium 0.05%.<br \/>&#13;<br \/>\n<br \/>&#13;<br \/>\n<b>S\u00f6\u00f6dalisandid (kg kohta)<\/b><br \/>&#13;<br \/>\nToitainelised lisandid: A-vitamiin 10 200 R\u00dc, D3-vitamiin 1 250 R\u00dc, E-vitamiin (alfatokoferool) 70 mg, C-vitamiin 80 mg, K-vitamiin 0,1 mg, B1-vitamiin 1 mg, B2-vitamiin 2 mg, B3-vitamiin 6 mg, B5-vitamiin 3,5 mg, B6-vitamiin 1 mg, B9-vitamiin 0,12 mg, B12-vitamiin 0,02 mg, biotiin 1 mg, koliinkloriid 200 mg, tsink 72 mg, raud 40 mg, mangaan 54 mg, vask 10 mg, jood 1,8 mg, seleen 0,21 mg.<br \/>&#13;<br \/>\n<br \/>&#13;<br \/>\n<b>Metaboliseeruv energia<\/b><br \/>&#13;<br \/>\n3200 kcal\/kg<\/p>\n","protected":false},"excerpt":{"rendered":"<p>Brit Animals t\u00e4iss\u00f6\u00f6t rottidele.<\/p>\n","protected":false},"featured_media":10924,"template":"","meta":[],"product_cat":[693,3078,52],"product_tag":[],"class_list":{"0":"post-14620","1":"product","2":"type-product","3":"status-publish","4":"has-post-thumbnail","6":"product_cat-muud-loomad","7":"product_cat-narilised","8":"product_cat-nariliste-toit","9":"pa_brand-brit-animals","10":"pa_ean-2450","11":"pa_kaal-1-500","12":"pa_tootjariik-tsehhi","14":"first","15":"instock","16":"taxable","17":"shipping-taxable","18":"purchasable","19":"product-type-simple"},"_links":{"self":[{"href":"https:\/\/kasskoer.ee\/en\/wp-json\/wp\/v2\/product\/14620","targetHints":{"allow":["GET"]}}],"collection":[{"href":"https:\/\/kasskoer.ee\/en\/wp-json\/wp\/v2\/product"}],"about":[{"href":"https:\/\/kasskoer.ee\/en\/wp-json\/wp\/v2\/types\/product"}],"wp:featuredmedia":[{"embeddable":true,"href":"https:\/\/kasskoer.ee\/en\/wp-json\/wp\/v2\/media\/10924"}],"wp:attachment":[{"href":"https:\/\/kasskoer.ee\/en\/wp-json\/wp\/v2\/media?parent=14620"}],"wp:term":[{"taxonomy":"product_cat","embeddable":true,"href":"https:\/\/kasskoer.ee\/en\/wp-json\/wp\/v2\/product_cat?post=14620"},{"taxonomy":"product_tag","embeddable":true,"href":"https:\/\/kasskoer.ee\/en\/wp-json\/wp\/v2\/product_tag?post=14620"}],"curies":[{"name":"wp","href":"https:\/\/api.w.org\/{rel}","templated":true}]}}