{"id":14623,"date":"2026-04-20T03:05:48","date_gmt":"2026-04-20T00:05:48","guid":{"rendered":"https:\/\/kasskoer.ee\/product\/kong-squeakair-pallid-koerale-3tk-2\/"},"modified":"2026-04-20T03:05:51","modified_gmt":"2026-04-20T00:05:51","slug":"kong-squeakair-pallid-koerale-3tk","status":"publish","type":"product","link":"https:\/\/kasskoer.ee\/en\/toode\/kong-squeakair-pallid-koerale-3tk\/","title":{"rendered":"KONG SqueakAir pallid koerale 3tk"},"content":{"rendered":"<p><b>KONG SqueakAir pallide komplekt koertele.<\/b>&#13;<\/p>\n<li>\u00dchendab kaks klassikalist koeram\u00e4nguasja \u2013 tennisepalli ja piiksuva m\u00e4nguasja.<\/li>\n<p>&#13;<\/p>\n<li>Valmistatud materjalist, mis ei kahjusta teie lemmiku hambaid.<\/li>\n<p>&#13;<\/p>\n<li>Vajutades teeb pall piiksuvat heli.<\/li>\n<p>&#13;<\/p>\n<li>Pakis on 3 palli, \u00fche palli m\u00f5\u00f5dud on 2,5 tolli (6,35 cm).<\/li>\n","protected":false},"excerpt":{"rendered":"<p>Kong pallide komplekt koerale.<\/p>\n","protected":false},"featured_media":10930,"template":"","meta":[],"product_cat":[1326,688],"product_tag":[],"class_list":{"0":"post-14623","1":"product","2":"type-product","3":"status-publish","4":"has-post-thumbnail","6":"product_cat-koerte-manguasjad","7":"product_cat-koerad","8":"pa_brand-kong","9":"pa_ean-2439","10":"pa_kaal-0-160","11":"pa_tootjariik-hiina","13":"first","14":"instock","15":"taxable","16":"shipping-taxable","17":"purchasable","18":"product-type-simple"},"_links":{"self":[{"href":"https:\/\/kasskoer.ee\/en\/wp-json\/wp\/v2\/product\/14623","targetHints":{"allow":["GET"]}}],"collection":[{"href":"https:\/\/kasskoer.ee\/en\/wp-json\/wp\/v2\/product"}],"about":[{"href":"https:\/\/kasskoer.ee\/en\/wp-json\/wp\/v2\/types\/product"}],"wp:featuredmedia":[{"embeddable":true,"href":"https:\/\/kasskoer.ee\/en\/wp-json\/wp\/v2\/media\/10930"}],"wp:attachment":[{"href":"https:\/\/kasskoer.ee\/en\/wp-json\/wp\/v2\/media?parent=14623"}],"wp:term":[{"taxonomy":"product_cat","embeddable":true,"href":"https:\/\/kasskoer.ee\/en\/wp-json\/wp\/v2\/product_cat?post=14623"},{"taxonomy":"product_tag","embeddable":true,"href":"https:\/\/kasskoer.ee\/en\/wp-json\/wp\/v2\/product_tag?post=14623"}],"curies":[{"name":"wp","href":"https:\/\/api.w.org\/{rel}","templated":true}]}}