{"id":14625,"date":"2026-04-20T03:05:51","date_gmt":"2026-04-20T00:05:51","guid":{"rendered":"https:\/\/kasskoer.ee\/product\/select-kitten-konserv-kassipoegadele-95g-2\/"},"modified":"2026-04-20T03:05:52","modified_gmt":"2026-04-20T00:05:52","slug":"select-kitten-konserv-kassipoegadele-95g","status":"publish","type":"product","link":"https:\/\/kasskoer.ee\/en\/toode\/select-kitten-konserv-kassipoegadele-95g\/","title":{"rendered":"Select Kitten konserv kassipoegadele 95g"},"content":{"rendered":"<p><b>Picart Select teraviljavaba konserv kana ja veisega. T\u00e4iss\u00f6\u00f6t kuni 12 kuu vanustele kassipoegadele.<\/b>&#13;<\/p>\n<li>Spetsiaalne koostis, mis on rikastatud valkude, rasvade, vitamiinide ja mineraalidega, toetamaks kassipoja arengut.<\/li>\n<p>&#13;<\/p>\n<li>Sisaldab 65% liha.<\/li>\n<p>&#13;<\/p>\n<li>L\u00f5he\u00f5list saadavad rasvhapped toetavad tervet nahka ja karva ning ajufunktsioonide arendamist.<\/li>\n<p>&#13;<\/p>\n<li>Teraviljavaba.<\/li>\n<p>&#13;<\/p>\n<li>S\u00e4ilitus- ja v\u00e4rvainetevaba.<\/li>\n<p>&#13;<br \/>\n<br \/>&#13;<br \/>\n<b>Koostis<\/b><br \/>&#13;<br \/>\nKana (40%), veis (25%), l\u00f5he\u00f5li, mineraalid.<br \/>&#13;<br \/>\n<br \/>&#13;<br \/>\n<b>Anal\u00fc\u00fctiline koostis<\/b><br \/>&#13;<br \/>\nToorvalk 10.2%, toorrasv 8.6%, toortuhk 2.8%, toorkiud 0.5%, niiskus 76%.<br \/>&#13;<br \/>\n<br \/>&#13;<br \/>\n<b>S\u00f6\u00f6dalisandid<\/b><br \/>&#13;<br \/>\nVitamiin A 1200 R\u00dc, vitamiin E 3 R\u00dc, vitamiin B1 2.74 mg, vitamiin B2 1.90 mg, vitamiin B3 12.27 mg, vitamiin B5 11.69 mg, vitamiin B6 2.13 mg, biotiin 0.35 mg, foolhape 0.59 mg, vitamiin B12 0.05 mg, koliinkloriid 133 mg, tauriin 230 mg.<\/p>\n","protected":false},"excerpt":{"rendered":"<p>Select super-premium teraviljavaba konserv kassipoegadele.<\/p>\n","protected":false},"featured_media":10934,"template":"","meta":[],"product_cat":[689,33],"product_tag":[],"class_list":{"0":"post-14625","1":"product","2":"type-product","3":"status-publish","4":"has-post-thumbnail","6":"product_cat-kassid","7":"product_cat-konservid-kassidele","8":"pa_brand-select","9":"pa_ean-2432","10":"pa_kaal-0-095","11":"pa_tootjariik-hispaania","13":"first","14":"instock","15":"taxable","16":"shipping-taxable","17":"purchasable","18":"product-type-simple"},"_links":{"self":[{"href":"https:\/\/kasskoer.ee\/en\/wp-json\/wp\/v2\/product\/14625","targetHints":{"allow":["GET"]}}],"collection":[{"href":"https:\/\/kasskoer.ee\/en\/wp-json\/wp\/v2\/product"}],"about":[{"href":"https:\/\/kasskoer.ee\/en\/wp-json\/wp\/v2\/types\/product"}],"wp:featuredmedia":[{"embeddable":true,"href":"https:\/\/kasskoer.ee\/en\/wp-json\/wp\/v2\/media\/10934"}],"wp:attachment":[{"href":"https:\/\/kasskoer.ee\/en\/wp-json\/wp\/v2\/media?parent=14625"}],"wp:term":[{"taxonomy":"product_cat","embeddable":true,"href":"https:\/\/kasskoer.ee\/en\/wp-json\/wp\/v2\/product_cat?post=14625"},{"taxonomy":"product_tag","embeddable":true,"href":"https:\/\/kasskoer.ee\/en\/wp-json\/wp\/v2\/product_tag?post=14625"}],"curies":[{"name":"wp","href":"https:\/\/api.w.org\/{rel}","templated":true}]}}