{"id":14626,"date":"2026-04-20T03:05:51","date_gmt":"2026-04-20T00:05:51","guid":{"rendered":"https:\/\/kasskoer.ee\/product\/brit-premium-sterilised-family-multipakk-margtoit-kassidele-12x100g-2\/"},"modified":"2026-04-20T03:05:52","modified_gmt":"2026-04-20T00:05:52","slug":"brit-premium-sterilised-family-multipakk-margtoit-kassidele-12x100g","status":"publish","type":"product","link":"https:\/\/kasskoer.ee\/en\/toode\/brit-premium-sterilised-family-multipakk-margtoit-kassidele-12x100g\/","title":{"rendered":"Brit Premium Sterilised Family multipakk m\u00e4rgtoit kassidele 12x100g"},"content":{"rendered":"<p><b>T\u00e4iskasvanud steriliseeritud kassidele m\u00f5eldud lihat\u00fckid kastmes. Multipakk sisaldab nelja sorti erineva lihaga pakikest: 3 tk kanaga, 3 tk lambaga, 3 tk maksaga, 3 tk l\u00f5hega. Premium m\u00e4rg-t\u00e4iss\u00f6\u00f6t t\u00e4iskasvanud kassidele.<\/b><br \/>&#13;<br \/>\n<br \/>&#13;<\/p>\n<li>\u00d5rnad ja mahlased lihat\u00fckid pakuvad kassile toiduelamuse.<\/li>\n<p>&#13;<\/p>\n<li>Sisaldab vitamiine ja mineraalaineid.<\/li>\n<p>&#13;<\/p>\n<li>Ei sisalda toiduv\u00e4rve.<\/li>\n<p>&#13;<\/p>\n<li>Ei sisalda s\u00e4ilitusaineid.<\/li>\n<p>&#13;<br \/>\n<br \/>&#13;<br \/>\n<b>Koostis<\/b><br \/>&#13;<br \/>\n<b>Kanaga<\/b> &#8211; liha ja loomset p\u00e4ritolu saadused (87,5% t\u00fckkidena, millest 50% on kana), taimset p\u00e4ritolu saadused (0,4% inuliini), mineraalid.&#13;<br \/>\n<br \/>&#13;<br \/>\n<b>Lambaga<\/b> &#8211; liha ja loomset p\u00e4ritolu saadused (87% t\u00fckkidena, millest 9,3% on lammas), taimset p\u00e4ritolu saadused (0,4% inuliini), mineraalid.&#13;<br \/>\n<br \/>&#13;<br \/>\n<b>Maksaga<\/b> &#8211; liha ja loomset p\u00e4ritolu saadused (87% t\u00fckkidena, millest 12% on maks), taimset p\u00e4ritolu saadused (0,4% inuliini), mineraalid.&#13;<br \/>\n<br \/>&#13;<br \/>\n<b>L\u00f5hega<\/b> &#8211; liha ja loomset p\u00e4ritolu saadused (78% t\u00fckkidena), kala ja kalasaadused (9,3% l\u00f5he t\u00fckkidena), taimset p\u00e4ritolu saadused (0,4% inuliini), mineraalid.<br \/>&#13;<br \/>\n<br \/>&#13;<br \/>\n<b>Anal\u00fc\u00fctilised koostisosad<\/b><br \/>&#13;<br \/>\nToorvalk 8,5%, toorrasv 3%, toortuhk 2,5%, toorkiud 1%, niiskus 82%.<br \/>&#13;<br \/>\n<br \/>&#13;<br \/>\n<b>S\u00f6\u00f6dalisandid<\/b><br \/>&#13;<br \/>\nVitamiin D3 (3a671) 160 R\u00dc, vitamiin E (3a700) 100 mg, tsink (3b605) 10 mg, mangaan (3b502) 2 mg, vask (3b405) 1,2 mg, jood (3b202) 0,2 mg, tauriin (3a370) 520 mg, biotiin 0,1 mg.<br \/>&#13;<br \/>\n<br \/>&#13;<br \/>\n<b>Toitmisteave<\/b><br \/>&#13;<br \/>\nServeerige toit toatemperatuuril. Avatuna hoida k\u00fclmkapis. Veenduge, et teie lemmikloomal on alati v\u00e4rske joogivesi.<\/p>\n","protected":false},"excerpt":{"rendered":"<p>Brit Premium einekotikeste multipakk t\u00e4iskasvanud steriliseeritud kassidele.<\/p>\n","protected":false},"featured_media":10936,"template":"","meta":[],"product_cat":[689,33],"product_tag":[],"class_list":{"0":"post-14626","1":"product","2":"type-product","3":"status-publish","4":"has-post-thumbnail","6":"product_cat-kassid","7":"product_cat-konservid-kassidele","8":"pa_brand-brit-premium","9":"pa_ean-2421","10":"pa_kaal-1-200","11":"pa_tootjariik-euroopa-liit","13":"first","14":"instock","15":"taxable","16":"shipping-taxable","17":"purchasable","18":"product-type-simple"},"_links":{"self":[{"href":"https:\/\/kasskoer.ee\/en\/wp-json\/wp\/v2\/product\/14626","targetHints":{"allow":["GET"]}}],"collection":[{"href":"https:\/\/kasskoer.ee\/en\/wp-json\/wp\/v2\/product"}],"about":[{"href":"https:\/\/kasskoer.ee\/en\/wp-json\/wp\/v2\/types\/product"}],"wp:featuredmedia":[{"embeddable":true,"href":"https:\/\/kasskoer.ee\/en\/wp-json\/wp\/v2\/media\/10936"}],"wp:attachment":[{"href":"https:\/\/kasskoer.ee\/en\/wp-json\/wp\/v2\/media?parent=14626"}],"wp:term":[{"taxonomy":"product_cat","embeddable":true,"href":"https:\/\/kasskoer.ee\/en\/wp-json\/wp\/v2\/product_cat?post=14626"},{"taxonomy":"product_tag","embeddable":true,"href":"https:\/\/kasskoer.ee\/en\/wp-json\/wp\/v2\/product_tag?post=14626"}],"curies":[{"name":"wp","href":"https:\/\/api.w.org\/{rel}","templated":true}]}}