{"id":14627,"date":"2026-04-20T03:05:51","date_gmt":"2026-04-20T00:05:51","guid":{"rendered":"https:\/\/kasskoer.ee\/product\/brit-veterinary-diet-recovery-konserv-koertele-ja-kassidele-400g-2\/"},"modified":"2026-04-20T03:05:52","modified_gmt":"2026-04-20T00:05:52","slug":"brit-veterinary-diet-recovery-konserv-koertele-ja-kassidele-400g","status":"publish","type":"product","link":"https:\/\/kasskoer.ee\/en\/toode\/brit-veterinary-diet-recovery-konserv-koertele-ja-kassidele-400g\/","title":{"rendered":"Brit Veterinary Diet Recovery konserv koertele ja kassidele 400g"},"content":{"rendered":"<p><b>Brit Recovery t\u00e4isdieettoit toitainete taastamiseks organismis peale rasket haigust v\u00f5i operatsiooni koertele ja kassidele.<\/b><br \/>&#13;<br \/>\n<br \/>&#13;<br \/>\n<b>N\u00e4idustused<\/b>&#13;<\/p>\n<li>Taastumise ajal.<\/li>\n<p>&#13;<\/p>\n<li>Taastumine p\u00e4rast operatsiooni v\u00f5i rasket haigust.<\/li>\n<p>&#13;<\/p>\n<li>V\u00e4henenud s\u00f6\u00f6giisu.<\/li>\n<p>&#13;<br \/>\n<br \/>&#13;<br \/>\n<b>Koostis<\/b><br \/>&#13;<br \/>\nL\u00f5he (30%), kanamaks (25%), l\u00f5he\u00f5li (2%), hernejahu, \u00f5llep\u00e4rm (1,5%), lignotselluloos, kaltsiumkarbonaat, kuivatatud vetikad (0,5%, Schizochytrium limacinum), ps\u00fclliumi kestad ja seemned (0,5%), kuivatatud vetikad (0,5%, Ascophyllum nodosum), mannan-oligosahhariidid (0,006%), \u03b2-gl\u00fckaanid (0,005%), frukto-oligosahhariidid (0,005%), Mojave yucca (0,005%), kuivatatud astelpaju (0,004%).&#13;<br \/>\n<br \/>&#13;<br \/>\n<br \/><b>Anal\u00fc\u00fctilised koostisosad<\/b><br \/>&#13;<br \/>\nToorvalk 9,0 %, toorrasv 8,0 %, toortuhk 1,5 %, niiskus 80,0 %, toorkiud 1,5 %, kaltsium 0,1 %, fosfor 0,25 %, naatrium 0,2 %, magneesium 0,1 %, EPA (20:5 n-3) 0,01 %, DHA (22:6 n-3) 0,15 %, oomega-3 rasvhapped 0,3 %, oomega-6 rasvhapped 0,2 %.&#13;<br \/>\n<br \/>&#13;<br \/>\n<br \/><b>S\u00f6\u00f6dalisandid<\/b><br \/>&#13;<br \/>\nVitamiin A (3a672a) 5 000 R\u00dc, vitamiin D3 (3a671) 350 R\u00dc, vitamiin E (3a700) 200 mg, vitamiin C (3a312) 150 mg, biotiin (3a880) 0,7 mg, tsink (3b606) 55 mg, raud (3b106) 20 mg, mangaan (3b504) 20 mg, kaaliumjodiid (3b201) 1,3 mg, vask (3b406) 4 mg, seleen (3b8.10) 0,05 mg, tauriin (3a370) 1 500 mg, mononaatriumglutamaat (2b621) 3 000 mg, L-arginiin (3c3.6.1) 1 000 mg, L-metioniin (3c305) 2 000 mg. Tehnoloogilised lisaained 1 kg kohta: jaanileivapuujahu (E 410) 5 000 mg.<br \/>&#13;<br \/>\n<br \/><b>Metaboliseeruv energia<\/b><br \/>&#13;<br \/>\n1090 kcal\/kg<br \/>&#13;<br \/>\n<br \/>&#13;<br \/>\n<b>S\u00f6\u00f6tmisjuhend<\/b><br \/>&#13;<br \/>\nKonsulteerige enne Brit VD toidu kasutamist oma veterinaararstiga. Kasutage esialgu taastumisperioodil v\u00f5i vajaliku kaalu saavutamiseks.<br \/>&#13;<br \/>\n<br \/><b>Soovituslik p\u00e4evane kogus<\/b>&#13;<\/p>\n<figure class=\"table\">\n<table>\n<tbody>\n<tr>\n<td><strong>Koera kaal (kg)<\/strong><\/td>\n<td>5-10<\/td>\n<td>10-30<\/td>\n<td>30-60<\/td>\n<\/tr>\n<tr>\n<td><strong>P\u00e4evane kogus (g\/p\u00e4evas)<\/strong><\/td>\n<td>200-400<\/td>\n<td>400-800<\/td>\n<td>800-1300<\/td>\n<\/tr>\n<tr>\n<td><strong>Kassi kaal (kg)<\/strong><\/td>\n<td>2<\/td>\n<td>4<\/td>\n<td>6<\/td>\n<td>10<\/td>\n<\/tr>\n<tr>\n<td><strong>P\u00e4evane kogus (g\/p\u00e4evas)<\/strong><\/td>\n<td>200<\/td>\n<td>350<\/td>\n<td>450<\/td>\n<td>600<\/td>\n<\/tr>\n<\/tbody>\n<\/table>\n<\/figure>\n","protected":false},"excerpt":{"rendered":"<p>Brit Veterinary taastumist toetav konserv koertele ja kassidele.<\/p>\n","protected":false},"featured_media":10938,"template":"","meta":[],"product_cat":[688,106],"product_tag":[],"class_list":{"0":"post-14627","1":"product","2":"type-product","3":"status-publish","4":"has-post-thumbnail","6":"product_cat-koerad","7":"product_cat-konservid-koertele","8":"pa_brand-brit-gf-veterinary-diet","9":"pa_ean-2422","10":"pa_kaal-0-400","11":"pa_tootjariik-tsehhi","13":"first","14":"instock","15":"taxable","16":"shipping-taxable","17":"purchasable","18":"product-type-simple"},"_links":{"self":[{"href":"https:\/\/kasskoer.ee\/en\/wp-json\/wp\/v2\/product\/14627","targetHints":{"allow":["GET"]}}],"collection":[{"href":"https:\/\/kasskoer.ee\/en\/wp-json\/wp\/v2\/product"}],"about":[{"href":"https:\/\/kasskoer.ee\/en\/wp-json\/wp\/v2\/types\/product"}],"wp:featuredmedia":[{"embeddable":true,"href":"https:\/\/kasskoer.ee\/en\/wp-json\/wp\/v2\/media\/10938"}],"wp:attachment":[{"href":"https:\/\/kasskoer.ee\/en\/wp-json\/wp\/v2\/media?parent=14627"}],"wp:term":[{"taxonomy":"product_cat","embeddable":true,"href":"https:\/\/kasskoer.ee\/en\/wp-json\/wp\/v2\/product_cat?post=14627"},{"taxonomy":"product_tag","embeddable":true,"href":"https:\/\/kasskoer.ee\/en\/wp-json\/wp\/v2\/product_tag?post=14627"}],"curies":[{"name":"wp","href":"https:\/\/api.w.org\/{rel}","templated":true}]}}