{"id":14628,"date":"2026-04-20T03:05:51","date_gmt":"2026-04-20T00:05:51","guid":{"rendered":"https:\/\/kasskoer.ee\/product\/brit-veterinary-diet-renal-erisoot-kassidele-5kg-2\/"},"modified":"2026-04-20T03:05:52","modified_gmt":"2026-04-20T00:05:52","slug":"brit-veterinary-diet-renal-erisoot-kassidele-5kg","status":"publish","type":"product","link":"https:\/\/kasskoer.ee\/en\/toode\/brit-veterinary-diet-renal-erisoot-kassidele-5kg\/","title":{"rendered":"Brit Veterinary Diet Renal eris\u00f6\u00f6t kassidele 5kg"},"content":{"rendered":"<p><b>Brit Renal t\u00e4isdieettoit neerude talitluse toetamiseks neerutalitluse h\u00e4iretega ja kroonilise neerupuudulikkusega kassidele.<\/b><br \/>&#13;<br \/>\n<br \/>&#13;<br \/>\n<b>N\u00e4idustused<\/b>&#13;<\/p>\n<li>Krooniline neerupuudulikkus.<\/li>\n<p>&#13;<\/p>\n<li>Kardiorenaalne s\u00fcndroom.<\/li>\n<p>&#13;<\/p>\n<li>Uraat- ja ts\u00fcstiinkividega urolitiaas.<\/li>\n<p>&#13;<br \/>\n<br \/>&#13;<br \/>\n<b>Koostis<\/b><br \/>&#13;<br \/>\nMunad (26%), kollased herned (25%), h\u00fcdrol\u00fc\u00fcsitud l\u00f5hevalk (10%), h\u00fcdrol\u00fc\u00fcsitud kanavalk (8%), kanarasv (8%), tatar, \u00f5una viljaliha, l\u00f5he\u00f5li (2%), h\u00fcdrol\u00fc\u00fcsitud kanamaks (2%), munakoored (kaltsiumi allikas), mineraalid, \u00f5llep\u00e4rm, kaaliumtsitraat (0,8%), ps\u00fclliumi kestad ja seemned (0,5%), kuivatatud vetikad (0,5%, Ascophyllum nodosum), kitosaan (0,08%), p\u00e4rmiekstrakt (mannaan-oligosahhariidide allikas, 0,025%), beeta-gl\u00fckaanid (0,022%), frukto-oligosahhariidid (0,02%), Mohaave t\u00e4\u00e4kliilia (0,02%), astelpaju (0,015%).&#13;<br \/>\n<br \/>&#13;<br \/>\n<br \/><b>Anal\u00fc\u00fctilised koostisosad<\/b><br \/>&#13;<br \/>\nToorvalk 23,0 %, toorrasv 19,0 %, toorkiud 2,2 %, toortuhk 5,2 %, niiskus 10 %, oomega-3 0,75 %, oomega-6 3,0 %, kaltsium 0,7 %, fosfor 0,4 %, naatrium 0,3 %, magneesium 0,08 %, kaalium 0,5 %, arginiin 0,65 %, tauriin 0,23 %.&#13;<br \/>\n<br \/>&#13;<br \/>\n<br \/><b>S\u00f6\u00f6dalisandid<\/b><br \/>&#13;<br \/>\nVitamiin A (3a672a) 25 000 R\u00dc, vitamiin D3 (E671) 850 R\u00dc, vitamiin E (3a700) 1 000 mg, vitamiin C (3a312) 400 mg, koliinkloriid (3a890) 2 300 mg, biotiin (3a880) 3 mg, vitamiin B1 (3a821) 10 mg, vitamiin B2 30 mg, niatsiinamiid (3a315) 100 mg, kaltsium-D-pantotenaat (3a841) 60 mg, vitamiin B6 (3a831) 35 mg, foolhape (3a316) 15 mg, vitamiin B12 0,18 mg, tsinkkelaadi aminohapete h\u00fcdraat (3b606) 120 mg, rauakelaadi aminohapete h\u00fcdraat (E1) 60 mg, mangaankelaat aminohapete h\u00fcdraadist (E5) 60 mg, kaaliumjodiid (3b201) 4 mg, vaskkelaadi aminohapete h\u00fcdraat (E4) 3,5 mg, orgaaniline Seleen, mis on toodetud Saccaromyces cerevisiae CNCM I-3060 poolt (seleenitud p\u00e4rm, inaktiveeritud) (3b8.10) 0,2 mg, tauriin (3a370) 2 300 mg, L-karnitiin (3a910) 230 mg, arginiin (3c3.6.1) 3 200 mg, L-metioniin (3c305) 4 000 mg. Soolefloora stabilisaatorid 1 kg kohta: Enterococcus faecium DSM 10663\/NCIMB 10415 (4b1707) 1&#215;109 CFU.<br \/>&#13;<br \/>\n<br \/><b>Metaboliseeruv energia<\/b><br \/>&#13;<br \/>\n4000 kcal\/kg<br \/>&#13;<br \/>\n<br \/>&#13;<br \/>\n<b>S\u00f6\u00f6tmisjuhend<\/b><br \/>&#13;<br \/>\nKonsulteerige enne Brit VD toidu kasutamist oma veterinaararstiga. Enamik kroonilist neerupuudulikkus p\u00f5devaid kasse kannatab isupuuduse v\u00f5i anoreksia all, mis on tingitud seedetrakti limaskesti \u00e4rritavatest ureemilistest toksiinidest. Isupuuduse ajal toimuv valkude katabolism suurendab ureemiliste toksiinide tootmist ja halvendab seisundit. Seet\u00f5ttu on vajalik s\u00e4ilitada toidu tarbimist ja minna j\u00e4rk-j\u00e4rgult \u00fcle eelmiselt toidult kassitoidule Brit VD Renal Cat.<br \/>&#13;<br \/>\n<br \/>&#13;<br \/>\n<b>Soovituslik p\u00e4evane kogus<\/b>&#13;<\/p>\n<figure class=\"table\">\n<table>\n<tbody>\n<tr>\n<td><strong>Kassi kaal (kg)<\/strong><\/td>\n<td>2<\/td>\n<td>3<\/td>\n<td>4<\/td>\n<td>5<\/td>\n<td>6<\/td>\n<td>8<\/td>\n<td>10<\/td>\n<td>12<\/td>\n<\/tr>\n<tr>\n<td><strong>P\u00e4evane kogus (g\/p\u00e4evas)<\/strong><\/td>\n<td>55<\/td>\n<td>65<\/td>\n<td>75<\/td>\n<td>80<\/td>\n<td>85<\/td>\n<td>95<\/td>\n<td>105<\/td>\n<td>120<\/td>\n<\/tr>\n<\/tbody>\n<\/table>\n<\/figure>\n","protected":false},"excerpt":{"rendered":"<p>Brit Veterinary neerude talitlust toetav kassitoit.<\/p>\n","protected":false},"featured_media":10940,"template":"","meta":[],"product_cat":[689,75],"product_tag":[],"class_list":{"0":"post-14628","1":"product","2":"type-product","3":"status-publish","4":"has-post-thumbnail","6":"product_cat-kassid","7":"product_cat-kassitoit","8":"pa_brand-brit-gf-veterinary-diet","9":"pa_ean-2396","10":"pa_kaal-5-000","11":"pa_tootjariik-tsehhi","13":"first","14":"instock","15":"taxable","16":"shipping-taxable","17":"purchasable","18":"product-type-simple"},"_links":{"self":[{"href":"https:\/\/kasskoer.ee\/en\/wp-json\/wp\/v2\/product\/14628","targetHints":{"allow":["GET"]}}],"collection":[{"href":"https:\/\/kasskoer.ee\/en\/wp-json\/wp\/v2\/product"}],"about":[{"href":"https:\/\/kasskoer.ee\/en\/wp-json\/wp\/v2\/types\/product"}],"wp:featuredmedia":[{"embeddable":true,"href":"https:\/\/kasskoer.ee\/en\/wp-json\/wp\/v2\/media\/10940"}],"wp:attachment":[{"href":"https:\/\/kasskoer.ee\/en\/wp-json\/wp\/v2\/media?parent=14628"}],"wp:term":[{"taxonomy":"product_cat","embeddable":true,"href":"https:\/\/kasskoer.ee\/en\/wp-json\/wp\/v2\/product_cat?post=14628"},{"taxonomy":"product_tag","embeddable":true,"href":"https:\/\/kasskoer.ee\/en\/wp-json\/wp\/v2\/product_tag?post=14628"}],"curies":[{"name":"wp","href":"https:\/\/api.w.org\/{rel}","templated":true}]}}